{"id":4929,"date":"2020-03-19T20:38:46","date_gmt":"2020-03-19T19:38:46","guid":{"rendered":"http:\/\/www.mg-modelleisenbahnbau.de\/?post_type=product&#038;p=4929"},"modified":"2025-06-29T21:05:52","modified_gmt":"2025-06-29T19:05:52","slug":"4470-n-digital-form-hauptsignal-einfluegelig","status":"publish","type":"product","link":"https:\/\/www.mg-modelleisenbahnbau.de\/startseite-2\/produkt\/4470-n-digital-form-hauptsignal-einfluegelig\/","title":{"rendered":"4470 N Digital Form-Hauptsignal, einfl\u00fcgelig"},"content":{"rendered":"<div class=\"content--description\">\n<div class=\"content--title\">Produktinformationen &#8222;N Digital Form-Hauptsignal, einfl\u00fcgelig&#8220;<\/div>\n<div class=\"product--description\">Mit filigranem Gittermast aus Messing in originalgetreuer Lackierung. Bedruckte Signalfl\u00fcgel. Leistungsstarker und ger\u00e4uscharmer motorischer Antrieb. Integrierter Multiprotokoll-Digitaldecoder f\u00fcr DCC und MM sorgt f\u00fcr besonders vorbildgerechte Fl\u00fcgelbewegung. Nachwippen des Signalfl\u00fcgels kann individuell eingestellt werden. Im Auslieferungszustand ist Nachwippen bereits eingestellt. Kompakter 4,5 mm hoher Oberflurantrieb ist inklusive Decoder am Mastfu\u00df des Signals untergebracht. Wartungsfrei dank LED-Beleuchtung. F\u00fcr Analog- und Digitalbetrieb geeignet. Konfigurierbare Schaltausg\u00e4nge k\u00f6nnen Relais schalten, z. B. f\u00fcr Zugbeeinflussung. R\u00fcckmeldung via RailCom. Signalbilder Hp0 und Hp1. H\u00f6he: 7,2 cm. Antrieb: L 3,5 x B 1,6 x H 0,45 cm.<\/div>\n<h3><span class=\"delivery--text delivery--text-more-is-coming\" style=\"color: #ff9900;\"><strong>Voraussichtlich verf\u00fcgbar ab (ohne Gew\u00e4hr): 30. Juni 2020<\/strong> <\/span><\/h3>\n<\/div>\n","protected":false},"excerpt":{"rendered":"<p>Produktinformationen &#8222;N Digital Form-Hauptsignal, einfl\u00fcgelig&#8220; Mit filigranem Gittermast aus Messing in originalgetreuer Lackierung. Bedruckte Signalfl\u00fcgel. Leistungsstarker und ger\u00e4uscharmer motorischer Antrieb. Integrierter Multiprotokoll-Digitaldecoder f\u00fcr DCC und MM sorgt f\u00fcr besonders vorbildgerechte Fl\u00fcgelbewegung. Nachwippen des Signalfl\u00fcgels kann individuell eingestellt werden. Im Auslieferungszustand ist Nachwippen bereits eingestellt. Kompakter 4,5 mm hoher Oberflurantrieb ist inklusive Decoder am Mastfu\u00df des&#8230;<\/p>\n","protected":false},"featured_media":4930,"comment_status":"open","ping_status":"closed","template":"","meta":[],"product_brand":[],"product_cat":[140,38,37,138],"product_tag":[292,291],"class_list":{"0":"post-4929","1":"product","2":"type-product","3":"status-publish","4":"has-post-thumbnail","6":"product_cat-formsignale-n","7":"product_cat-unkategorisiert","8":"product_cat-viessmann","9":"product_cat-viessmann-spur-n","10":"product_tag-kein-spielzeug-nicht-geeignet-fuer-kinder-unter-14-jahren","11":"product_tag-warn-und-sicherheitshinweise-modellbauartikel","13":"first","14":"instock","15":"taxable","16":"shipping-taxable","17":"purchasable","18":"product-type-simple"},"jetpack_sharing_enabled":true,"_links":{"self":[{"href":"https:\/\/www.mg-modelleisenbahnbau.de\/startseite-2\/wp-json\/wp\/v2\/product\/4929","targetHints":{"allow":["GET"]}}],"collection":[{"href":"https:\/\/www.mg-modelleisenbahnbau.de\/startseite-2\/wp-json\/wp\/v2\/product"}],"about":[{"href":"https:\/\/www.mg-modelleisenbahnbau.de\/startseite-2\/wp-json\/wp\/v2\/types\/product"}],"replies":[{"embeddable":true,"href":"https:\/\/www.mg-modelleisenbahnbau.de\/startseite-2\/wp-json\/wp\/v2\/comments?post=4929"}],"wp:featuredmedia":[{"embeddable":true,"href":"https:\/\/www.mg-modelleisenbahnbau.de\/startseite-2\/wp-json\/wp\/v2\/media\/4930"}],"wp:attachment":[{"href":"https:\/\/www.mg-modelleisenbahnbau.de\/startseite-2\/wp-json\/wp\/v2\/media?parent=4929"}],"wp:term":[{"taxonomy":"product_brand","embeddable":true,"href":"https:\/\/www.mg-modelleisenbahnbau.de\/startseite-2\/wp-json\/wp\/v2\/product_brand?post=4929"},{"taxonomy":"product_cat","embeddable":true,"href":"https:\/\/www.mg-modelleisenbahnbau.de\/startseite-2\/wp-json\/wp\/v2\/product_cat?post=4929"},{"taxonomy":"product_tag","embeddable":true,"href":"https:\/\/www.mg-modelleisenbahnbau.de\/startseite-2\/wp-json\/wp\/v2\/product_tag?post=4929"}],"curies":[{"name":"wp","href":"https:\/\/api.w.org\/{rel}","templated":true}]}}