{"id":4927,"date":"2020-03-19T20:35:40","date_gmt":"2020-03-19T19:35:40","guid":{"rendered":"http:\/\/www.mg-modelleisenbahnbau.de\/?post_type=product&#038;p=4927"},"modified":"2025-06-29T21:05:46","modified_gmt":"2025-06-29T19:05:46","slug":"4409-n-form-sperrsignal-mit-flanschfuss","status":"publish","type":"product","link":"https:\/\/www.mg-modelleisenbahnbau.de\/startseite-2\/produkt\/4409-n-form-sperrsignal-mit-flanschfuss\/","title":{"rendered":"4409 N Form-Sperrsignal mit Flanschfu\u00df"},"content":{"rendered":"<div class=\"content--description\">\n<div class=\"content--title\">Produktinformationen &#8222;N Form-Sperrsignal mit Flanschfu\u00df&#8220;<\/div>\n<div class=\"product--description\">Mit filigranem Messingmast in originalgetreuer Lackierung und Unterflur-Kompaktantrieb. Die Blende ist beweglich und beleuchtet. Mit einer LED, wartungsfrei. Bei der Bahn gibt es verschiedene Sperrsignal-Bauformen. Diese Ausf\u00fchrung mit Flanschfu\u00df steht an Gleisen einzeln. Signalbilder Sh0 und Sh1. H\u00f6he: 3,5 cm.<\/div>\n<h3><span class=\"delivery--text delivery--text-more-is-coming\" style=\"color: #ff9900;\"><strong>Voraussichtlich verf\u00fcgbar ab (ohne Gew\u00e4hr): 26. M\u00e4rz 2020<\/strong> <\/span><\/h3>\n<\/div>\n","protected":false},"excerpt":{"rendered":"<p>Produktinformationen &#8222;N Form-Sperrsignal mit Flanschfu\u00df&#8220; Mit filigranem Messingmast in originalgetreuer Lackierung und Unterflur-Kompaktantrieb. Die Blende ist beweglich und beleuchtet. Mit einer LED, wartungsfrei. Bei der Bahn gibt es verschiedene Sperrsignal-Bauformen. Diese Ausf\u00fchrung mit Flanschfu\u00df steht an Gleisen einzeln. Signalbilder Sh0 und Sh1. H\u00f6he: 3,5 cm. Voraussichtlich verf\u00fcgbar ab (ohne Gew\u00e4hr): 26. M\u00e4rz 2020<\/p>\n","protected":false},"featured_media":4928,"comment_status":"open","ping_status":"closed","template":"","meta":[],"product_brand":[],"product_cat":[140,38,37,138],"product_tag":[292,291],"class_list":{"0":"post-4927","1":"product","2":"type-product","3":"status-publish","4":"has-post-thumbnail","6":"product_cat-formsignale-n","7":"product_cat-unkategorisiert","8":"product_cat-viessmann","9":"product_cat-viessmann-spur-n","10":"product_tag-kein-spielzeug-nicht-geeignet-fuer-kinder-unter-14-jahren","11":"product_tag-warn-und-sicherheitshinweise-modellbauartikel","13":"first","14":"instock","15":"taxable","16":"shipping-taxable","17":"purchasable","18":"product-type-simple"},"jetpack_sharing_enabled":true,"_links":{"self":[{"href":"https:\/\/www.mg-modelleisenbahnbau.de\/startseite-2\/wp-json\/wp\/v2\/product\/4927","targetHints":{"allow":["GET"]}}],"collection":[{"href":"https:\/\/www.mg-modelleisenbahnbau.de\/startseite-2\/wp-json\/wp\/v2\/product"}],"about":[{"href":"https:\/\/www.mg-modelleisenbahnbau.de\/startseite-2\/wp-json\/wp\/v2\/types\/product"}],"replies":[{"embeddable":true,"href":"https:\/\/www.mg-modelleisenbahnbau.de\/startseite-2\/wp-json\/wp\/v2\/comments?post=4927"}],"wp:featuredmedia":[{"embeddable":true,"href":"https:\/\/www.mg-modelleisenbahnbau.de\/startseite-2\/wp-json\/wp\/v2\/media\/4928"}],"wp:attachment":[{"href":"https:\/\/www.mg-modelleisenbahnbau.de\/startseite-2\/wp-json\/wp\/v2\/media?parent=4927"}],"wp:term":[{"taxonomy":"product_brand","embeddable":true,"href":"https:\/\/www.mg-modelleisenbahnbau.de\/startseite-2\/wp-json\/wp\/v2\/product_brand?post=4927"},{"taxonomy":"product_cat","embeddable":true,"href":"https:\/\/www.mg-modelleisenbahnbau.de\/startseite-2\/wp-json\/wp\/v2\/product_cat?post=4927"},{"taxonomy":"product_tag","embeddable":true,"href":"https:\/\/www.mg-modelleisenbahnbau.de\/startseite-2\/wp-json\/wp\/v2\/product_tag?post=4927"}],"curies":[{"name":"wp","href":"https:\/\/api.w.org\/{rel}","templated":true}]}}