{"id":4925,"date":"2020-03-19T20:31:39","date_gmt":"2020-03-19T19:31:39","guid":{"rendered":"http:\/\/www.mg-modelleisenbahnbau.de\/?post_type=product&#038;p=4925"},"modified":"2025-06-29T21:05:46","modified_gmt":"2025-06-29T19:05:46","slug":"4407-n-form-vorsignal-scheibe-starr-fluegel-beweglich","status":"publish","type":"product","link":"https:\/\/www.mg-modelleisenbahnbau.de\/startseite-2\/produkt\/4407-n-form-vorsignal-scheibe-starr-fluegel-beweglich\/","title":{"rendered":"4407 N Form-Vorsignal, Scheibe starr, Fl\u00fcgel beweglich"},"content":{"rendered":"<div class=\"content--description\">\n<div class=\"content--title\">Produktinformationen &#8222;N Form-Vorsignal, Scheibe starr, Fl\u00fcgel beweglich&#8220;<\/div>\n<div class=\"product--description\">Filigraner Messingmast in originalgetreuer Lackierung. Bedruckte Signalscheibe und -fl\u00fcgel. Unterflur-Kompaktantrieb. Integrierte Schaltkontakte sorgen f\u00fcr eine echte Zugbremsung bei Halt erwarten. Wartungsfrei dank LED-Beleuchtung. Signalbilder Vr0 und Vr2. H\u00f6he: 3,2 cm.<\/div>\n<\/div>\n","protected":false},"excerpt":{"rendered":"<p>Produktinformationen &#8222;N Form-Vorsignal, Scheibe starr, Fl\u00fcgel beweglich&#8220; Filigraner Messingmast in originalgetreuer Lackierung. Bedruckte Signalscheibe und -fl\u00fcgel. Unterflur-Kompaktantrieb. Integrierte Schaltkontakte sorgen f\u00fcr eine echte Zugbremsung bei Halt erwarten. Wartungsfrei dank LED-Beleuchtung. Signalbilder Vr0 und Vr2. H\u00f6he: 3,2 cm.<\/p>\n","protected":false},"featured_media":4926,"comment_status":"open","ping_status":"closed","template":"","meta":[],"product_brand":[],"product_cat":[140,38,37,138],"product_tag":[292,291],"class_list":{"0":"post-4925","1":"product","2":"type-product","3":"status-publish","4":"has-post-thumbnail","6":"product_cat-formsignale-n","7":"product_cat-unkategorisiert","8":"product_cat-viessmann","9":"product_cat-viessmann-spur-n","10":"product_tag-kein-spielzeug-nicht-geeignet-fuer-kinder-unter-14-jahren","11":"product_tag-warn-und-sicherheitshinweise-modellbauartikel","13":"first","14":"instock","15":"taxable","16":"shipping-taxable","17":"purchasable","18":"product-type-simple"},"jetpack_sharing_enabled":true,"_links":{"self":[{"href":"https:\/\/www.mg-modelleisenbahnbau.de\/startseite-2\/wp-json\/wp\/v2\/product\/4925","targetHints":{"allow":["GET"]}}],"collection":[{"href":"https:\/\/www.mg-modelleisenbahnbau.de\/startseite-2\/wp-json\/wp\/v2\/product"}],"about":[{"href":"https:\/\/www.mg-modelleisenbahnbau.de\/startseite-2\/wp-json\/wp\/v2\/types\/product"}],"replies":[{"embeddable":true,"href":"https:\/\/www.mg-modelleisenbahnbau.de\/startseite-2\/wp-json\/wp\/v2\/comments?post=4925"}],"wp:featuredmedia":[{"embeddable":true,"href":"https:\/\/www.mg-modelleisenbahnbau.de\/startseite-2\/wp-json\/wp\/v2\/media\/4926"}],"wp:attachment":[{"href":"https:\/\/www.mg-modelleisenbahnbau.de\/startseite-2\/wp-json\/wp\/v2\/media?parent=4925"}],"wp:term":[{"taxonomy":"product_brand","embeddable":true,"href":"https:\/\/www.mg-modelleisenbahnbau.de\/startseite-2\/wp-json\/wp\/v2\/product_brand?post=4925"},{"taxonomy":"product_cat","embeddable":true,"href":"https:\/\/www.mg-modelleisenbahnbau.de\/startseite-2\/wp-json\/wp\/v2\/product_cat?post=4925"},{"taxonomy":"product_tag","embeddable":true,"href":"https:\/\/www.mg-modelleisenbahnbau.de\/startseite-2\/wp-json\/wp\/v2\/product_tag?post=4925"}],"curies":[{"name":"wp","href":"https:\/\/api.w.org\/{rel}","templated":true}]}}