{"id":4917,"date":"2020-03-19T20:22:26","date_gmt":"2020-03-19T19:22:26","guid":{"rendered":"http:\/\/www.mg-modelleisenbahnbau.de\/?post_type=product&#038;p=4917"},"modified":"2025-06-30T00:42:29","modified_gmt":"2025-06-29T22:42:29","slug":"6338-h0-deckenstrahler-led-weiss-2","status":"publish","type":"product","link":"https:\/\/www.mg-modelleisenbahnbau.de\/startseite-2\/produkt\/6338-h0-deckenstrahler-led-weiss-2\/","title":{"rendered":"6338 H0 Deckenstrahler, LED wei\u00df"},"content":{"rendered":"<div class=\"content--description\">\n<div class=\"content--title\">Produktinformationen &#8222;H0 Deckenstrahler, LED wei\u00df&#8220;<\/div>\n<div class=\"product--description\">Zur indirekten Beleuchtung von \u00dcberdachungen aller Art. Mit der beiliegenden Spezial-Konsole passt der Strahler perfekt zur kibri Artikelserie 39000 \u2013 39007 H0 Moderner Busbahnhof. Wartungsfrei dank LED-Beleuchtung. H\u00f6he mit B\u00fcgel: 0,4 cm. Strahlergeh\u00e4use L 0,5 x B 0,3 cm.<\/div>\n<\/div>\n<h1><strong>Auch f\u00fcr HO geeignet<\/strong><\/h1>\n","protected":false},"excerpt":{"rendered":"<p>Produktinformationen &#8222;H0 Deckenstrahler, LED wei\u00df&#8220; Zur indirekten Beleuchtung von \u00dcberdachungen aller Art. Mit der beiliegenden Spezial-Konsole passt der Strahler perfekt zur kibri Artikelserie 39000 \u2013 39007 H0 Moderner Busbahnhof. Wartungsfrei dank LED-Beleuchtung. H\u00f6he mit B\u00fcgel: 0,4 cm. Strahlergeh\u00e4use L 0,5 x B 0,3 cm. Auch f\u00fcr HO geeignet<\/p>\n","protected":false},"featured_media":4918,"comment_status":"open","ping_status":"closed","template":"","meta":[],"product_brand":[],"product_cat":[123,139,132,146,38,37,124,138,131,145],"product_tag":[292,291],"class_list":{"0":"post-4917","1":"product","2":"type-product","3":"status-publish","4":"has-post-thumbnail","6":"product_cat-leuchten-h0","7":"product_cat-leuchten-n","8":"product_cat-leuchten-tt","9":"product_cat-leuchten-z","10":"product_cat-unkategorisiert","11":"product_cat-viessmann","12":"product_cat-viessmann-spur-h0","13":"product_cat-viessmann-spur-n","14":"product_cat-viessmann-spur-tt","15":"product_cat-viessmann-spur-z","16":"product_tag-kein-spielzeug-nicht-geeignet-fuer-kinder-unter-14-jahren","17":"product_tag-warn-und-sicherheitshinweise-modellbauartikel","19":"first","20":"instock","21":"taxable","22":"shipping-taxable","23":"purchasable","24":"product-type-simple"},"jetpack_sharing_enabled":true,"_links":{"self":[{"href":"https:\/\/www.mg-modelleisenbahnbau.de\/startseite-2\/wp-json\/wp\/v2\/product\/4917","targetHints":{"allow":["GET"]}}],"collection":[{"href":"https:\/\/www.mg-modelleisenbahnbau.de\/startseite-2\/wp-json\/wp\/v2\/product"}],"about":[{"href":"https:\/\/www.mg-modelleisenbahnbau.de\/startseite-2\/wp-json\/wp\/v2\/types\/product"}],"replies":[{"embeddable":true,"href":"https:\/\/www.mg-modelleisenbahnbau.de\/startseite-2\/wp-json\/wp\/v2\/comments?post=4917"}],"wp:featuredmedia":[{"embeddable":true,"href":"https:\/\/www.mg-modelleisenbahnbau.de\/startseite-2\/wp-json\/wp\/v2\/media\/4918"}],"wp:attachment":[{"href":"https:\/\/www.mg-modelleisenbahnbau.de\/startseite-2\/wp-json\/wp\/v2\/media?parent=4917"}],"wp:term":[{"taxonomy":"product_brand","embeddable":true,"href":"https:\/\/www.mg-modelleisenbahnbau.de\/startseite-2\/wp-json\/wp\/v2\/product_brand?post=4917"},{"taxonomy":"product_cat","embeddable":true,"href":"https:\/\/www.mg-modelleisenbahnbau.de\/startseite-2\/wp-json\/wp\/v2\/product_cat?post=4917"},{"taxonomy":"product_tag","embeddable":true,"href":"https:\/\/www.mg-modelleisenbahnbau.de\/startseite-2\/wp-json\/wp\/v2\/product_tag?post=4917"}],"curies":[{"name":"wp","href":"https:\/\/api.w.org\/{rel}","templated":true}]}}