{"id":4874,"date":"2020-03-19T18:03:26","date_gmt":"2020-03-19T17:03:26","guid":{"rendered":"http:\/\/www.mg-modelleisenbahnbau.de\/?post_type=product&#038;p=4874"},"modified":"2025-06-30T06:30:57","modified_gmt":"2025-06-30T04:30:57","slug":"6471-n-wandlaterne-led-warmweiss","status":"publish","type":"product","link":"https:\/\/www.mg-modelleisenbahnbau.de\/startseite-2\/produkt\/6471-n-wandlaterne-led-warmweiss\/","title":{"rendered":"6471 N Wandlaterne, LED warmwei\u00df"},"content":{"rendered":"<div class=\"content--description\">\n<div class=\"content--title\">Produktinformationen &#8222;N Wandlaterne, LED warmwei\u00df&#8220;<\/div>\n<div class=\"product--description\">Wartungsfrei dank LED-Beleuchtung. Zur Wandmontage. L\u00e4nge: 1,1 cm, H\u00f6he: 1,8 cm.<\/div>\n<h3><strong>Auch f\u00fcr HO geeignet<\/strong><\/h3>\n<\/div>\n","protected":false},"excerpt":{"rendered":"<p>Produktinformationen &#8222;N Wandlaterne, LED warmwei\u00df&#8220; Wartungsfrei dank LED-Beleuchtung. Zur Wandmontage. L\u00e4nge: 1,1 cm, H\u00f6he: 1,8 cm. Auch f\u00fcr HO geeignet<\/p>\n","protected":false},"featured_media":4875,"comment_status":"open","ping_status":"closed","template":"","meta":[],"product_brand":[],"product_cat":[123,139,38,37,124,138],"product_tag":[292,291],"class_list":{"0":"post-4874","1":"product","2":"type-product","3":"status-publish","4":"has-post-thumbnail","6":"product_cat-leuchten-h0","7":"product_cat-leuchten-n","8":"product_cat-unkategorisiert","9":"product_cat-viessmann","10":"product_cat-viessmann-spur-h0","11":"product_cat-viessmann-spur-n","12":"product_tag-kein-spielzeug-nicht-geeignet-fuer-kinder-unter-14-jahren","13":"product_tag-warn-und-sicherheitshinweise-modellbauartikel","15":"first","16":"instock","17":"taxable","18":"shipping-taxable","19":"purchasable","20":"product-type-simple"},"jetpack_sharing_enabled":true,"_links":{"self":[{"href":"https:\/\/www.mg-modelleisenbahnbau.de\/startseite-2\/wp-json\/wp\/v2\/product\/4874","targetHints":{"allow":["GET"]}}],"collection":[{"href":"https:\/\/www.mg-modelleisenbahnbau.de\/startseite-2\/wp-json\/wp\/v2\/product"}],"about":[{"href":"https:\/\/www.mg-modelleisenbahnbau.de\/startseite-2\/wp-json\/wp\/v2\/types\/product"}],"replies":[{"embeddable":true,"href":"https:\/\/www.mg-modelleisenbahnbau.de\/startseite-2\/wp-json\/wp\/v2\/comments?post=4874"}],"wp:featuredmedia":[{"embeddable":true,"href":"https:\/\/www.mg-modelleisenbahnbau.de\/startseite-2\/wp-json\/wp\/v2\/media\/4875"}],"wp:attachment":[{"href":"https:\/\/www.mg-modelleisenbahnbau.de\/startseite-2\/wp-json\/wp\/v2\/media?parent=4874"}],"wp:term":[{"taxonomy":"product_brand","embeddable":true,"href":"https:\/\/www.mg-modelleisenbahnbau.de\/startseite-2\/wp-json\/wp\/v2\/product_brand?post=4874"},{"taxonomy":"product_cat","embeddable":true,"href":"https:\/\/www.mg-modelleisenbahnbau.de\/startseite-2\/wp-json\/wp\/v2\/product_cat?post=4874"},{"taxonomy":"product_tag","embeddable":true,"href":"https:\/\/www.mg-modelleisenbahnbau.de\/startseite-2\/wp-json\/wp\/v2\/product_tag?post=4874"}],"curies":[{"name":"wp","href":"https:\/\/api.w.org\/{rel}","templated":true}]}}