{"id":4844,"date":"2020-03-19T17:02:23","date_gmt":"2020-03-19T16:02:23","guid":{"rendered":"http:\/\/www.mg-modelleisenbahnbau.de\/?post_type=product&#038;p=4844"},"modified":"2025-06-30T06:43:37","modified_gmt":"2025-06-30T04:43:37","slug":"65856-n-bahnbetriebswerkleuchte-led-warmweiss-51","status":"publish","type":"product","link":"https:\/\/www.mg-modelleisenbahnbau.de\/startseite-2\/produkt\/65856-n-bahnbetriebswerkleuchte-led-warmweiss-51\/","title":{"rendered":"65856 N Bahnbetriebswerkleuchte, LED warmwei\u00df 5+1"},"content":{"rendered":"<div class=\"content--description\">\n<div class=\"content--title\">Produktinformationen &#8222;N Bahnbetriebswerkleuchte, LED warmwei\u00df 5+1&#8220;<\/div>\n<div class=\"product--description\">Vorbildgetreuer Messingmast mit Patentsteckfu\u00df f\u00fcr eine besonders einfache Montage. Wartungsfrei dank LED-Beleuchtung. G\u00fcnstiges Set mit 6 Leuchten Art. 6585 zum Preis von 5. H\u00f6he: 8 cm.<\/div>\n<div><a class=\"product--image\" title=\"2A Powermodul\" href=\"https:\/\/viessmann-modell.com\/sortiment\/elektronik\/elektronik-digital\/108\/2a-powermodul\"><span class=\"image--element\"><span class=\"image--media\"><img title=\"2A Powermodul \" srcset=\"https:\/\/viessmann-modell.com\/media\/image\/49\/52\/7f\/5215tTSfF2n99LqzI_200x200.jpg, https:\/\/viessmann-modell.com\/media\/image\/4c\/60\/95\/5215tTSfF2n99LqzI_200x200@2x.jpg 2x\" alt=\"2A Powermodul \" data-extension=\"jpg\" \/><a class=\"product--title\" title=\"2A Powermodul\" href=\"https:\/\/viessmann-modell.com\/sortiment\/elektronik\/elektronik-digital\/108\/2a-powermodul\"> 5215 2A Powermodul\u00a0\u00a0\u00a0\u00a0\u00a0\u00a0\u00a0\u00a0\u00a0\u00a0\u00a0 <\/a><\/span><\/span><\/a><\/div>\n<\/div>\n<h2><span class=\"delivery--text delivery--text-not-available\" style=\"color: #ff6600;\">Lieferzeit auf Anfrage\u00a0<\/span><\/h2>\n","protected":false},"excerpt":{"rendered":"<p>Produktinformationen &#8222;N Bahnbetriebswerkleuchte, LED warmwei\u00df 5+1&#8220; Vorbildgetreuer Messingmast mit Patentsteckfu\u00df f\u00fcr eine besonders einfache Montage. Wartungsfrei dank LED-Beleuchtung. G\u00fcnstiges Set mit 6 Leuchten Art. 6585 zum Preis von 5. H\u00f6he: 8 cm. 5215 2A Powermodul\u00a0\u00a0\u00a0\u00a0\u00a0\u00a0\u00a0\u00a0\u00a0\u00a0\u00a0 Lieferzeit auf Anfrage\u00a0<\/p>\n","protected":false},"featured_media":4845,"comment_status":"open","ping_status":"closed","template":"","meta":[],"product_brand":[],"product_cat":[139,38,37,138],"product_tag":[292,291],"class_list":{"0":"post-4844","1":"product","2":"type-product","3":"status-publish","4":"has-post-thumbnail","6":"product_cat-leuchten-n","7":"product_cat-unkategorisiert","8":"product_cat-viessmann","9":"product_cat-viessmann-spur-n","10":"product_tag-kein-spielzeug-nicht-geeignet-fuer-kinder-unter-14-jahren","11":"product_tag-warn-und-sicherheitshinweise-modellbauartikel","13":"first","14":"instock","15":"taxable","16":"shipping-taxable","17":"purchasable","18":"product-type-simple"},"jetpack_sharing_enabled":true,"_links":{"self":[{"href":"https:\/\/www.mg-modelleisenbahnbau.de\/startseite-2\/wp-json\/wp\/v2\/product\/4844","targetHints":{"allow":["GET"]}}],"collection":[{"href":"https:\/\/www.mg-modelleisenbahnbau.de\/startseite-2\/wp-json\/wp\/v2\/product"}],"about":[{"href":"https:\/\/www.mg-modelleisenbahnbau.de\/startseite-2\/wp-json\/wp\/v2\/types\/product"}],"replies":[{"embeddable":true,"href":"https:\/\/www.mg-modelleisenbahnbau.de\/startseite-2\/wp-json\/wp\/v2\/comments?post=4844"}],"wp:featuredmedia":[{"embeddable":true,"href":"https:\/\/www.mg-modelleisenbahnbau.de\/startseite-2\/wp-json\/wp\/v2\/media\/4845"}],"wp:attachment":[{"href":"https:\/\/www.mg-modelleisenbahnbau.de\/startseite-2\/wp-json\/wp\/v2\/media?parent=4844"}],"wp:term":[{"taxonomy":"product_brand","embeddable":true,"href":"https:\/\/www.mg-modelleisenbahnbau.de\/startseite-2\/wp-json\/wp\/v2\/product_brand?post=4844"},{"taxonomy":"product_cat","embeddable":true,"href":"https:\/\/www.mg-modelleisenbahnbau.de\/startseite-2\/wp-json\/wp\/v2\/product_cat?post=4844"},{"taxonomy":"product_tag","embeddable":true,"href":"https:\/\/www.mg-modelleisenbahnbau.de\/startseite-2\/wp-json\/wp\/v2\/product_tag?post=4844"}],"curies":[{"name":"wp","href":"https:\/\/api.w.org\/{rel}","templated":true}]}}