{"id":4827,"date":"2020-03-19T15:27:47","date_gmt":"2020-03-19T14:27:47","guid":{"rendered":"http:\/\/www.mg-modelleisenbahnbau.de\/?post_type=product&#038;p=4827"},"modified":"2025-06-29T23:11:28","modified_gmt":"2025-06-29T21:11:28","slug":"5320-commander-2","status":"publish","type":"product","link":"https:\/\/www.mg-modelleisenbahnbau.de\/startseite-2\/produkt\/5320-commander-2\/","title":{"rendered":"5320 Commander 2"},"content":{"rendered":"<div class=\"content--description\">\n<div class=\"content--title\">Auch Produktinformationen &#8222;Commander 2&#8220;<\/div>\n<div class=\"product--description\">Die komfortable, umfassende Digitalzentrale f\u00fcr NMRA-DCC und M\u00e4rklin (Motorola alt\/neu, mfx-Fahrbetrieb). Steuerung und Einstellung \u00fcber separates Smartphone oder Tablet (nicht im Lieferumfang enthalten). Innovative Gleisplanzuordnung \u00fcber die integrierte Kamera des Smartphone\/Tablets. Lokomotiv- und Weichensteuerung im vollen Umfang des jeweiligen Digitalformats, 2 Fahrregler mit separaten Fahrtrichtungstasten, R\u00fcckmeldung mit s88, RailCom-Detector am Haupt- und Programmiergleisausgang, Anschl\u00fcsse f\u00fcr zus\u00e4tzliche Booster, Loconet, farbiges Gleisbild in verschiedenen Vergr\u00f6\u00dferungsstufen, fotorealistische Lokbilder, farbige Darstellung von Weichenstellungen und Signalen, farbige Ausleuchtung von Fahrstra\u00dfen und Gleisbesetztanzeige, Zugnummern-Anzeige im Gleisbild, interne Uhr mit einstellbarer Modellzeit, Programmiergleisanschluss, eingebauter Booster (4\/5 A, f\u00fcr gro\u00dfe Spurweiten einstellbar). Verbindung mit Tablet oder PC \u00fcber LAN\/WLAN. HDMI-Ausgang f\u00fcr einen Monitor oder Beamer sowie USB-Anschl\u00fcsse f\u00fcr Maus und Tastatur. Inkl. Netzteil. Geeignete Betriebssysteme des Smartphones\/Tablets: Windows, Android, iOS.<\/div>\n<h1><strong><span class=\"delivery--text delivery--text-not-available\"><span style=\"color: #ff6600;\">Lieferzeit auf Anfrage<\/span> <\/span><\/strong><\/h1>\n<\/div>\n","protected":false},"excerpt":{"rendered":"<p>Auch Produktinformationen &#8222;Commander 2&#8220; Die komfortable, umfassende Digitalzentrale f\u00fcr NMRA-DCC und M\u00e4rklin (Motorola alt\/neu, mfx-Fahrbetrieb). Steuerung und Einstellung \u00fcber separates Smartphone oder Tablet (nicht im Lieferumfang enthalten). Innovative Gleisplanzuordnung \u00fcber die integrierte Kamera des Smartphone\/Tablets. Lokomotiv- und Weichensteuerung im vollen Umfang des jeweiligen Digitalformats, 2 Fahrregler mit separaten Fahrtrichtungstasten, R\u00fcckmeldung mit s88, RailCom-Detector am Haupt-&#8230;<\/p>\n","protected":false},"featured_media":4828,"comment_status":"open","ping_status":"closed","template":"","meta":[],"product_brand":[],"product_cat":[150,38,148],"product_tag":[292,291],"class_list":{"0":"post-4827","1":"product","2":"type-product","3":"status-publish","4":"has-post-thumbnail","6":"product_cat-digitalzentrale-commandor-2","7":"product_cat-unkategorisiert","8":"product_cat-viessmann-elektronik","9":"product_tag-kein-spielzeug-nicht-geeignet-fuer-kinder-unter-14-jahren","10":"product_tag-warn-und-sicherheitshinweise-modellbauartikel","12":"first","13":"outofstock","14":"taxable","15":"shipping-taxable","16":"purchasable","17":"product-type-simple"},"jetpack_sharing_enabled":true,"_links":{"self":[{"href":"https:\/\/www.mg-modelleisenbahnbau.de\/startseite-2\/wp-json\/wp\/v2\/product\/4827","targetHints":{"allow":["GET"]}}],"collection":[{"href":"https:\/\/www.mg-modelleisenbahnbau.de\/startseite-2\/wp-json\/wp\/v2\/product"}],"about":[{"href":"https:\/\/www.mg-modelleisenbahnbau.de\/startseite-2\/wp-json\/wp\/v2\/types\/product"}],"replies":[{"embeddable":true,"href":"https:\/\/www.mg-modelleisenbahnbau.de\/startseite-2\/wp-json\/wp\/v2\/comments?post=4827"}],"wp:featuredmedia":[{"embeddable":true,"href":"https:\/\/www.mg-modelleisenbahnbau.de\/startseite-2\/wp-json\/wp\/v2\/media\/4828"}],"wp:attachment":[{"href":"https:\/\/www.mg-modelleisenbahnbau.de\/startseite-2\/wp-json\/wp\/v2\/media?parent=4827"}],"wp:term":[{"taxonomy":"product_brand","embeddable":true,"href":"https:\/\/www.mg-modelleisenbahnbau.de\/startseite-2\/wp-json\/wp\/v2\/product_brand?post=4827"},{"taxonomy":"product_cat","embeddable":true,"href":"https:\/\/www.mg-modelleisenbahnbau.de\/startseite-2\/wp-json\/wp\/v2\/product_cat?post=4827"},{"taxonomy":"product_tag","embeddable":true,"href":"https:\/\/www.mg-modelleisenbahnbau.de\/startseite-2\/wp-json\/wp\/v2\/product_tag?post=4827"}],"curies":[{"name":"wp","href":"https:\/\/api.w.org\/{rel}","templated":true}]}}