{"id":4808,"date":"2020-03-19T15:02:17","date_gmt":"2020-03-19T14:02:17","guid":{"rendered":"http:\/\/www.mg-modelleisenbahnbau.de\/?post_type=product&#038;p=4808"},"modified":"2025-06-30T09:10:51","modified_gmt":"2025-06-30T07:10:51","slug":"9565-0-weichenlaterne-mit-adapter-fuer-universalantrieb-4560","status":"publish","type":"product","link":"https:\/\/www.mg-modelleisenbahnbau.de\/startseite-2\/produkt\/9565-0-weichenlaterne-mit-adapter-fuer-universalantrieb-4560\/","title":{"rendered":"9565 0 Weichenlaterne mit Adapter f\u00fcr Universalantrieb 4560"},"content":{"rendered":"<div class=\"content--description\">\n<div class=\"content--title\">Produktinformationen &#8222;0 Weichenlaterne mit Adapter f\u00fcr Universalantrieb 4560&#8220;<\/div>\n<div class=\"product--description\">Diese Weichenlaterne wird \u00fcber ihren zugeh\u00f6rigen Adapter an der Stirnseite des Universalantriebs Art. 4560 angebaut und verwendet dessen L\u00e4ngsabtrieb. Die Weichenlaterne wird von einer wei\u00dfen LED beleuchtet, der Anschluss erfolgt \u00fcber braun-gelbe Kabel. Enthalten ist je ein Lampengeh\u00e4use f\u00fcr Rechts- und Linksabzweig. Ma\u00dfe: L 2,9 x B 2 x H 0,53 cm.<\/div>\n<\/div>\n","protected":false},"excerpt":{"rendered":"<p>Produktinformationen &#8222;0 Weichenlaterne mit Adapter f\u00fcr Universalantrieb 4560&#8220; Diese Weichenlaterne wird \u00fcber ihren zugeh\u00f6rigen Adapter an der Stirnseite des Universalantriebs Art. 4560 angebaut und verwendet dessen L\u00e4ngsabtrieb. Die Weichenlaterne wird von einer wei\u00dfen LED beleuchtet, der Anschluss erfolgt \u00fcber braun-gelbe Kabel. Enthalten ist je ein Lampengeh\u00e4use f\u00fcr Rechts- und Linksabzweig. Ma\u00dfe: L 2,9 x B&#8230;<\/p>\n","protected":false},"featured_media":4809,"comment_status":"open","ping_status":"closed","template":"","meta":[],"product_brand":[],"product_cat":[159,38,37,155],"product_tag":[292,291],"class_list":{"0":"post-4808","1":"product","2":"type-product","3":"status-publish","4":"has-post-thumbnail","6":"product_cat-lichtsignale-spur-0","7":"product_cat-unkategorisiert","8":"product_cat-viessmann","9":"product_cat-viessmann-spur-0","10":"product_tag-kein-spielzeug-nicht-geeignet-fuer-kinder-unter-14-jahren","11":"product_tag-warn-und-sicherheitshinweise-modellbauartikel","13":"first","14":"instock","15":"taxable","16":"shipping-taxable","17":"purchasable","18":"product-type-simple"},"jetpack_sharing_enabled":true,"_links":{"self":[{"href":"https:\/\/www.mg-modelleisenbahnbau.de\/startseite-2\/wp-json\/wp\/v2\/product\/4808","targetHints":{"allow":["GET"]}}],"collection":[{"href":"https:\/\/www.mg-modelleisenbahnbau.de\/startseite-2\/wp-json\/wp\/v2\/product"}],"about":[{"href":"https:\/\/www.mg-modelleisenbahnbau.de\/startseite-2\/wp-json\/wp\/v2\/types\/product"}],"replies":[{"embeddable":true,"href":"https:\/\/www.mg-modelleisenbahnbau.de\/startseite-2\/wp-json\/wp\/v2\/comments?post=4808"}],"wp:featuredmedia":[{"embeddable":true,"href":"https:\/\/www.mg-modelleisenbahnbau.de\/startseite-2\/wp-json\/wp\/v2\/media\/4809"}],"wp:attachment":[{"href":"https:\/\/www.mg-modelleisenbahnbau.de\/startseite-2\/wp-json\/wp\/v2\/media?parent=4808"}],"wp:term":[{"taxonomy":"product_brand","embeddable":true,"href":"https:\/\/www.mg-modelleisenbahnbau.de\/startseite-2\/wp-json\/wp\/v2\/product_brand?post=4808"},{"taxonomy":"product_cat","embeddable":true,"href":"https:\/\/www.mg-modelleisenbahnbau.de\/startseite-2\/wp-json\/wp\/v2\/product_cat?post=4808"},{"taxonomy":"product_tag","embeddable":true,"href":"https:\/\/www.mg-modelleisenbahnbau.de\/startseite-2\/wp-json\/wp\/v2\/product_tag?post=4808"}],"curies":[{"name":"wp","href":"https:\/\/api.w.org\/{rel}","templated":true}]}}