{"id":4782,"date":"2020-03-19T14:17:22","date_gmt":"2020-03-19T13:17:22","guid":{"rendered":"http:\/\/www.mg-modelleisenbahnbau.de\/?post_type=product&#038;p=4782"},"modified":"2025-06-30T07:49:50","modified_gmt":"2025-06-30T05:49:50","slug":"7184-z-gittermastleuchte","status":"publish","type":"product","link":"https:\/\/www.mg-modelleisenbahnbau.de\/startseite-2\/produkt\/7184-z-gittermastleuchte\/","title":{"rendered":"7184 Z Gittermastleuchte"},"content":{"rendered":"<div class=\"content--description\">\n<div class=\"content--title\">Produktinformationen &#8222;Z Gittermastleuchte&#8220;<\/div>\n<div class=\"product--description\">Vorbildgetreuer Messingmast mit Patentsteckfu\u00df f\u00fcr eine besonders einfache Montage. Ersatzgl\u00fchlampe Art. 6226. H\u00f6he: 5 cm.<\/div>\n<div><a class=\"product--image\" title=\"Universal-Ein-Aus-Umschalter\" href=\"https:\/\/viessmann-modell.com\/sortiment\/elektronik\/elektronik-mechanik\/243\/universal-ein-aus-umschalter\"> <span class=\"image--element\"> <span class=\"image--media\"> <a class=\"product--title\" title=\"Universal-Ein-Aus-Umschalter\" href=\"https:\/\/viessmann-modell.com\/sortiment\/elektronik\/elektronik-mechanik\/243\/universal-ein-aus-umschalter\"> 5550 Universal-Ein-Aus-Umschalter <\/a><img title=\"Universal-Ein-Aus-Umschalter \" srcset=\"https:\/\/viessmann-modell.com\/media\/image\/ba\/28\/35\/5550G5zABYKUDIn9d_200x200.jpg, https:\/\/viessmann-modell.com\/media\/image\/3b\/ed\/bc\/5550G5zABYKUDIn9d_200x200@2x.jpg 2x\" alt=\"Universal-Ein-Aus-Umschalter \" data-extension=\"jpg\" \/> <\/span> <\/span> <\/a><\/div>\n<\/div>\n","protected":false},"excerpt":{"rendered":"<p>Produktinformationen &#8222;Z Gittermastleuchte&#8220; Vorbildgetreuer Messingmast mit Patentsteckfu\u00df f\u00fcr eine besonders einfache Montage. Ersatzgl\u00fchlampe Art. 6226. H\u00f6he: 5 cm. 5550 Universal-Ein-Aus-Umschalter<\/p>\n","protected":false},"featured_media":4783,"comment_status":"open","ping_status":"closed","template":"","meta":[],"product_brand":[],"product_cat":[146,38,37,145],"product_tag":[292,291],"class_list":{"0":"post-4782","1":"product","2":"type-product","3":"status-publish","4":"has-post-thumbnail","6":"product_cat-leuchten-z","7":"product_cat-unkategorisiert","8":"product_cat-viessmann","9":"product_cat-viessmann-spur-z","10":"product_tag-kein-spielzeug-nicht-geeignet-fuer-kinder-unter-14-jahren","11":"product_tag-warn-und-sicherheitshinweise-modellbauartikel","13":"first","14":"instock","15":"taxable","16":"shipping-taxable","17":"purchasable","18":"product-type-simple"},"jetpack_sharing_enabled":true,"_links":{"self":[{"href":"https:\/\/www.mg-modelleisenbahnbau.de\/startseite-2\/wp-json\/wp\/v2\/product\/4782","targetHints":{"allow":["GET"]}}],"collection":[{"href":"https:\/\/www.mg-modelleisenbahnbau.de\/startseite-2\/wp-json\/wp\/v2\/product"}],"about":[{"href":"https:\/\/www.mg-modelleisenbahnbau.de\/startseite-2\/wp-json\/wp\/v2\/types\/product"}],"replies":[{"embeddable":true,"href":"https:\/\/www.mg-modelleisenbahnbau.de\/startseite-2\/wp-json\/wp\/v2\/comments?post=4782"}],"wp:featuredmedia":[{"embeddable":true,"href":"https:\/\/www.mg-modelleisenbahnbau.de\/startseite-2\/wp-json\/wp\/v2\/media\/4783"}],"wp:attachment":[{"href":"https:\/\/www.mg-modelleisenbahnbau.de\/startseite-2\/wp-json\/wp\/v2\/media?parent=4782"}],"wp:term":[{"taxonomy":"product_brand","embeddable":true,"href":"https:\/\/www.mg-modelleisenbahnbau.de\/startseite-2\/wp-json\/wp\/v2\/product_brand?post=4782"},{"taxonomy":"product_cat","embeddable":true,"href":"https:\/\/www.mg-modelleisenbahnbau.de\/startseite-2\/wp-json\/wp\/v2\/product_cat?post=4782"},{"taxonomy":"product_tag","embeddable":true,"href":"https:\/\/www.mg-modelleisenbahnbau.de\/startseite-2\/wp-json\/wp\/v2\/product_tag?post=4782"}],"curies":[{"name":"wp","href":"https:\/\/api.w.org\/{rel}","templated":true}]}}