{"id":4770,"date":"2020-03-19T12:06:01","date_gmt":"2020-03-19T11:06:01","guid":{"rendered":"http:\/\/www.mg-modelleisenbahnbau.de\/?post_type=product&#038;p=4770"},"modified":"2025-06-29T22:26:23","modified_gmt":"2025-06-29T20:26:23","slug":"5065-vierfach-blinkelektronik-fuer-andreaskreuze","status":"publish","type":"product","link":"https:\/\/www.mg-modelleisenbahnbau.de\/startseite-2\/produkt\/5065-vierfach-blinkelektronik-fuer-andreaskreuze\/","title":{"rendered":"5065 Vierfach-Blinkelektronik f\u00fcr Andreaskreuze"},"content":{"rendered":"<div class=\"content--description\">\n<div class=\"content--title\">Produktinformationen &#8222;Vierfach-Blinkelektronik f\u00fcr Andreaskreuze&#8220;<\/div>\n<div class=\"product--description\">Diese Elektronik ist passend zu den Andreaskreuzen Art. 5058 (H0) und Art. 5803 (N), au\u00dferdem zu den Blinklicht-\u00dcberwachungssignalen Art. 5061 und 5062. F\u00fcr einen automatischen Betrieb sind zus\u00e4tzlich das elektronische Relais Art. 5552 und Schaltgleise bzw. die Schaltkontakte Art. 6840 (H0) erforderlich.<\/div>\n<\/div>\n","protected":false},"excerpt":{"rendered":"<p>Produktinformationen &#8222;Vierfach-Blinkelektronik f\u00fcr Andreaskreuze&#8220; Diese Elektronik ist passend zu den Andreaskreuzen Art. 5058 (H0) und Art. 5803 (N), au\u00dferdem zu den Blinklicht-\u00dcberwachungssignalen Art. 5061 und 5062. F\u00fcr einen automatischen Betrieb sind zus\u00e4tzlich das elektronische Relais Art. 5552 und Schaltgleise bzw. die Schaltkontakte Art. 6840 (H0) erforderlich.<\/p>\n","protected":false},"featured_media":4771,"comment_status":"open","ping_status":"closed","template":"","meta":[],"product_brand":[],"product_cat":[130,144,38,37,149],"product_tag":[292,291],"class_list":{"0":"post-4770","1":"product","2":"type-product","3":"status-publish","4":"has-post-thumbnail","6":"product_cat-bahnzubehoer-h0","7":"product_cat-bahnzubehoer-n","8":"product_cat-unkategorisiert","9":"product_cat-viessmann","10":"product_cat-viessmann-module-und-elektroniken","11":"product_tag-kein-spielzeug-nicht-geeignet-fuer-kinder-unter-14-jahren","12":"product_tag-warn-und-sicherheitshinweise-modellbauartikel","14":"first","15":"instock","16":"taxable","17":"shipping-taxable","18":"purchasable","19":"product-type-simple"},"jetpack_sharing_enabled":true,"_links":{"self":[{"href":"https:\/\/www.mg-modelleisenbahnbau.de\/startseite-2\/wp-json\/wp\/v2\/product\/4770","targetHints":{"allow":["GET"]}}],"collection":[{"href":"https:\/\/www.mg-modelleisenbahnbau.de\/startseite-2\/wp-json\/wp\/v2\/product"}],"about":[{"href":"https:\/\/www.mg-modelleisenbahnbau.de\/startseite-2\/wp-json\/wp\/v2\/types\/product"}],"replies":[{"embeddable":true,"href":"https:\/\/www.mg-modelleisenbahnbau.de\/startseite-2\/wp-json\/wp\/v2\/comments?post=4770"}],"wp:featuredmedia":[{"embeddable":true,"href":"https:\/\/www.mg-modelleisenbahnbau.de\/startseite-2\/wp-json\/wp\/v2\/media\/4771"}],"wp:attachment":[{"href":"https:\/\/www.mg-modelleisenbahnbau.de\/startseite-2\/wp-json\/wp\/v2\/media?parent=4770"}],"wp:term":[{"taxonomy":"product_brand","embeddable":true,"href":"https:\/\/www.mg-modelleisenbahnbau.de\/startseite-2\/wp-json\/wp\/v2\/product_brand?post=4770"},{"taxonomy":"product_cat","embeddable":true,"href":"https:\/\/www.mg-modelleisenbahnbau.de\/startseite-2\/wp-json\/wp\/v2\/product_cat?post=4770"},{"taxonomy":"product_tag","embeddable":true,"href":"https:\/\/www.mg-modelleisenbahnbau.de\/startseite-2\/wp-json\/wp\/v2\/product_tag?post=4770"}],"curies":[{"name":"wp","href":"https:\/\/api.w.org\/{rel}","templated":true}]}}