{"id":4768,"date":"2020-03-19T11:58:21","date_gmt":"2020-03-19T10:58:21","guid":{"rendered":"http:\/\/www.mg-modelleisenbahnbau.de\/?post_type=product&#038;p=4768"},"modified":"2025-06-29T22:38:27","modified_gmt":"2025-06-29T20:38:27","slug":"5092-h0-tt-n-waggon-innenbeleuchtung-8-leds-warmweiss","status":"publish","type":"product","link":"https:\/\/www.mg-modelleisenbahnbau.de\/startseite-2\/produkt\/5092-h0-tt-n-waggon-innenbeleuchtung-8-leds-warmweiss\/","title":{"rendered":"5092 H0, TT, N Waggon-Innenbeleuchtung, 8 LEDs warmwei\u00df"},"content":{"rendered":"<div class=\"content--description\">\n<div class=\"content--title\">Produktinformationen &#8222;H0, TT, N Waggon-Innenbeleuchtung, 8 LEDs warmwei\u00df&#8220;<\/div>\n<div class=\"product--description\">K\u00fcrzbare Innenbeleuchtung mit 8 wei\u00dfen, wartungsfreien LEDs. Konstantstromquelle integriert, f\u00fcr Flackerschutz vorbereitet. Gleichm\u00e4\u00dfige Ausleuchtung durch kleinen LED-Abstand. Geeignet f\u00fcr Waggons aller Hersteller, die f\u00fcr Innenbeleuchtung vorgesehen sind. Betrieb mit Gleich-, Wechsel- und Digitalstrom. Stromaufnahme im Betrieb max. 30 mA. Ma\u00dfe: L 13,2 x B 0,9 cm.<\/div>\n<\/div>\n","protected":false},"excerpt":{"rendered":"<p>Produktinformationen &#8222;H0, TT, N Waggon-Innenbeleuchtung, 8 LEDs warmwei\u00df&#8220; K\u00fcrzbare Innenbeleuchtung mit 8 wei\u00dfen, wartungsfreien LEDs. Konstantstromquelle integriert, f\u00fcr Flackerschutz vorbereitet. Gleichm\u00e4\u00dfige Ausleuchtung durch kleinen LED-Abstand. Geeignet f\u00fcr Waggons aller Hersteller, die f\u00fcr Innenbeleuchtung vorgesehen sind. Betrieb mit Gleich-, Wechsel- und Digitalstrom. Stromaufnahme im Betrieb max. 30 mA. Ma\u00dfe: L 13,2 x B 0,9 cm.<\/p>\n","protected":false},"featured_media":4769,"comment_status":"open","ping_status":"closed","template":"","meta":[],"product_brand":[],"product_cat":[130,144,137,38,37],"product_tag":[292,291],"class_list":{"0":"post-4768","1":"product","2":"type-product","3":"status-publish","4":"has-post-thumbnail","6":"product_cat-bahnzubehoer-h0","7":"product_cat-bahnzubehoer-n","8":"product_cat-bahnzubehoer-tt","9":"product_cat-unkategorisiert","10":"product_cat-viessmann","11":"product_tag-kein-spielzeug-nicht-geeignet-fuer-kinder-unter-14-jahren","12":"product_tag-warn-und-sicherheitshinweise-modellbauartikel","14":"first","15":"instock","16":"taxable","17":"shipping-taxable","18":"purchasable","19":"product-type-simple"},"jetpack_sharing_enabled":true,"_links":{"self":[{"href":"https:\/\/www.mg-modelleisenbahnbau.de\/startseite-2\/wp-json\/wp\/v2\/product\/4768","targetHints":{"allow":["GET"]}}],"collection":[{"href":"https:\/\/www.mg-modelleisenbahnbau.de\/startseite-2\/wp-json\/wp\/v2\/product"}],"about":[{"href":"https:\/\/www.mg-modelleisenbahnbau.de\/startseite-2\/wp-json\/wp\/v2\/types\/product"}],"replies":[{"embeddable":true,"href":"https:\/\/www.mg-modelleisenbahnbau.de\/startseite-2\/wp-json\/wp\/v2\/comments?post=4768"}],"wp:featuredmedia":[{"embeddable":true,"href":"https:\/\/www.mg-modelleisenbahnbau.de\/startseite-2\/wp-json\/wp\/v2\/media\/4769"}],"wp:attachment":[{"href":"https:\/\/www.mg-modelleisenbahnbau.de\/startseite-2\/wp-json\/wp\/v2\/media?parent=4768"}],"wp:term":[{"taxonomy":"product_brand","embeddable":true,"href":"https:\/\/www.mg-modelleisenbahnbau.de\/startseite-2\/wp-json\/wp\/v2\/product_brand?post=4768"},{"taxonomy":"product_cat","embeddable":true,"href":"https:\/\/www.mg-modelleisenbahnbau.de\/startseite-2\/wp-json\/wp\/v2\/product_cat?post=4768"},{"taxonomy":"product_tag","embeddable":true,"href":"https:\/\/www.mg-modelleisenbahnbau.de\/startseite-2\/wp-json\/wp\/v2\/product_tag?post=4768"}],"curies":[{"name":"wp","href":"https:\/\/api.w.org\/{rel}","templated":true}]}}