{"id":4758,"date":"2020-03-19T11:45:05","date_gmt":"2020-03-19T10:45:05","guid":{"rendered":"http:\/\/www.mg-modelleisenbahnbau.de\/?post_type=product&#038;p=4758"},"modified":"2025-06-29T22:14:49","modified_gmt":"2025-06-29T20:14:49","slug":"5046-h0-waggon-innenbeleuchtung-11-leds-weiss","status":"publish","type":"product","link":"https:\/\/www.mg-modelleisenbahnbau.de\/startseite-2\/produkt\/5046-h0-waggon-innenbeleuchtung-11-leds-weiss\/","title":{"rendered":"5046 H0 Waggon-Innenbeleuchtung, 11 LEDs wei\u00df"},"content":{"rendered":"<div class=\"content--description\">\n<div class=\"content--title\">Produktinformationen &#8222;H0 Waggon-Innenbeleuchtung, 11 LEDs wei\u00df&#8220;<\/div>\n<div class=\"product--description\">Vielfach k\u00fcrzbare Innenbeleuchtung mit 11 wartungsfreien, stromsparenden LEDs und hellem Licht. Helligkeit durch Potentiometer einstellbar. Geeignet f\u00fcr Waggons aller Hersteller, die f\u00fcr Beleuchtung vorgesehen sind. Befestigung der Platinen unter dem Waggondach. Durch K\u00fcrzen k\u00f6nnen die Platinen auf jede Waggonl\u00e4nge angepasst werden. Flackerschutz und Konstantstromquelle f\u00fcr gleichbleibend helles Licht integriert. Die Stromversorgung erfolgt entweder durch am Waggon vorhandene Schleifer\/Kontakts\u00e4tze oder durch unsere stromf\u00fchrenden Kupplungen Art. 5048\/5071. F\u00fcr Gleich-, Wechsel- und Digitalstrom geeignet. Anschlussm\u00f6glichkeit f\u00fcr Zugschlussbeleuchtung, z. B. Art. 5056. Stromaufnahme ca. 38 mA. Ma\u00dfe: L 25,4 x B 0,7 cm.<\/div>\n<\/div>\n","protected":false},"excerpt":{"rendered":"<p>Produktinformationen &#8222;H0 Waggon-Innenbeleuchtung, 11 LEDs wei\u00df&#8220; Vielfach k\u00fcrzbare Innenbeleuchtung mit 11 wartungsfreien, stromsparenden LEDs und hellem Licht. Helligkeit durch Potentiometer einstellbar. Geeignet f\u00fcr Waggons aller Hersteller, die f\u00fcr Beleuchtung vorgesehen sind. Befestigung der Platinen unter dem Waggondach. Durch K\u00fcrzen k\u00f6nnen die Platinen auf jede Waggonl\u00e4nge angepasst werden. Flackerschutz und Konstantstromquelle f\u00fcr gleichbleibend helles Licht integriert&#8230;.<\/p>\n","protected":false},"featured_media":4759,"comment_status":"open","ping_status":"closed","template":"","meta":[],"product_brand":[],"product_cat":[130,38,37],"product_tag":[292,291],"class_list":{"0":"post-4758","1":"product","2":"type-product","3":"status-publish","4":"has-post-thumbnail","6":"product_cat-bahnzubehoer-h0","7":"product_cat-unkategorisiert","8":"product_cat-viessmann","9":"product_tag-kein-spielzeug-nicht-geeignet-fuer-kinder-unter-14-jahren","10":"product_tag-warn-und-sicherheitshinweise-modellbauartikel","12":"first","13":"instock","14":"taxable","15":"shipping-taxable","16":"purchasable","17":"product-type-simple"},"jetpack_sharing_enabled":true,"_links":{"self":[{"href":"https:\/\/www.mg-modelleisenbahnbau.de\/startseite-2\/wp-json\/wp\/v2\/product\/4758","targetHints":{"allow":["GET"]}}],"collection":[{"href":"https:\/\/www.mg-modelleisenbahnbau.de\/startseite-2\/wp-json\/wp\/v2\/product"}],"about":[{"href":"https:\/\/www.mg-modelleisenbahnbau.de\/startseite-2\/wp-json\/wp\/v2\/types\/product"}],"replies":[{"embeddable":true,"href":"https:\/\/www.mg-modelleisenbahnbau.de\/startseite-2\/wp-json\/wp\/v2\/comments?post=4758"}],"wp:featuredmedia":[{"embeddable":true,"href":"https:\/\/www.mg-modelleisenbahnbau.de\/startseite-2\/wp-json\/wp\/v2\/media\/4759"}],"wp:attachment":[{"href":"https:\/\/www.mg-modelleisenbahnbau.de\/startseite-2\/wp-json\/wp\/v2\/media?parent=4758"}],"wp:term":[{"taxonomy":"product_brand","embeddable":true,"href":"https:\/\/www.mg-modelleisenbahnbau.de\/startseite-2\/wp-json\/wp\/v2\/product_brand?post=4758"},{"taxonomy":"product_cat","embeddable":true,"href":"https:\/\/www.mg-modelleisenbahnbau.de\/startseite-2\/wp-json\/wp\/v2\/product_cat?post=4758"},{"taxonomy":"product_tag","embeddable":true,"href":"https:\/\/www.mg-modelleisenbahnbau.de\/startseite-2\/wp-json\/wp\/v2\/product_tag?post=4758"}],"curies":[{"name":"wp","href":"https:\/\/api.w.org\/{rel}","templated":true}]}}