{"id":4754,"date":"2020-03-19T11:40:45","date_gmt":"2020-03-19T10:40:45","guid":{"rendered":"http:\/\/www.mg-modelleisenbahnbau.de\/?post_type=product&#038;p=4754"},"modified":"2025-06-29T22:14:50","modified_gmt":"2025-06-29T20:14:50","slug":"5048-h0-stromfuehrende-kupplungen-2-polig-1-paar","status":"publish","type":"product","link":"https:\/\/www.mg-modelleisenbahnbau.de\/startseite-2\/produkt\/5048-h0-stromfuehrende-kupplungen-2-polig-1-paar\/","title":{"rendered":"5048 H0 Stromf\u00fchrende Kupplungen, 2-polig, 1 Paar"},"content":{"rendered":"<div class=\"content--description\">\n<div class=\"content--title\">Produktinformationen &#8222;H0 Stromf\u00fchrende Kupplungen, 2-polig, 1 Paar&#8220;<\/div>\n<div class=\"product--description\">Diese Kupplungen basieren auf der Fleischmann Profi-Steckkupplung 6515 und k\u00f6nnen Strom bis zu einer St\u00e4rke von 1 A pro Kontakt \u00fcbertragen. Au\u00dferdem wirken sie vertikal zentrierend, dadurch wird unbeabsichtigtes Entkuppeln (z. B. beim \u00dcbergang in eine Steigung) wirkungsvoll vermieden. Normales Entkuppeln und Vorentkuppeln ist m\u00f6glich. Mit dieser Kupplung k\u00f6nnen Sie auf einfachste Weise den Strom f\u00fcr die Innenbeleuchtung Ihrer Waggons durch den ganzen Zug f\u00fchren. Dadurch sind nicht an jedem Waggon separate Stromschleifer erforderlich. Die Kupplung wird komplett mit 2 Anschlusskabeln geliefert und kann in einen vorhandenen NEM 362-Schacht eingesteckt werden. Aufgrund der d\u00fcnnen Kabel (0,6 mm) ist ein sehr einfacher Einbau m\u00f6glich.<\/div>\n<\/div>\n","protected":false},"excerpt":{"rendered":"<p>Produktinformationen &#8222;H0 Stromf\u00fchrende Kupplungen, 2-polig, 1 Paar&#8220; Diese Kupplungen basieren auf der Fleischmann Profi-Steckkupplung 6515 und k\u00f6nnen Strom bis zu einer St\u00e4rke von 1 A pro Kontakt \u00fcbertragen. Au\u00dferdem wirken sie vertikal zentrierend, dadurch wird unbeabsichtigtes Entkuppeln (z. B. beim \u00dcbergang in eine Steigung) wirkungsvoll vermieden. Normales Entkuppeln und Vorentkuppeln ist m\u00f6glich. Mit dieser Kupplung&#8230;<\/p>\n","protected":false},"featured_media":4755,"comment_status":"open","ping_status":"closed","template":"","meta":[],"product_brand":[],"product_cat":[130,38,37],"product_tag":[292,291],"class_list":{"0":"post-4754","1":"product","2":"type-product","3":"status-publish","4":"has-post-thumbnail","6":"product_cat-bahnzubehoer-h0","7":"product_cat-unkategorisiert","8":"product_cat-viessmann","9":"product_tag-kein-spielzeug-nicht-geeignet-fuer-kinder-unter-14-jahren","10":"product_tag-warn-und-sicherheitshinweise-modellbauartikel","12":"first","13":"instock","14":"taxable","15":"shipping-taxable","16":"purchasable","17":"product-type-simple"},"jetpack_sharing_enabled":true,"_links":{"self":[{"href":"https:\/\/www.mg-modelleisenbahnbau.de\/startseite-2\/wp-json\/wp\/v2\/product\/4754","targetHints":{"allow":["GET"]}}],"collection":[{"href":"https:\/\/www.mg-modelleisenbahnbau.de\/startseite-2\/wp-json\/wp\/v2\/product"}],"about":[{"href":"https:\/\/www.mg-modelleisenbahnbau.de\/startseite-2\/wp-json\/wp\/v2\/types\/product"}],"replies":[{"embeddable":true,"href":"https:\/\/www.mg-modelleisenbahnbau.de\/startseite-2\/wp-json\/wp\/v2\/comments?post=4754"}],"wp:featuredmedia":[{"embeddable":true,"href":"https:\/\/www.mg-modelleisenbahnbau.de\/startseite-2\/wp-json\/wp\/v2\/media\/4755"}],"wp:attachment":[{"href":"https:\/\/www.mg-modelleisenbahnbau.de\/startseite-2\/wp-json\/wp\/v2\/media?parent=4754"}],"wp:term":[{"taxonomy":"product_brand","embeddable":true,"href":"https:\/\/www.mg-modelleisenbahnbau.de\/startseite-2\/wp-json\/wp\/v2\/product_brand?post=4754"},{"taxonomy":"product_cat","embeddable":true,"href":"https:\/\/www.mg-modelleisenbahnbau.de\/startseite-2\/wp-json\/wp\/v2\/product_cat?post=4754"},{"taxonomy":"product_tag","embeddable":true,"href":"https:\/\/www.mg-modelleisenbahnbau.de\/startseite-2\/wp-json\/wp\/v2\/product_tag?post=4754"}],"curies":[{"name":"wp","href":"https:\/\/api.w.org\/{rel}","templated":true}]}}