{"id":4752,"date":"2020-03-19T11:37:55","date_gmt":"2020-03-19T10:37:55","guid":{"rendered":"http:\/\/www.mg-modelleisenbahnbau.de\/?post_type=product&#038;p=4752"},"modified":"2025-06-29T22:14:53","modified_gmt":"2025-06-29T20:14:53","slug":"5056-h0-zugschlussbeleuchtung-mit-led-2-stueck","status":"publish","type":"product","link":"https:\/\/www.mg-modelleisenbahnbau.de\/startseite-2\/produkt\/5056-h0-zugschlussbeleuchtung-mit-led-2-stueck\/","title":{"rendered":"5056 H0 Zugschlussbeleuchtung mit LED, 2 St\u00fcck"},"content":{"rendered":"<div class=\"content--description\">\n<div class=\"content--title\">Produktinformationen &#8222;H0 Zugschlussbeleuchtung mit LED, 2 St\u00fcck&#8220;<\/div>\n<div class=\"product--description\">2 rote LEDs zum Beleuchten von Schlussbeleuchtungen an Schienenfahrzeugen. Vorgesehen zum Anschluss an die Viessmann Waggon-Innenbeleuchtungen Art. 5046, 5049, 5050, 5076, 5077, 5078 mit bereits eingebautem Vorwiderstand. Um die Zugschlussbeleuchtung auch anderweitig nutzen zu k\u00f6nnen, liegen ein Widerstand (6k8) und eine Diode bei. Bei Verwendung dieser Bauteile ist der Anschluss der LEDs auch direkt an die Gleisspannung oder an die Funktionsausg\u00e4nge von Decodern m\u00f6glich. Durchmesser der LEDs 1,8 mm, Kabell\u00e4nge ca. 90 mm.<\/div>\n<\/div>\n","protected":false},"excerpt":{"rendered":"<p>Produktinformationen &#8222;H0 Zugschlussbeleuchtung mit LED, 2 St\u00fcck&#8220; 2 rote LEDs zum Beleuchten von Schlussbeleuchtungen an Schienenfahrzeugen. Vorgesehen zum Anschluss an die Viessmann Waggon-Innenbeleuchtungen Art. 5046, 5049, 5050, 5076, 5077, 5078 mit bereits eingebautem Vorwiderstand. Um die Zugschlussbeleuchtung auch anderweitig nutzen zu k\u00f6nnen, liegen ein Widerstand (6k8) und eine Diode bei. Bei Verwendung dieser Bauteile ist&#8230;<\/p>\n","protected":false},"featured_media":4753,"comment_status":"open","ping_status":"closed","template":"","meta":[],"product_brand":[],"product_cat":[130,38,37],"product_tag":[292,291],"class_list":{"0":"post-4752","1":"product","2":"type-product","3":"status-publish","4":"has-post-thumbnail","6":"product_cat-bahnzubehoer-h0","7":"product_cat-unkategorisiert","8":"product_cat-viessmann","9":"product_tag-kein-spielzeug-nicht-geeignet-fuer-kinder-unter-14-jahren","10":"product_tag-warn-und-sicherheitshinweise-modellbauartikel","12":"first","13":"instock","14":"taxable","15":"shipping-taxable","16":"purchasable","17":"product-type-simple"},"jetpack_sharing_enabled":true,"_links":{"self":[{"href":"https:\/\/www.mg-modelleisenbahnbau.de\/startseite-2\/wp-json\/wp\/v2\/product\/4752","targetHints":{"allow":["GET"]}}],"collection":[{"href":"https:\/\/www.mg-modelleisenbahnbau.de\/startseite-2\/wp-json\/wp\/v2\/product"}],"about":[{"href":"https:\/\/www.mg-modelleisenbahnbau.de\/startseite-2\/wp-json\/wp\/v2\/types\/product"}],"replies":[{"embeddable":true,"href":"https:\/\/www.mg-modelleisenbahnbau.de\/startseite-2\/wp-json\/wp\/v2\/comments?post=4752"}],"wp:featuredmedia":[{"embeddable":true,"href":"https:\/\/www.mg-modelleisenbahnbau.de\/startseite-2\/wp-json\/wp\/v2\/media\/4753"}],"wp:attachment":[{"href":"https:\/\/www.mg-modelleisenbahnbau.de\/startseite-2\/wp-json\/wp\/v2\/media?parent=4752"}],"wp:term":[{"taxonomy":"product_brand","embeddable":true,"href":"https:\/\/www.mg-modelleisenbahnbau.de\/startseite-2\/wp-json\/wp\/v2\/product_brand?post=4752"},{"taxonomy":"product_cat","embeddable":true,"href":"https:\/\/www.mg-modelleisenbahnbau.de\/startseite-2\/wp-json\/wp\/v2\/product_cat?post=4752"},{"taxonomy":"product_tag","embeddable":true,"href":"https:\/\/www.mg-modelleisenbahnbau.de\/startseite-2\/wp-json\/wp\/v2\/product_tag?post=4752"}],"curies":[{"name":"wp","href":"https:\/\/api.w.org\/{rel}","templated":true}]}}