{"id":4738,"date":"2020-03-19T10:45:52","date_gmt":"2020-03-19T09:45:52","guid":{"rendered":"http:\/\/www.mg-modelleisenbahnbau.de\/?post_type=product&#038;p=4738"},"modified":"2025-06-29T23:30:44","modified_gmt":"2025-06-29T21:30:44","slug":"5835-h0-andreaskreuze-4-stueck-mit-blinkelektronik","status":"publish","type":"product","link":"https:\/\/www.mg-modelleisenbahnbau.de\/startseite-2\/produkt\/5835-h0-andreaskreuze-4-stueck-mit-blinkelektronik\/","title":{"rendered":"5835 H0 Andreaskreuze, 4 St\u00fcck mit Blinkelektronik"},"content":{"rendered":"<div class=\"content--description\">\n<div class=\"content--title\">Produktinformationen &#8222;H0 Andreaskreuze, 4 St\u00fcck mit Blinkelektronik&#8220;<\/div>\n<div class=\"product--description\">Dieses Set besteht aus 4 Andreaskreuzen und einer Blinkelektronik Art. 5065. Wartungsfrei dank LED-Beleuchtung. F\u00fcr einen automatischen Betrieb sind zus\u00e4tzlich das elektronische Relais Art. 5552 und Schaltgleise bzw. die Schaltkontakte Art. 6840 erforderlich. H\u00f6he: 3,6 cm.<\/div>\n<\/div>\n","protected":false},"excerpt":{"rendered":"<p>Produktinformationen &#8222;H0 Andreaskreuze, 4 St\u00fcck mit Blinkelektronik&#8220; Dieses Set besteht aus 4 Andreaskreuzen und einer Blinkelektronik Art. 5065. Wartungsfrei dank LED-Beleuchtung. F\u00fcr einen automatischen Betrieb sind zus\u00e4tzlich das elektronische Relais Art. 5552 und Schaltgleise bzw. die Schaltkontakte Art. 6840 erforderlich. H\u00f6he: 3,6 cm.<\/p>\n","protected":false},"featured_media":4739,"comment_status":"open","ping_status":"closed","template":"","meta":[],"product_brand":[],"product_cat":[130,38,37],"product_tag":[292,291],"class_list":{"0":"post-4738","1":"product","2":"type-product","3":"status-publish","4":"has-post-thumbnail","6":"product_cat-bahnzubehoer-h0","7":"product_cat-unkategorisiert","8":"product_cat-viessmann","9":"product_tag-kein-spielzeug-nicht-geeignet-fuer-kinder-unter-14-jahren","10":"product_tag-warn-und-sicherheitshinweise-modellbauartikel","12":"first","13":"instock","14":"taxable","15":"shipping-taxable","16":"purchasable","17":"product-type-simple"},"jetpack_sharing_enabled":true,"_links":{"self":[{"href":"https:\/\/www.mg-modelleisenbahnbau.de\/startseite-2\/wp-json\/wp\/v2\/product\/4738","targetHints":{"allow":["GET"]}}],"collection":[{"href":"https:\/\/www.mg-modelleisenbahnbau.de\/startseite-2\/wp-json\/wp\/v2\/product"}],"about":[{"href":"https:\/\/www.mg-modelleisenbahnbau.de\/startseite-2\/wp-json\/wp\/v2\/types\/product"}],"replies":[{"embeddable":true,"href":"https:\/\/www.mg-modelleisenbahnbau.de\/startseite-2\/wp-json\/wp\/v2\/comments?post=4738"}],"wp:featuredmedia":[{"embeddable":true,"href":"https:\/\/www.mg-modelleisenbahnbau.de\/startseite-2\/wp-json\/wp\/v2\/media\/4739"}],"wp:attachment":[{"href":"https:\/\/www.mg-modelleisenbahnbau.de\/startseite-2\/wp-json\/wp\/v2\/media?parent=4738"}],"wp:term":[{"taxonomy":"product_brand","embeddable":true,"href":"https:\/\/www.mg-modelleisenbahnbau.de\/startseite-2\/wp-json\/wp\/v2\/product_brand?post=4738"},{"taxonomy":"product_cat","embeddable":true,"href":"https:\/\/www.mg-modelleisenbahnbau.de\/startseite-2\/wp-json\/wp\/v2\/product_cat?post=4738"},{"taxonomy":"product_tag","embeddable":true,"href":"https:\/\/www.mg-modelleisenbahnbau.de\/startseite-2\/wp-json\/wp\/v2\/product_tag?post=4738"}],"curies":[{"name":"wp","href":"https:\/\/api.w.org\/{rel}","templated":true}]}}