{"id":4723,"date":"2020-03-19T10:12:59","date_gmt":"2020-03-19T09:12:59","guid":{"rendered":"http:\/\/www.mg-modelleisenbahnbau.de\/?post_type=product&#038;p=4723"},"modified":"2025-06-29T22:26:32","modified_gmt":"2025-06-29T20:26:32","slug":"5086-led-leuchtstreifen-5-mm-breit-mit-warmweissen-leds-2000k","status":"publish","type":"product","link":"https:\/\/www.mg-modelleisenbahnbau.de\/startseite-2\/produkt\/5086-led-leuchtstreifen-5-mm-breit-mit-warmweissen-leds-2000k\/","title":{"rendered":"5086 LED-Leuchtstreifen 5 mm breit mit warmwei\u00dfen LEDs 2000K"},"content":{"rendered":"<div class=\"content--description\">\n<div class=\"content--title\">Produktinformationen &#8222;LED-Leuchtstreifen 5 mm breit mit warmwei\u00dfen LEDs 2000K&#8220;<\/div>\n<div class=\"product--description\">Diese LED-Leuchtstreifen eignen sich f\u00fcr station\u00e4re Beleuchtung. Sie bestehen aus flexiblem Material und sind auf der R\u00fcckseite mit Klebeband beschichtet. Dadurch lassen sie sich leicht einbauen und sogar gebogen verlegen. Die LED-Streifen sind vorgesehen f\u00fcr den Betrieb am Powermodul 5215, 5225 oder 5205 oder an Gleichspannungen ab ca. 18 V. Beiliegende Widerst\u00e4nde erm\u00f6glichen die Einstellung der Helligkeit. Der maximale Strom je Segment betr\u00e4gt 15 mA, der Streifen kann insgesamt mit 90 mA belastet werden. Betriebsspannung mit Vorwiderstand: 24V =. Inkl. Anschlusskabel. Nach jeweils 7 LEDs l\u00e4sst sich der Streifen trennen. Jedes Segment hat eine L\u00e4nge von ca. 42 mm, der Streifen enth\u00e4lt 6 Segmente und ist ca. 250 mm lang mit insgesamt 42 LEDs. Die Segmente sind parallelgeschaltet.<\/div>\n<\/div>\n","protected":false},"excerpt":{"rendered":"<p>Produktinformationen &#8222;LED-Leuchtstreifen 5 mm breit mit warmwei\u00dfen LEDs 2000K&#8220; Diese LED-Leuchtstreifen eignen sich f\u00fcr station\u00e4re Beleuchtung. Sie bestehen aus flexiblem Material und sind auf der R\u00fcckseite mit Klebeband beschichtet. Dadurch lassen sie sich leicht einbauen und sogar gebogen verlegen. Die LED-Streifen sind vorgesehen f\u00fcr den Betrieb am Powermodul 5215, 5225 oder 5205 oder an Gleichspannungen&#8230;<\/p>\n","protected":false},"featured_media":4724,"comment_status":"open","ping_status":"closed","template":"","meta":[],"product_brand":[],"product_cat":[123,132,38,37],"product_tag":[292,291],"class_list":{"0":"post-4723","1":"product","2":"type-product","3":"status-publish","4":"has-post-thumbnail","6":"product_cat-leuchten-h0","7":"product_cat-leuchten-tt","8":"product_cat-unkategorisiert","9":"product_cat-viessmann","10":"product_tag-kein-spielzeug-nicht-geeignet-fuer-kinder-unter-14-jahren","11":"product_tag-warn-und-sicherheitshinweise-modellbauartikel","13":"first","14":"instock","15":"taxable","16":"shipping-taxable","17":"purchasable","18":"product-type-simple"},"jetpack_sharing_enabled":true,"_links":{"self":[{"href":"https:\/\/www.mg-modelleisenbahnbau.de\/startseite-2\/wp-json\/wp\/v2\/product\/4723","targetHints":{"allow":["GET"]}}],"collection":[{"href":"https:\/\/www.mg-modelleisenbahnbau.de\/startseite-2\/wp-json\/wp\/v2\/product"}],"about":[{"href":"https:\/\/www.mg-modelleisenbahnbau.de\/startseite-2\/wp-json\/wp\/v2\/types\/product"}],"replies":[{"embeddable":true,"href":"https:\/\/www.mg-modelleisenbahnbau.de\/startseite-2\/wp-json\/wp\/v2\/comments?post=4723"}],"wp:featuredmedia":[{"embeddable":true,"href":"https:\/\/www.mg-modelleisenbahnbau.de\/startseite-2\/wp-json\/wp\/v2\/media\/4724"}],"wp:attachment":[{"href":"https:\/\/www.mg-modelleisenbahnbau.de\/startseite-2\/wp-json\/wp\/v2\/media?parent=4723"}],"wp:term":[{"taxonomy":"product_brand","embeddable":true,"href":"https:\/\/www.mg-modelleisenbahnbau.de\/startseite-2\/wp-json\/wp\/v2\/product_brand?post=4723"},{"taxonomy":"product_cat","embeddable":true,"href":"https:\/\/www.mg-modelleisenbahnbau.de\/startseite-2\/wp-json\/wp\/v2\/product_cat?post=4723"},{"taxonomy":"product_tag","embeddable":true,"href":"https:\/\/www.mg-modelleisenbahnbau.de\/startseite-2\/wp-json\/wp\/v2\/product_tag?post=4723"}],"curies":[{"name":"wp","href":"https:\/\/api.w.org\/{rel}","templated":true}]}}