{"id":4716,"date":"2020-03-16T10:47:01","date_gmt":"2020-03-16T09:47:01","guid":{"rendered":"http:\/\/www.mg-modelleisenbahnbau.de\/?post_type=product&#038;p=4716"},"modified":"2025-06-29T22:53:47","modified_gmt":"2025-06-29T20:53:47","slug":"5131-h0-hebebuehne-bewegt-ohne-fahrzeug","status":"publish","type":"product","link":"https:\/\/www.mg-modelleisenbahnbau.de\/startseite-2\/produkt\/5131-h0-hebebuehne-bewegt-ohne-fahrzeug\/","title":{"rendered":"5131 H0 Hebeb\u00fchne, bewegt (ohne Fahrzeug)"},"content":{"rendered":"<div class=\"content--description\">\n<div class=\"content--title\">Produktinformationen &#8222;H0 Hebeb\u00fchne, bewegt (ohne Fahrzeug)&#8220;<\/div>\n<div class=\"product--description\">Ein-S\u00e4ulen-Hebeb\u00fchne mit Bewegung zur realistischen Ausstattung von Autowerkst\u00e4tten, Betriebsh\u00f6fen usw. Der integrierte Digitaldecoder ist multiprotokollf\u00e4hig und versteht die Formate DCC und MM. Au\u00dferdem verf\u00fcgt das Modell \u00fcber ein zufallsgesteuertes Schauprogramm (Diorama-Modus). Mit Unterflur-Antrieb. Einbautiefe: 50 mm. Ma\u00dfe: L 6,8 x B 2,0 x H 0,4 \u2013 2,2 cm. Passt perfekt zum ARAL Tankstelle Vollmer Art. 45156, kibri Art. 38541 und der Viessmann Figur Art. 1538 Schwei\u00dfer mit Schwei\u00dflicht.<\/div>\n<\/div>\n","protected":false},"excerpt":{"rendered":"<p>Produktinformationen &#8222;H0 Hebeb\u00fchne, bewegt (ohne Fahrzeug)&#8220; Ein-S\u00e4ulen-Hebeb\u00fchne mit Bewegung zur realistischen Ausstattung von Autowerkst\u00e4tten, Betriebsh\u00f6fen usw. Der integrierte Digitaldecoder ist multiprotokollf\u00e4hig und versteht die Formate DCC und MM. Au\u00dferdem verf\u00fcgt das Modell \u00fcber ein zufallsgesteuertes Schauprogramm (Diorama-Modus). Mit Unterflur-Antrieb. Einbautiefe: 50 mm. Ma\u00dfe: L 6,8 x B 2,0 x H 0,4 \u2013 2,2 cm. Passt&#8230;<\/p>\n","protected":false},"featured_media":4717,"comment_status":"open","ping_status":"closed","template":"","meta":[],"product_brand":[],"product_cat":[129,38,37,124],"product_tag":[292,291],"class_list":{"0":"post-4716","1":"product","2":"type-product","3":"status-publish","4":"has-post-thumbnail","6":"product_cat-emotion-h0","7":"product_cat-unkategorisiert","8":"product_cat-viessmann","9":"product_cat-viessmann-spur-h0","10":"product_tag-kein-spielzeug-nicht-geeignet-fuer-kinder-unter-14-jahren","11":"product_tag-warn-und-sicherheitshinweise-modellbauartikel","13":"first","14":"instock","15":"taxable","16":"shipping-taxable","17":"purchasable","18":"product-type-simple"},"jetpack_sharing_enabled":true,"_links":{"self":[{"href":"https:\/\/www.mg-modelleisenbahnbau.de\/startseite-2\/wp-json\/wp\/v2\/product\/4716","targetHints":{"allow":["GET"]}}],"collection":[{"href":"https:\/\/www.mg-modelleisenbahnbau.de\/startseite-2\/wp-json\/wp\/v2\/product"}],"about":[{"href":"https:\/\/www.mg-modelleisenbahnbau.de\/startseite-2\/wp-json\/wp\/v2\/types\/product"}],"replies":[{"embeddable":true,"href":"https:\/\/www.mg-modelleisenbahnbau.de\/startseite-2\/wp-json\/wp\/v2\/comments?post=4716"}],"wp:featuredmedia":[{"embeddable":true,"href":"https:\/\/www.mg-modelleisenbahnbau.de\/startseite-2\/wp-json\/wp\/v2\/media\/4717"}],"wp:attachment":[{"href":"https:\/\/www.mg-modelleisenbahnbau.de\/startseite-2\/wp-json\/wp\/v2\/media?parent=4716"}],"wp:term":[{"taxonomy":"product_brand","embeddable":true,"href":"https:\/\/www.mg-modelleisenbahnbau.de\/startseite-2\/wp-json\/wp\/v2\/product_brand?post=4716"},{"taxonomy":"product_cat","embeddable":true,"href":"https:\/\/www.mg-modelleisenbahnbau.de\/startseite-2\/wp-json\/wp\/v2\/product_cat?post=4716"},{"taxonomy":"product_tag","embeddable":true,"href":"https:\/\/www.mg-modelleisenbahnbau.de\/startseite-2\/wp-json\/wp\/v2\/product_tag?post=4716"}],"curies":[{"name":"wp","href":"https:\/\/api.w.org\/{rel}","templated":true}]}}