{"id":4527,"date":"2020-03-06T21:10:24","date_gmt":"2020-03-06T20:10:24","guid":{"rendered":"http:\/\/www.mg-modelleisenbahnbau.de\/?post_type=product&#038;p=4527"},"modified":"2025-04-23T06:14:11","modified_gmt":"2025-04-23T04:14:11","slug":"n-%c2%b7-bogenbruecke-%c2%b7-2-gleisig-%c2%b7-27-cm-bn-27-2","status":"publish","type":"product","link":"https:\/\/www.mg-modelleisenbahnbau.de\/startseite-2\/produkt\/n-%c2%b7-bogenbruecke-%c2%b7-2-gleisig-%c2%b7-27-cm-bn-27-2\/","title":{"rendered":"N \u00b7 Bogenbr\u00fccke \u00b7 2-gleisig \u00b7 27 cm BN 27-2"},"content":{"rendered":"<p>Gr\u00f6\u00dfe: 27 x 6 x 8 cm<\/p>\n<p>Gleismittenabstand bei allen 2-gleisigen geraden N-Br\u00fccken: 2,7 cm<\/p>\n<p><strong>ACHTUNG:<\/strong>\u00a0Unsere Br\u00fccken und sonstigen Artikel\u00a0sind aus sehr feinem Metall\u00a0oder aus z.T.\u00a0feinstem Holz- bzw. Kartonteilen gearbeitet und deshalb nur f\u00fcr den Modellbau durch Erwachsene vorgesehen.\u00a0Als Spielzeug\u00a0und f\u00fcr\u00a0Kinder unter 14 Jahren sind sie nicht geeignet !<\/p>\n","protected":false},"excerpt":{"rendered":"<p>Gr\u00f6\u00dfe: 27 x 6 x 8 cm Gleismittenabstand bei allen 2-gleisigen geraden N-Br\u00fccken: 2,7 cm ACHTUNG:\u00a0Unsere Br\u00fccken und sonstigen Artikel\u00a0sind aus sehr feinem Metall\u00a0oder aus z.T.\u00a0feinstem Holz- bzw. Kartonteilen gearbeitet und deshalb nur f\u00fcr den Modellbau durch Erwachsene vorgesehen.\u00a0Als Spielzeug\u00a0und f\u00fcr\u00a0Kinder unter 14 Jahren sind sie nicht geeignet !<\/p>\n","protected":false},"featured_media":4528,"comment_status":"open","ping_status":"closed","template":"","meta":[],"product_brand":[],"product_cat":[106,43,102,38],"product_tag":[],"class_list":{"0":"post-4527","1":"product","2":"type-product","3":"status-publish","4":"has-post-thumbnail","6":"product_cat-bogenbruecken-spurn","7":"product_cat-hack-bruecken","8":"product_cat-spurn","9":"product_cat-unkategorisiert","11":"first","12":"instock","13":"taxable","14":"shipping-taxable","15":"purchasable","16":"product-type-simple"},"jetpack_sharing_enabled":true,"_links":{"self":[{"href":"https:\/\/www.mg-modelleisenbahnbau.de\/startseite-2\/wp-json\/wp\/v2\/product\/4527","targetHints":{"allow":["GET"]}}],"collection":[{"href":"https:\/\/www.mg-modelleisenbahnbau.de\/startseite-2\/wp-json\/wp\/v2\/product"}],"about":[{"href":"https:\/\/www.mg-modelleisenbahnbau.de\/startseite-2\/wp-json\/wp\/v2\/types\/product"}],"replies":[{"embeddable":true,"href":"https:\/\/www.mg-modelleisenbahnbau.de\/startseite-2\/wp-json\/wp\/v2\/comments?post=4527"}],"wp:featuredmedia":[{"embeddable":true,"href":"https:\/\/www.mg-modelleisenbahnbau.de\/startseite-2\/wp-json\/wp\/v2\/media\/4528"}],"wp:attachment":[{"href":"https:\/\/www.mg-modelleisenbahnbau.de\/startseite-2\/wp-json\/wp\/v2\/media?parent=4527"}],"wp:term":[{"taxonomy":"product_brand","embeddable":true,"href":"https:\/\/www.mg-modelleisenbahnbau.de\/startseite-2\/wp-json\/wp\/v2\/product_brand?post=4527"},{"taxonomy":"product_cat","embeddable":true,"href":"https:\/\/www.mg-modelleisenbahnbau.de\/startseite-2\/wp-json\/wp\/v2\/product_cat?post=4527"},{"taxonomy":"product_tag","embeddable":true,"href":"https:\/\/www.mg-modelleisenbahnbau.de\/startseite-2\/wp-json\/wp\/v2\/product_tag?post=4527"}],"curies":[{"name":"wp","href":"https:\/\/api.w.org\/{rel}","templated":true}]}}