{"id":4442,"date":"2020-03-06T16:52:00","date_gmt":"2020-03-06T15:52:00","guid":{"rendered":"http:\/\/www.mg-modelleisenbahnbau.de\/?post_type=product&#038;p=4442"},"modified":"2025-08-22T07:36:18","modified_gmt":"2025-08-22T05:36:18","slug":"0-%c2%b7-bogenbruecke-%c2%b7-75-cm-%c2%b7-1-gleisig-b0-75","status":"publish","type":"product","link":"https:\/\/www.mg-modelleisenbahnbau.de\/startseite-2\/produkt\/0-%c2%b7-bogenbruecke-%c2%b7-75-cm-%c2%b7-1-gleisig-b0-75\/","title":{"rendered":"0 \u00b7 Bogenbr\u00fccke \u00b7 75 cm \u00b7 1-gleisig B0 75"},"content":{"rendered":"<p><span style=\"color: #000000; font-size: small;\">Gr\u00f6\u00dfe:\u00a075 x\u00a011,4 x\u00a022,2 cm<\/span><\/p>\n<p><strong>ACHTUNG:<\/strong>\u00a0Unsere Br\u00fccken und sonstigen Artikel\u00a0sind aus sehr feinem Metall\u00a0oder aus z.T.\u00a0feinstem Holz- bzw. Kartonteilen gearbeitet und deshalb nur f\u00fcr den Modellbau durch Erwachsene vorgesehen.\u00a0Als Spielzeug\u00a0und f\u00fcr\u00a0Kinder unter 14 Jahren sind sie nicht geeignet !<\/p>\n<p>Alle unsere Metallbr\u00fccken sind Fertigmodelle aus Wei\u00dfblech, Sonderanfertigungen\u00a0nach speziellen Kundenw\u00fcnschen sind leider nicht m\u00f6glich! Ma\u00dfangaben: (L\u00e4nge\/Breite\/H\u00f6he)<\/p>\n<p>&nbsp;<\/p>\n","protected":false},"excerpt":{"rendered":"<p>Gr\u00f6\u00dfe:\u00a075 x\u00a011,4 x\u00a022,2 cm ACHTUNG:\u00a0Unsere Br\u00fccken und sonstigen Artikel\u00a0sind aus sehr feinem Metall\u00a0oder aus z.T.\u00a0feinstem Holz- bzw. Kartonteilen gearbeitet und deshalb nur f\u00fcr den Modellbau durch Erwachsene vorgesehen.\u00a0Als Spielzeug\u00a0und f\u00fcr\u00a0Kinder unter 14 Jahren sind sie nicht geeignet ! Alle unsere Metallbr\u00fccken sind Fertigmodelle aus Wei\u00dfblech, Sonderanfertigungen\u00a0nach speziellen Kundenw\u00fcnschen sind leider nicht m\u00f6glich! Ma\u00dfangaben: (L\u00e4nge\/Breite\/H\u00f6he) &nbsp;<\/p>\n","protected":false},"featured_media":4443,"comment_status":"open","ping_status":"closed","template":"","meta":[],"product_brand":[],"product_cat":[43,100,38],"product_tag":[],"class_list":{"0":"post-4442","1":"product","2":"type-product","3":"status-publish","4":"has-post-thumbnail","6":"product_cat-hack-bruecken","7":"product_cat-spur-0","8":"product_cat-unkategorisiert","10":"first","11":"instock","12":"taxable","13":"shipping-taxable","14":"purchasable","15":"product-type-simple"},"jetpack_sharing_enabled":true,"_links":{"self":[{"href":"https:\/\/www.mg-modelleisenbahnbau.de\/startseite-2\/wp-json\/wp\/v2\/product\/4442","targetHints":{"allow":["GET"]}}],"collection":[{"href":"https:\/\/www.mg-modelleisenbahnbau.de\/startseite-2\/wp-json\/wp\/v2\/product"}],"about":[{"href":"https:\/\/www.mg-modelleisenbahnbau.de\/startseite-2\/wp-json\/wp\/v2\/types\/product"}],"replies":[{"embeddable":true,"href":"https:\/\/www.mg-modelleisenbahnbau.de\/startseite-2\/wp-json\/wp\/v2\/comments?post=4442"}],"wp:featuredmedia":[{"embeddable":true,"href":"https:\/\/www.mg-modelleisenbahnbau.de\/startseite-2\/wp-json\/wp\/v2\/media\/4443"}],"wp:attachment":[{"href":"https:\/\/www.mg-modelleisenbahnbau.de\/startseite-2\/wp-json\/wp\/v2\/media?parent=4442"}],"wp:term":[{"taxonomy":"product_brand","embeddable":true,"href":"https:\/\/www.mg-modelleisenbahnbau.de\/startseite-2\/wp-json\/wp\/v2\/product_brand?post=4442"},{"taxonomy":"product_cat","embeddable":true,"href":"https:\/\/www.mg-modelleisenbahnbau.de\/startseite-2\/wp-json\/wp\/v2\/product_cat?post=4442"},{"taxonomy":"product_tag","embeddable":true,"href":"https:\/\/www.mg-modelleisenbahnbau.de\/startseite-2\/wp-json\/wp\/v2\/product_tag?post=4442"}],"curies":[{"name":"wp","href":"https:\/\/api.w.org\/{rel}","templated":true}]}}