{"id":4417,"date":"2020-03-06T16:08:17","date_gmt":"2020-03-06T15:08:17","guid":{"rendered":"http:\/\/www.mg-modelleisenbahnbau.de\/?post_type=product&#038;p=4417"},"modified":"2025-08-22T07:37:14","modified_gmt":"2025-08-22T05:37:14","slug":"spur1-%c2%b7-blechtraegerbruecke-%c2%b7-48-cm-%c2%b7-1-gleisig-t1-48","status":"publish","type":"product","link":"https:\/\/www.mg-modelleisenbahnbau.de\/startseite-2\/produkt\/spur1-%c2%b7-blechtraegerbruecke-%c2%b7-48-cm-%c2%b7-1-gleisig-t1-48\/","title":{"rendered":"Spur1 \u00b7 Blechtr\u00e4gerbr\u00fccke \u00b7 48 cm \u00b7 1-gleisig T1-48"},"content":{"rendered":"<div id=\"ProductIntroduction-P182\" class=\"GC11 ProductIntroduction\">\n<p align=\"left\"><span style=\"color: #000000; font-size: small;\">Gr\u00f6\u00dfe: 48,0 x 15,0 x 10,5 cm<\/span><\/p>\n<p><strong>ACHTUNG:<\/strong>\u00a0Unsere Br\u00fccken und sonstigen Artikel\u00a0sind aus sehr feinem Metall\u00a0oder aus z.T.\u00a0feinstem Holz- bzw. Kartonteilen gearbeitet und deshalb nur f\u00fcr den Modellbau durch Erwachsene vorgesehen.\u00a0Als Spielzeug\u00a0und f\u00fcr\u00a0Kinder unter 14 Jahren sind sie nicht geeignet !<\/p>\n<p>Alle unsere Metallbr\u00fccken sind Fertigmodelle aus Wei\u00dfblech, Sonderanfertigungen\u00a0nach speziellen Kundenw\u00fcnschen sind leider nicht m\u00f6glich! Ma\u00dfangaben: (L\u00e4nge\/Breite\/H\u00f6he)<\/p>\n<\/div>\n<div class=\"ProductMoreDetailsContainer\"><\/div>\n","protected":false},"excerpt":{"rendered":"<p>Gr\u00f6\u00dfe: 48,0 x 15,0 x 10,5 cm ACHTUNG:\u00a0Unsere Br\u00fccken und sonstigen Artikel\u00a0sind aus sehr feinem Metall\u00a0oder aus z.T.\u00a0feinstem Holz- bzw. Kartonteilen gearbeitet und deshalb nur f\u00fcr den Modellbau durch Erwachsene vorgesehen.\u00a0Als Spielzeug\u00a0und f\u00fcr\u00a0Kinder unter 14 Jahren sind sie nicht geeignet ! Alle unsere Metallbr\u00fccken sind Fertigmodelle aus Wei\u00dfblech, Sonderanfertigungen\u00a0nach speziellen Kundenw\u00fcnschen sind leider nicht m\u00f6glich!&#8230;<\/p>\n","protected":false},"featured_media":4450,"comment_status":"open","ping_status":"closed","template":"","meta":[],"product_brand":[],"product_cat":[43,99,38],"product_tag":[],"class_list":{"0":"post-4417","1":"product","2":"type-product","3":"status-publish","4":"has-post-thumbnail","6":"product_cat-hack-bruecken","7":"product_cat-spur-1","8":"product_cat-unkategorisiert","10":"first","11":"instock","12":"taxable","13":"shipping-taxable","14":"purchasable","15":"product-type-simple"},"jetpack_sharing_enabled":true,"_links":{"self":[{"href":"https:\/\/www.mg-modelleisenbahnbau.de\/startseite-2\/wp-json\/wp\/v2\/product\/4417","targetHints":{"allow":["GET"]}}],"collection":[{"href":"https:\/\/www.mg-modelleisenbahnbau.de\/startseite-2\/wp-json\/wp\/v2\/product"}],"about":[{"href":"https:\/\/www.mg-modelleisenbahnbau.de\/startseite-2\/wp-json\/wp\/v2\/types\/product"}],"replies":[{"embeddable":true,"href":"https:\/\/www.mg-modelleisenbahnbau.de\/startseite-2\/wp-json\/wp\/v2\/comments?post=4417"}],"wp:featuredmedia":[{"embeddable":true,"href":"https:\/\/www.mg-modelleisenbahnbau.de\/startseite-2\/wp-json\/wp\/v2\/media\/4450"}],"wp:attachment":[{"href":"https:\/\/www.mg-modelleisenbahnbau.de\/startseite-2\/wp-json\/wp\/v2\/media?parent=4417"}],"wp:term":[{"taxonomy":"product_brand","embeddable":true,"href":"https:\/\/www.mg-modelleisenbahnbau.de\/startseite-2\/wp-json\/wp\/v2\/product_brand?post=4417"},{"taxonomy":"product_cat","embeddable":true,"href":"https:\/\/www.mg-modelleisenbahnbau.de\/startseite-2\/wp-json\/wp\/v2\/product_cat?post=4417"},{"taxonomy":"product_tag","embeddable":true,"href":"https:\/\/www.mg-modelleisenbahnbau.de\/startseite-2\/wp-json\/wp\/v2\/product_tag?post=4417"}],"curies":[{"name":"wp","href":"https:\/\/api.w.org\/{rel}","templated":true}]}}