{"id":4312,"date":"2020-03-06T10:32:25","date_gmt":"2020-03-06T09:32:25","guid":{"rendered":"http:\/\/www.mg-modelleisenbahnbau.de\/?post_type=product&#038;p=4312"},"modified":"2025-01-03T21:31:28","modified_gmt":"2025-01-03T20:31:28","slug":"h0-%c2%b7-blechtraegerelemente-%c2%b7-35-cm-t-350","status":"publish","type":"product","link":"https:\/\/www.mg-modelleisenbahnbau.de\/startseite-2\/produkt\/h0-%c2%b7-blechtraegerelemente-%c2%b7-35-cm-t-350\/","title":{"rendered":"H0 \u00b7 Blechtr\u00e4gerelemente \u00b7 35 cm T 350"},"content":{"rendered":"<p>Gr\u00f6\u00dfe: 35 x 6,8 x 4,6 cm<\/p>\n<table id=\"ProductImageContainer\" class=\"ProductImageContainer\" border=\"0\" cellspacing=\"0\" cellpadding=\"0\">\n<tbody>\n<tr>\n<td>\n<div class=\"ImgLink\">\n<div id=\"ProductImage-P151\" class=\"ProductImage\"><img decoding=\"async\" id=\"IP151\" title=\"tp89-15 bis tp409-15\" src=\"https:\/\/www.hack-bruecken.de\/contents\/media\/t_tp89-15%20bis%20tp409-15.jpg\" alt=\"tp89-15 bis tp409-15\" width=\"200\" name=\"IP151\" align=\"\" border=\"0\" hspace=\"\" vspace=\"\" \/><\/div>\n<\/div>\n<\/td>\n<\/tr>\n<tr>\n<td>\n<div id=\"pici-P151\" class=\"GC24 ProductImageCaptionIcon ImgLink\" title=\"Zoom\"><\/div>\n<\/td>\n<\/tr>\n<\/tbody>\n<\/table>\n<div id=\"ProductIntroduction-P151\" class=\"GC11 ProductIntroduction\">\n<p>L\u00e4nge:\u00a015 cm<\/p>\n<p><span style=\"color: #009300;\">Pfeiler werden l\u00e4ngs zur Fahrtrichtung gesetzt<\/span><\/p>\n<p>H\u00f6he: 8,9 bis 40,9 cm<\/p>\n<\/div>\n<p><strong>ACHTUNG:<\/strong>\u00a0Unsere Br\u00fccken und sonstigen Artikel\u00a0sind aus sehr feinem Metall\u00a0oder aus z.T.\u00a0feinstem Holz- bzw. Kartonteilen gearbeitet und deshalb nur f\u00fcr den Modellbau durch Erwachsene vorgesehen.\u00a0Als Spielzeug\u00a0und f\u00fcr\u00a0Kinder unter 14 Jahren sind sie nicht geeignet !<\/p>\n","protected":false},"excerpt":{"rendered":"<p>Gr\u00f6\u00dfe: 35 x 6,8 x 4,6 cm L\u00e4nge:\u00a015 cm Pfeiler werden l\u00e4ngs zur Fahrtrichtung gesetzt H\u00f6he: 8,9 bis 40,9 cm ACHTUNG:\u00a0Unsere Br\u00fccken und sonstigen Artikel\u00a0sind aus sehr feinem Metall\u00a0oder aus z.T.\u00a0feinstem Holz- bzw. Kartonteilen gearbeitet und deshalb nur f\u00fcr den Modellbau durch Erwachsene vorgesehen.\u00a0Als Spielzeug\u00a0und f\u00fcr\u00a0Kinder unter 14 Jahren sind sie nicht geeignet !<\/p>\n","protected":false},"featured_media":4344,"comment_status":"open","ping_status":"closed","template":"","meta":[],"product_brand":[],"product_cat":[96,43,78,38],"product_tag":[],"class_list":{"0":"post-4312","1":"product","2":"type-product","3":"status-publish","4":"has-post-thumbnail","6":"product_cat-amerik-trestle-bridges","7":"product_cat-hack-bruecken","8":"product_cat-spur-h0-hack-bruecken","9":"product_cat-unkategorisiert","11":"first","12":"instock","13":"taxable","14":"shipping-taxable","15":"purchasable","16":"product-type-simple"},"jetpack_sharing_enabled":true,"_links":{"self":[{"href":"https:\/\/www.mg-modelleisenbahnbau.de\/startseite-2\/wp-json\/wp\/v2\/product\/4312","targetHints":{"allow":["GET"]}}],"collection":[{"href":"https:\/\/www.mg-modelleisenbahnbau.de\/startseite-2\/wp-json\/wp\/v2\/product"}],"about":[{"href":"https:\/\/www.mg-modelleisenbahnbau.de\/startseite-2\/wp-json\/wp\/v2\/types\/product"}],"replies":[{"embeddable":true,"href":"https:\/\/www.mg-modelleisenbahnbau.de\/startseite-2\/wp-json\/wp\/v2\/comments?post=4312"}],"wp:featuredmedia":[{"embeddable":true,"href":"https:\/\/www.mg-modelleisenbahnbau.de\/startseite-2\/wp-json\/wp\/v2\/media\/4344"}],"wp:attachment":[{"href":"https:\/\/www.mg-modelleisenbahnbau.de\/startseite-2\/wp-json\/wp\/v2\/media?parent=4312"}],"wp:term":[{"taxonomy":"product_brand","embeddable":true,"href":"https:\/\/www.mg-modelleisenbahnbau.de\/startseite-2\/wp-json\/wp\/v2\/product_brand?post=4312"},{"taxonomy":"product_cat","embeddable":true,"href":"https:\/\/www.mg-modelleisenbahnbau.de\/startseite-2\/wp-json\/wp\/v2\/product_cat?post=4312"},{"taxonomy":"product_tag","embeddable":true,"href":"https:\/\/www.mg-modelleisenbahnbau.de\/startseite-2\/wp-json\/wp\/v2\/product_tag?post=4312"}],"curies":[{"name":"wp","href":"https:\/\/api.w.org\/{rel}","templated":true}]}}