{"id":4047,"date":"2020-02-27T13:51:16","date_gmt":"2020-02-27T12:51:16","guid":{"rendered":"http:\/\/www.mg-modelleisenbahnbau.de\/?post_type=product&#038;p=4047"},"modified":"2025-06-30T17:22:39","modified_gmt":"2025-06-30T15:22:39","slug":"39549-h0-moderner-bahnsteig-fuer-c-gleis","status":"publish","type":"product","link":"https:\/\/www.mg-modelleisenbahnbau.de\/startseite-2\/produkt\/39549-h0-moderner-bahnsteig-fuer-c-gleis\/","title":{"rendered":"39549 H0 Moderner Bahnsteig f\u00fcr C-Gleis"},"content":{"rendered":"<div class=\"content--description\">\n<div class=\"content--title\">Produktinformationen &#8222;H0 Moderner Bahnsteig f\u00fcr C-Gleis&#8220;<\/div>\n<div class=\"product--description\">Bausatz. Moderner Bahnsteig f\u00fcr C-Gleis. Seitlich an das Gleisbett angepasster Bahnsteig f\u00fcr den idealen Abstand zum Zug. Der Bahnsteig kann mit weiteren Baus\u00e4tzen beliebig verl\u00e4ngert werden. Ma\u00dfe: L 36,8 x B 3,4\/4,1 x H 1,9 cm. Schwierigkeitsgrad: 2 (Fortgeschrittene).<\/div>\n<\/div>\n","protected":false},"excerpt":{"rendered":"<p>Produktinformationen &#8222;H0 Moderner Bahnsteig f\u00fcr C-Gleis&#8220; Bausatz. Moderner Bahnsteig f\u00fcr C-Gleis. Seitlich an das Gleisbett angepasster Bahnsteig f\u00fcr den idealen Abstand zum Zug. Der Bahnsteig kann mit weiteren Baus\u00e4tzen beliebig verl\u00e4ngert werden. Ma\u00dfe: L 36,8 x B 3,4\/4,1 x H 1,9 cm. Schwierigkeitsgrad: 2 (Fortgeschrittene).<\/p>\n","protected":false},"featured_media":4048,"comment_status":"open","ping_status":"closed","template":"","meta":[],"product_brand":[],"product_cat":[204,44,201,38],"product_tag":[292,291],"class_list":{"0":"post-4047","1":"product","2":"type-product","3":"status-publish","4":"has-post-thumbnail","6":"product_cat-bahnsteige-ho","7":"product_cat-kibri","8":"product_cat-kibri-spur-ho","9":"product_cat-unkategorisiert","10":"product_tag-kein-spielzeug-nicht-geeignet-fuer-kinder-unter-14-jahren","11":"product_tag-warn-und-sicherheitshinweise-modellbauartikel","13":"first","14":"instock","15":"taxable","16":"shipping-taxable","17":"purchasable","18":"product-type-simple"},"jetpack_sharing_enabled":true,"_links":{"self":[{"href":"https:\/\/www.mg-modelleisenbahnbau.de\/startseite-2\/wp-json\/wp\/v2\/product\/4047","targetHints":{"allow":["GET"]}}],"collection":[{"href":"https:\/\/www.mg-modelleisenbahnbau.de\/startseite-2\/wp-json\/wp\/v2\/product"}],"about":[{"href":"https:\/\/www.mg-modelleisenbahnbau.de\/startseite-2\/wp-json\/wp\/v2\/types\/product"}],"replies":[{"embeddable":true,"href":"https:\/\/www.mg-modelleisenbahnbau.de\/startseite-2\/wp-json\/wp\/v2\/comments?post=4047"}],"wp:featuredmedia":[{"embeddable":true,"href":"https:\/\/www.mg-modelleisenbahnbau.de\/startseite-2\/wp-json\/wp\/v2\/media\/4048"}],"wp:attachment":[{"href":"https:\/\/www.mg-modelleisenbahnbau.de\/startseite-2\/wp-json\/wp\/v2\/media?parent=4047"}],"wp:term":[{"taxonomy":"product_brand","embeddable":true,"href":"https:\/\/www.mg-modelleisenbahnbau.de\/startseite-2\/wp-json\/wp\/v2\/product_brand?post=4047"},{"taxonomy":"product_cat","embeddable":true,"href":"https:\/\/www.mg-modelleisenbahnbau.de\/startseite-2\/wp-json\/wp\/v2\/product_cat?post=4047"},{"taxonomy":"product_tag","embeddable":true,"href":"https:\/\/www.mg-modelleisenbahnbau.de\/startseite-2\/wp-json\/wp\/v2\/product_tag?post=4047"}],"curies":[{"name":"wp","href":"https:\/\/api.w.org\/{rel}","templated":true}]}}