{"id":4045,"date":"2020-02-27T13:47:07","date_gmt":"2020-02-27T12:47:07","guid":{"rendered":"http:\/\/www.mg-modelleisenbahnbau.de\/?post_type=product&#038;p=4045"},"modified":"2025-06-29T22:38:35","modified_gmt":"2025-06-29T20:38:35","slug":"5108-h0-bahnschranke-ebuet-80-vollautomatisch","status":"publish","type":"product","link":"https:\/\/www.mg-modelleisenbahnbau.de\/startseite-2\/produkt\/5108-h0-bahnschranke-ebuet-80-vollautomatisch\/","title":{"rendered":"5108 H0 Bahnschranke EB\u00dcT 80, vollautomatisch"},"content":{"rendered":"<div class=\"content--description\">\n<div class=\"content--title\">Produktinformationen &#8222;H0 Bahnschranke EB\u00dcT 80, vollautomatisch&#8220;<\/div>\n<div class=\"product--description\">Bahn\u00fcbergang mit 2 Bahnschranken, angetrieben durch 2 getrennte Unterflur-Antriebe. Die Antriebe erm\u00f6glichen vorbildgetreu ein langsames \u00d6ffnen und Schlie\u00dfen der Schranken mit 2 Geschwindigkeiten. Die Stra\u00dfe kann \u00fcber beliebig viele Gleise f\u00fchren. Gleisf\u00fcllst\u00fccke, Auffahrrampen sowie bedruckte Verkehrszeichen liegen bei. Der integrierte Digitaldecoder ist multiprotokollf\u00e4hig und versteht die Formate DCC und MM. F\u00fcr den automatischen Betrieb sind Schaltgleise bzw. die Schaltkontakte Art. 6840 erforderlich. Bei zweigleisiger Strecke ben\u00f6tigen Sie zus\u00e4tzlich das elektronische Relais Art. 5552. Weitere Gleisf\u00fcllst\u00fccke sind unter Art. 5105 (Zweileiter) und Art. 5106 (Dreileiter) erh\u00e4ltlich. Passendes Soundmodul: Art. 5556. L\u00e4nge eines Schrankenbaumes: ca. 6,3 cm.<\/div>\n<div><span class=\"delivery--text delivery--text-more-is-coming\" style=\"color: #ff0000;\"><strong><br \/>\n<\/strong> <\/span><\/div>\n<\/div>\n","protected":false},"excerpt":{"rendered":"<p>Produktinformationen &#8222;H0 Bahnschranke EB\u00dcT 80, vollautomatisch&#8220; Bahn\u00fcbergang mit 2 Bahnschranken, angetrieben durch 2 getrennte Unterflur-Antriebe. Die Antriebe erm\u00f6glichen vorbildgetreu ein langsames \u00d6ffnen und Schlie\u00dfen der Schranken mit 2 Geschwindigkeiten. Die Stra\u00dfe kann \u00fcber beliebig viele Gleise f\u00fchren. Gleisf\u00fcllst\u00fccke, Auffahrrampen sowie bedruckte Verkehrszeichen liegen bei. Der integrierte Digitaldecoder ist multiprotokollf\u00e4hig und versteht die Formate DCC und&#8230;<\/p>\n","protected":false},"featured_media":4046,"comment_status":"open","ping_status":"closed","template":"","meta":[],"product_brand":[],"product_cat":[130,38,37,124],"product_tag":[292,291],"class_list":{"0":"post-4045","1":"product","2":"type-product","3":"status-publish","4":"has-post-thumbnail","6":"product_cat-bahnzubehoer-h0","7":"product_cat-unkategorisiert","8":"product_cat-viessmann","9":"product_cat-viessmann-spur-h0","10":"product_tag-kein-spielzeug-nicht-geeignet-fuer-kinder-unter-14-jahren","11":"product_tag-warn-und-sicherheitshinweise-modellbauartikel","13":"first","14":"instock","15":"taxable","16":"shipping-taxable","17":"purchasable","18":"product-type-simple"},"jetpack_sharing_enabled":true,"_links":{"self":[{"href":"https:\/\/www.mg-modelleisenbahnbau.de\/startseite-2\/wp-json\/wp\/v2\/product\/4045","targetHints":{"allow":["GET"]}}],"collection":[{"href":"https:\/\/www.mg-modelleisenbahnbau.de\/startseite-2\/wp-json\/wp\/v2\/product"}],"about":[{"href":"https:\/\/www.mg-modelleisenbahnbau.de\/startseite-2\/wp-json\/wp\/v2\/types\/product"}],"replies":[{"embeddable":true,"href":"https:\/\/www.mg-modelleisenbahnbau.de\/startseite-2\/wp-json\/wp\/v2\/comments?post=4045"}],"wp:featuredmedia":[{"embeddable":true,"href":"https:\/\/www.mg-modelleisenbahnbau.de\/startseite-2\/wp-json\/wp\/v2\/media\/4046"}],"wp:attachment":[{"href":"https:\/\/www.mg-modelleisenbahnbau.de\/startseite-2\/wp-json\/wp\/v2\/media?parent=4045"}],"wp:term":[{"taxonomy":"product_brand","embeddable":true,"href":"https:\/\/www.mg-modelleisenbahnbau.de\/startseite-2\/wp-json\/wp\/v2\/product_brand?post=4045"},{"taxonomy":"product_cat","embeddable":true,"href":"https:\/\/www.mg-modelleisenbahnbau.de\/startseite-2\/wp-json\/wp\/v2\/product_cat?post=4045"},{"taxonomy":"product_tag","embeddable":true,"href":"https:\/\/www.mg-modelleisenbahnbau.de\/startseite-2\/wp-json\/wp\/v2\/product_tag?post=4045"}],"curies":[{"name":"wp","href":"https:\/\/api.w.org\/{rel}","templated":true}]}}