{"id":4035,"date":"2020-02-27T13:34:44","date_gmt":"2020-02-27T12:34:44","guid":{"rendered":"http:\/\/www.mg-modelleisenbahnbau.de\/?post_type=product&#038;p=4035"},"modified":"2025-06-29T22:38:28","modified_gmt":"2025-06-29T20:38:28","slug":"5094-h0-bogenampel-mit-fussgaengerampel-und-leds-2-stueck","status":"publish","type":"product","link":"https:\/\/www.mg-modelleisenbahnbau.de\/startseite-2\/produkt\/5094-h0-bogenampel-mit-fussgaengerampel-und-leds-2-stueck\/","title":{"rendered":"5094 H0 Bogenampel mit Fu\u00dfg\u00e4ngerampel und LEDs, 2 St\u00fcck"},"content":{"rendered":"<div class=\"content--description\">\n<div class=\"content--title\">Produktinformationen &#8222;H0 Bogenampel mit Fu\u00dfg\u00e4ngerampel und LEDs, 2 St\u00fcck&#8220;<\/div>\n<div class=\"product--description\">Verkehrsampeln im Stil der Epochen III \u2013 VI. Diese Sets bestehen jeweils aus 2 Ampeln mit je einer roten, gelben und gr\u00fcnen LED f\u00fcr den Stra\u00dfenverkehr und je einer roten und gr\u00fcnen LED f\u00fcr die Fu\u00dfg\u00e4nger. Sie dienen zum Absichern von Fu\u00dfg\u00e4nger\u00fcberwegen wie z. B. Zebrastreifen. Vorbildgetreuer Messingmast mit Patentsteckfu\u00df f\u00fcr eine besonders einfache Montage. Wartungsfrei dank LED-Beleuchtung. \u00dcber die beiliegende Elektronik werden beide Ampeln in einem festen Wechselrhythmus gesteuert. H\u00f6he: 7,8 cm.<\/div>\n<\/div>\n","protected":false},"excerpt":{"rendered":"<p>Produktinformationen &#8222;H0 Bogenampel mit Fu\u00dfg\u00e4ngerampel und LEDs, 2 St\u00fcck&#8220; Verkehrsampeln im Stil der Epochen III \u2013 VI. Diese Sets bestehen jeweils aus 2 Ampeln mit je einer roten, gelben und gr\u00fcnen LED f\u00fcr den Stra\u00dfenverkehr und je einer roten und gr\u00fcnen LED f\u00fcr die Fu\u00dfg\u00e4nger. Sie dienen zum Absichern von Fu\u00dfg\u00e4nger\u00fcberwegen wie z. B. Zebrastreifen&#8230;.<\/p>\n","protected":false},"featured_media":4036,"comment_status":"open","ping_status":"closed","template":"","meta":[],"product_brand":[],"product_cat":[129,38,37,124],"product_tag":[292,291],"class_list":{"0":"post-4035","1":"product","2":"type-product","3":"status-publish","4":"has-post-thumbnail","6":"product_cat-emotion-h0","7":"product_cat-unkategorisiert","8":"product_cat-viessmann","9":"product_cat-viessmann-spur-h0","10":"product_tag-kein-spielzeug-nicht-geeignet-fuer-kinder-unter-14-jahren","11":"product_tag-warn-und-sicherheitshinweise-modellbauartikel","13":"first","14":"instock","15":"taxable","16":"shipping-taxable","17":"purchasable","18":"product-type-simple"},"jetpack_sharing_enabled":true,"_links":{"self":[{"href":"https:\/\/www.mg-modelleisenbahnbau.de\/startseite-2\/wp-json\/wp\/v2\/product\/4035","targetHints":{"allow":["GET"]}}],"collection":[{"href":"https:\/\/www.mg-modelleisenbahnbau.de\/startseite-2\/wp-json\/wp\/v2\/product"}],"about":[{"href":"https:\/\/www.mg-modelleisenbahnbau.de\/startseite-2\/wp-json\/wp\/v2\/types\/product"}],"replies":[{"embeddable":true,"href":"https:\/\/www.mg-modelleisenbahnbau.de\/startseite-2\/wp-json\/wp\/v2\/comments?post=4035"}],"wp:featuredmedia":[{"embeddable":true,"href":"https:\/\/www.mg-modelleisenbahnbau.de\/startseite-2\/wp-json\/wp\/v2\/media\/4036"}],"wp:attachment":[{"href":"https:\/\/www.mg-modelleisenbahnbau.de\/startseite-2\/wp-json\/wp\/v2\/media?parent=4035"}],"wp:term":[{"taxonomy":"product_brand","embeddable":true,"href":"https:\/\/www.mg-modelleisenbahnbau.de\/startseite-2\/wp-json\/wp\/v2\/product_brand?post=4035"},{"taxonomy":"product_cat","embeddable":true,"href":"https:\/\/www.mg-modelleisenbahnbau.de\/startseite-2\/wp-json\/wp\/v2\/product_cat?post=4035"},{"taxonomy":"product_tag","embeddable":true,"href":"https:\/\/www.mg-modelleisenbahnbau.de\/startseite-2\/wp-json\/wp\/v2\/product_tag?post=4035"}],"curies":[{"name":"wp","href":"https:\/\/api.w.org\/{rel}","templated":true}]}}