{"id":4031,"date":"2020-02-27T13:30:41","date_gmt":"2020-02-27T12:30:41","guid":{"rendered":"http:\/\/www.mg-modelleisenbahnbau.de\/?post_type=product&#038;p=4031"},"modified":"2025-06-29T22:38:29","modified_gmt":"2025-06-29T20:38:29","slug":"5096-h0-fussgaengerampel-4-stueck-nur-passend-zu-5095-verkehrsampel","status":"publish","type":"product","link":"https:\/\/www.mg-modelleisenbahnbau.de\/startseite-2\/produkt\/5096-h0-fussgaengerampel-4-stueck-nur-passend-zu-5095-verkehrsampel\/","title":{"rendered":"5096 H0 Fu\u00dfg\u00e4ngerampel, 4 St\u00fcck, nur passend zu 5095 Verkehrsampel"},"content":{"rendered":"<div class=\"content--description\">\n<div class=\"content--title\">Produktinformationen &#8222;H0 Fu\u00dfg\u00e4ngerampel, 4 St\u00fcck, nur passend zu 5095 Verkehrsampel&#8220;<\/div>\n<div class=\"product--description\">Fu\u00dfg\u00e4ngerampeln im Stil der Epochen III \u2013 VI. Dieses Set besteht aus 4 Fu\u00dfg\u00e4ngerampeln mit je einer roten und gr\u00fcnen LED. Sie dienen zum Absichern von Fu\u00dfg\u00e4nger\u00fcberwegen an Kreuzungen. Vorbildgetreuer Messingmast mit Patentsteckfu\u00df f\u00fcr eine besonders einfache Montage. Wartungsfrei dank LED-Beleuchtung. Die Fu\u00dfg\u00e4ngerampeln k\u00f6nnen nur in Verbindung mit der Ampel Art. 5095 betrieben werden. Die Ansteuerung erfolgt \u00fcber die in Art. 5095 enthaltene Elektronik. F\u00fcr eine Kreuzung (2 Stra\u00dfen) werden 2x Art. 5095 und 1x Art. 5096 ben\u00f6tigt. H\u00f6he: 4,1 cm.<\/div>\n<\/div>\n","protected":false},"excerpt":{"rendered":"<p>Produktinformationen &#8222;H0 Fu\u00dfg\u00e4ngerampel, 4 St\u00fcck, nur passend zu 5095 Verkehrsampel&#8220; Fu\u00dfg\u00e4ngerampeln im Stil der Epochen III \u2013 VI. Dieses Set besteht aus 4 Fu\u00dfg\u00e4ngerampeln mit je einer roten und gr\u00fcnen LED. Sie dienen zum Absichern von Fu\u00dfg\u00e4nger\u00fcberwegen an Kreuzungen. Vorbildgetreuer Messingmast mit Patentsteckfu\u00df f\u00fcr eine besonders einfache Montage. Wartungsfrei dank LED-Beleuchtung. Die Fu\u00dfg\u00e4ngerampeln k\u00f6nnen nur&#8230;<\/p>\n","protected":false},"featured_media":4032,"comment_status":"open","ping_status":"closed","template":"","meta":[],"product_brand":[],"product_cat":[129,38,37,124],"product_tag":[292,291],"class_list":{"0":"post-4031","1":"product","2":"type-product","3":"status-publish","4":"has-post-thumbnail","6":"product_cat-emotion-h0","7":"product_cat-unkategorisiert","8":"product_cat-viessmann","9":"product_cat-viessmann-spur-h0","10":"product_tag-kein-spielzeug-nicht-geeignet-fuer-kinder-unter-14-jahren","11":"product_tag-warn-und-sicherheitshinweise-modellbauartikel","13":"first","14":"instock","15":"taxable","16":"shipping-taxable","17":"purchasable","18":"product-type-simple"},"jetpack_sharing_enabled":true,"_links":{"self":[{"href":"https:\/\/www.mg-modelleisenbahnbau.de\/startseite-2\/wp-json\/wp\/v2\/product\/4031","targetHints":{"allow":["GET"]}}],"collection":[{"href":"https:\/\/www.mg-modelleisenbahnbau.de\/startseite-2\/wp-json\/wp\/v2\/product"}],"about":[{"href":"https:\/\/www.mg-modelleisenbahnbau.de\/startseite-2\/wp-json\/wp\/v2\/types\/product"}],"replies":[{"embeddable":true,"href":"https:\/\/www.mg-modelleisenbahnbau.de\/startseite-2\/wp-json\/wp\/v2\/comments?post=4031"}],"wp:featuredmedia":[{"embeddable":true,"href":"https:\/\/www.mg-modelleisenbahnbau.de\/startseite-2\/wp-json\/wp\/v2\/media\/4032"}],"wp:attachment":[{"href":"https:\/\/www.mg-modelleisenbahnbau.de\/startseite-2\/wp-json\/wp\/v2\/media?parent=4031"}],"wp:term":[{"taxonomy":"product_brand","embeddable":true,"href":"https:\/\/www.mg-modelleisenbahnbau.de\/startseite-2\/wp-json\/wp\/v2\/product_brand?post=4031"},{"taxonomy":"product_cat","embeddable":true,"href":"https:\/\/www.mg-modelleisenbahnbau.de\/startseite-2\/wp-json\/wp\/v2\/product_cat?post=4031"},{"taxonomy":"product_tag","embeddable":true,"href":"https:\/\/www.mg-modelleisenbahnbau.de\/startseite-2\/wp-json\/wp\/v2\/product_tag?post=4031"}],"curies":[{"name":"wp","href":"https:\/\/api.w.org\/{rel}","templated":true}]}}