{"id":397,"date":"2018-10-12T16:09:46","date_gmt":"2018-10-12T14:09:46","guid":{"rendered":"http:\/\/www.mg-modelleisenbahnbau.de\/?post_type=product&#038;p=397"},"modified":"2025-07-01T11:08:35","modified_gmt":"2025-07-01T09:08:35","slug":"48110-h0-hangfundament-fuer-modellhaeuser","status":"publish","type":"product","link":"https:\/\/www.mg-modelleisenbahnbau.de\/startseite-2\/produkt\/48110-h0-hangfundament-fuer-modellhaeuser\/","title":{"rendered":"48110 H0 Hangfundament f\u00fcr Modellh\u00e4user"},"content":{"rendered":"<p>Produktinformationen &#8222;H0 Hangfundament f\u00fcr Modellh\u00e4user&#8220;<br \/>\nIndividuell zuschneidbares Unterbau-St\u00fcck aus der Steinkunst-Serie. Damit k\u00f6nnen Sie auch noch nachtr\u00e4glich Modellgeb\u00e4ude in Hanglage auf Ihrer Anlage platzieren. F\u00fcr alle g\u00e4ngigen Modellgeb\u00e4ude geeignet. Ma\u00dfe: L 21 x B 0,2 x H 5,6 cm.<\/p>\n","protected":false},"excerpt":{"rendered":"<p>Produktinformationen &#8222;H0 Hangfundament f\u00fcr Modellh\u00e4user&#8220; Individuell zuschneidbares Unterbau-St\u00fcck aus der Steinkunst-Serie. Damit k\u00f6nnen Sie auch noch nachtr\u00e4glich Modellgeb\u00e4ude in Hanglage auf Ihrer Anlage platzieren. F\u00fcr alle g\u00e4ngigen Modellgeb\u00e4ude geeignet. Ma\u00dfe: L 21 x B 0,2 x H 5,6 cm.<\/p>\n","protected":false},"featured_media":398,"comment_status":"open","ping_status":"closed","template":"","meta":[],"product_brand":[],"product_cat":[161,38,41,160],"product_tag":[292,291],"class_list":{"0":"post-397","1":"product","2":"type-product","3":"status-publish","4":"has-post-thumbnail","6":"product_cat-steinkunst-ho","7":"product_cat-unkategorisiert","8":"product_cat-vollmer","9":"product_cat-vollmer-ho","10":"product_tag-kein-spielzeug-nicht-geeignet-fuer-kinder-unter-14-jahren","11":"product_tag-warn-und-sicherheitshinweise-modellbauartikel","13":"first","14":"instock","15":"taxable","16":"shipping-taxable","17":"purchasable","18":"product-type-simple"},"jetpack_sharing_enabled":true,"_links":{"self":[{"href":"https:\/\/www.mg-modelleisenbahnbau.de\/startseite-2\/wp-json\/wp\/v2\/product\/397","targetHints":{"allow":["GET"]}}],"collection":[{"href":"https:\/\/www.mg-modelleisenbahnbau.de\/startseite-2\/wp-json\/wp\/v2\/product"}],"about":[{"href":"https:\/\/www.mg-modelleisenbahnbau.de\/startseite-2\/wp-json\/wp\/v2\/types\/product"}],"replies":[{"embeddable":true,"href":"https:\/\/www.mg-modelleisenbahnbau.de\/startseite-2\/wp-json\/wp\/v2\/comments?post=397"}],"wp:featuredmedia":[{"embeddable":true,"href":"https:\/\/www.mg-modelleisenbahnbau.de\/startseite-2\/wp-json\/wp\/v2\/media\/398"}],"wp:attachment":[{"href":"https:\/\/www.mg-modelleisenbahnbau.de\/startseite-2\/wp-json\/wp\/v2\/media?parent=397"}],"wp:term":[{"taxonomy":"product_brand","embeddable":true,"href":"https:\/\/www.mg-modelleisenbahnbau.de\/startseite-2\/wp-json\/wp\/v2\/product_brand?post=397"},{"taxonomy":"product_cat","embeddable":true,"href":"https:\/\/www.mg-modelleisenbahnbau.de\/startseite-2\/wp-json\/wp\/v2\/product_cat?post=397"},{"taxonomy":"product_tag","embeddable":true,"href":"https:\/\/www.mg-modelleisenbahnbau.de\/startseite-2\/wp-json\/wp\/v2\/product_tag?post=397"}],"curies":[{"name":"wp","href":"https:\/\/api.w.org\/{rel}","templated":true}]}}