{"id":3953,"date":"2019-11-08T14:42:17","date_gmt":"2019-11-08T13:42:17","guid":{"rendered":"http:\/\/www.mg-modelleisenbahnbau.de\/?post_type=product&#038;p=3953"},"modified":"2025-06-29T23:11:30","modified_gmt":"2025-06-29T21:11:30","slug":"5549-universal-tasten-stellpult-rueckmeldefaehig-2-begriffig-2","status":"publish","type":"product","link":"https:\/\/www.mg-modelleisenbahnbau.de\/startseite-2\/produkt\/5549-universal-tasten-stellpult-rueckmeldefaehig-2-begriffig-2\/","title":{"rendered":"5549 Universal-Tasten-Stellpult, r\u00fcckmeldef\u00e4hig, 2-begriffig"},"content":{"rendered":"<div class=\"content--description\">\n<div class=\"content--title\">ElektonikProduktinformationen &#8222;Universal-Tasten-Stellpult, r\u00fcckmeldef\u00e4hig, 2-begriffig&#8220;<\/div>\n<div class=\"product--description\">R\u00fcckmeldef\u00e4higes Tasten-Stellpult mit Momentkontakt f\u00fcr vier 2-begriffige Formsignale, Weichen oder das Universal-Relais Art. 5551. Echte R\u00fcckmeldung der Stellung der Signale, Weichen oder Relais \u00fcber 8 eingebaute rote und gr\u00fcne LEDs. Mehrere Pulte k\u00f6nnen aneinandergereiht werden. Nur geeignet f\u00fcr Magnetartikel mit echter Endabschaltung \u00fcber mechanische Kontakte. Kontaktbelastbarkeit: 2 A.<\/div>\n<\/div>\n","protected":false},"excerpt":{"rendered":"<p>ElektonikProduktinformationen &#8222;Universal-Tasten-Stellpult, r\u00fcckmeldef\u00e4hig, 2-begriffig&#8220; R\u00fcckmeldef\u00e4higes Tasten-Stellpult mit Momentkontakt f\u00fcr vier 2-begriffige Formsignale, Weichen oder das Universal-Relais Art. 5551. Echte R\u00fcckmeldung der Stellung der Signale, Weichen oder Relais \u00fcber 8 eingebaute rote und gr\u00fcne LEDs. Mehrere Pulte k\u00f6nnen aneinandergereiht werden. Nur geeignet f\u00fcr Magnetartikel mit echter Endabschaltung \u00fcber mechanische Kontakte. Kontaktbelastbarkeit: 2 A.<\/p>\n","protected":false},"featured_media":3954,"comment_status":"open","ping_status":"closed","template":"","meta":[],"product_brand":[],"product_cat":[38,37,148,149],"product_tag":[292,291],"class_list":{"0":"post-3953","1":"product","2":"type-product","3":"status-publish","4":"has-post-thumbnail","6":"product_cat-unkategorisiert","7":"product_cat-viessmann","8":"product_cat-viessmann-elektronik","9":"product_cat-viessmann-module-und-elektroniken","10":"product_tag-kein-spielzeug-nicht-geeignet-fuer-kinder-unter-14-jahren","11":"product_tag-warn-und-sicherheitshinweise-modellbauartikel","13":"first","14":"instock","15":"taxable","16":"shipping-taxable","17":"purchasable","18":"product-type-simple"},"jetpack_sharing_enabled":true,"_links":{"self":[{"href":"https:\/\/www.mg-modelleisenbahnbau.de\/startseite-2\/wp-json\/wp\/v2\/product\/3953","targetHints":{"allow":["GET"]}}],"collection":[{"href":"https:\/\/www.mg-modelleisenbahnbau.de\/startseite-2\/wp-json\/wp\/v2\/product"}],"about":[{"href":"https:\/\/www.mg-modelleisenbahnbau.de\/startseite-2\/wp-json\/wp\/v2\/types\/product"}],"replies":[{"embeddable":true,"href":"https:\/\/www.mg-modelleisenbahnbau.de\/startseite-2\/wp-json\/wp\/v2\/comments?post=3953"}],"wp:featuredmedia":[{"embeddable":true,"href":"https:\/\/www.mg-modelleisenbahnbau.de\/startseite-2\/wp-json\/wp\/v2\/media\/3954"}],"wp:attachment":[{"href":"https:\/\/www.mg-modelleisenbahnbau.de\/startseite-2\/wp-json\/wp\/v2\/media?parent=3953"}],"wp:term":[{"taxonomy":"product_brand","embeddable":true,"href":"https:\/\/www.mg-modelleisenbahnbau.de\/startseite-2\/wp-json\/wp\/v2\/product_brand?post=3953"},{"taxonomy":"product_cat","embeddable":true,"href":"https:\/\/www.mg-modelleisenbahnbau.de\/startseite-2\/wp-json\/wp\/v2\/product_cat?post=3953"},{"taxonomy":"product_tag","embeddable":true,"href":"https:\/\/www.mg-modelleisenbahnbau.de\/startseite-2\/wp-json\/wp\/v2\/product_tag?post=3953"}],"curies":[{"name":"wp","href":"https:\/\/api.w.org\/{rel}","templated":true}]}}