{"id":3951,"date":"2019-11-08T14:40:08","date_gmt":"2019-11-08T13:40:08","guid":{"rendered":"http:\/\/www.mg-modelleisenbahnbau.de\/?post_type=product&#038;p=3951"},"modified":"2025-06-29T23:11:29","modified_gmt":"2025-06-29T21:11:29","slug":"5547-tasten-stellpult-2-begriffig-2","status":"publish","type":"product","link":"https:\/\/www.mg-modelleisenbahnbau.de\/startseite-2\/produkt\/5547-tasten-stellpult-2-begriffig-2\/","title":{"rendered":"5547 Tasten-Stellpult 2-begriffig"},"content":{"rendered":"<div class=\"content--description\">\n<div class=\"content--title\">Produktinformationen &#8222;Tasten-Stellpult 2-begriffig&#8220;<\/div>\n<div class=\"product--description\">Mit Momentkontakt f\u00fcr 4 Weichen bzw. 2-begriffige Formsignale oder bis zu 8 Entkupplungsgleisen. Speziell auch geeignet f\u00fcr das Hobby-Licht-Blocksignal Art. 4021, den Signalsteuerbaustein Art. 5210, das elektronische Relais Art. 5552 sowie das Steuermodul f\u00fcr Licht-Blocksignale Art. 5221. Im analogen Einsatz steuert das Stellpult auch die Steuermodule f\u00fcr Lichtsignale Art. 5224, 5229 und 52292, wenn daran 2-begriffige Signale angeschlossen sind. Mehrere Pulte k\u00f6nnen aneinandergereiht werden. Gemeinsamer Massekontakt f\u00fcr alle Tasten, Belastbarkeit je Taste: 2 A.<\/div>\n<\/div>\n","protected":false},"excerpt":{"rendered":"<p>Produktinformationen &#8222;Tasten-Stellpult 2-begriffig&#8220; Mit Momentkontakt f\u00fcr 4 Weichen bzw. 2-begriffige Formsignale oder bis zu 8 Entkupplungsgleisen. Speziell auch geeignet f\u00fcr das Hobby-Licht-Blocksignal Art. 4021, den Signalsteuerbaustein Art. 5210, das elektronische Relais Art. 5552 sowie das Steuermodul f\u00fcr Licht-Blocksignale Art. 5221. Im analogen Einsatz steuert das Stellpult auch die Steuermodule f\u00fcr Lichtsignale Art. 5224, 5229 und&#8230;<\/p>\n","protected":false},"featured_media":3952,"comment_status":"open","ping_status":"closed","template":"","meta":[],"product_brand":[],"product_cat":[38,37,148,149],"product_tag":[292,291],"class_list":{"0":"post-3951","1":"product","2":"type-product","3":"status-publish","4":"has-post-thumbnail","6":"product_cat-unkategorisiert","7":"product_cat-viessmann","8":"product_cat-viessmann-elektronik","9":"product_cat-viessmann-module-und-elektroniken","10":"product_tag-kein-spielzeug-nicht-geeignet-fuer-kinder-unter-14-jahren","11":"product_tag-warn-und-sicherheitshinweise-modellbauartikel","13":"first","14":"instock","15":"taxable","16":"shipping-taxable","17":"purchasable","18":"product-type-simple"},"jetpack_sharing_enabled":true,"_links":{"self":[{"href":"https:\/\/www.mg-modelleisenbahnbau.de\/startseite-2\/wp-json\/wp\/v2\/product\/3951","targetHints":{"allow":["GET"]}}],"collection":[{"href":"https:\/\/www.mg-modelleisenbahnbau.de\/startseite-2\/wp-json\/wp\/v2\/product"}],"about":[{"href":"https:\/\/www.mg-modelleisenbahnbau.de\/startseite-2\/wp-json\/wp\/v2\/types\/product"}],"replies":[{"embeddable":true,"href":"https:\/\/www.mg-modelleisenbahnbau.de\/startseite-2\/wp-json\/wp\/v2\/comments?post=3951"}],"wp:featuredmedia":[{"embeddable":true,"href":"https:\/\/www.mg-modelleisenbahnbau.de\/startseite-2\/wp-json\/wp\/v2\/media\/3952"}],"wp:attachment":[{"href":"https:\/\/www.mg-modelleisenbahnbau.de\/startseite-2\/wp-json\/wp\/v2\/media?parent=3951"}],"wp:term":[{"taxonomy":"product_brand","embeddable":true,"href":"https:\/\/www.mg-modelleisenbahnbau.de\/startseite-2\/wp-json\/wp\/v2\/product_brand?post=3951"},{"taxonomy":"product_cat","embeddable":true,"href":"https:\/\/www.mg-modelleisenbahnbau.de\/startseite-2\/wp-json\/wp\/v2\/product_cat?post=3951"},{"taxonomy":"product_tag","embeddable":true,"href":"https:\/\/www.mg-modelleisenbahnbau.de\/startseite-2\/wp-json\/wp\/v2\/product_tag?post=3951"}],"curies":[{"name":"wp","href":"https:\/\/api.w.org\/{rel}","templated":true}]}}