{"id":395,"date":"2018-10-12T16:05:57","date_gmt":"2018-10-12T14:05:57","guid":{"rendered":"http:\/\/www.mg-modelleisenbahnbau.de\/?post_type=product&#038;p=395"},"modified":"2025-07-01T11:08:35","modified_gmt":"2025-07-01T09:08:35","slug":"48101-h0-stuetzwand-passend-zu-48100-2-stueck","status":"publish","type":"product","link":"https:\/\/www.mg-modelleisenbahnbau.de\/startseite-2\/produkt\/48101-h0-stuetzwand-passend-zu-48100-2-stueck\/","title":{"rendered":"48101 H0 St\u00fctzwand, passend zu 48100, 2 St\u00fcck"},"content":{"rendered":"<p>Produktinformationen &#8222;H0 St\u00fctzwand, passend zu 48100, 2 St\u00fcck&#8220;<br \/>\nDiese St\u00fctzw\u00e4nde aus der Steinkunst-Serie erweitern das Tunnelportal Art. 48100 nach rechts und links. So entsteht eine realistische Tunneleinfahrt wie aus echtem Stein. Ma\u00dfe: L 13,7 x B 0,8 x H 11 cm.<\/p>\n","protected":false},"excerpt":{"rendered":"<p>Produktinformationen &#8222;H0 St\u00fctzwand, passend zu 48100, 2 St\u00fcck&#8220; Diese St\u00fctzw\u00e4nde aus der Steinkunst-Serie erweitern das Tunnelportal Art. 48100 nach rechts und links. So entsteht eine realistische Tunneleinfahrt wie aus echtem Stein. Ma\u00dfe: L 13,7 x B 0,8 x H 11 cm.<\/p>\n","protected":false},"featured_media":396,"comment_status":"open","ping_status":"closed","template":"","meta":[],"product_brand":[],"product_cat":[161,38,41,160],"product_tag":[292,291],"class_list":{"0":"post-395","1":"product","2":"type-product","3":"status-publish","4":"has-post-thumbnail","6":"product_cat-steinkunst-ho","7":"product_cat-unkategorisiert","8":"product_cat-vollmer","9":"product_cat-vollmer-ho","10":"product_tag-kein-spielzeug-nicht-geeignet-fuer-kinder-unter-14-jahren","11":"product_tag-warn-und-sicherheitshinweise-modellbauartikel","13":"first","14":"instock","15":"taxable","16":"shipping-taxable","17":"purchasable","18":"product-type-simple"},"jetpack_sharing_enabled":true,"_links":{"self":[{"href":"https:\/\/www.mg-modelleisenbahnbau.de\/startseite-2\/wp-json\/wp\/v2\/product\/395","targetHints":{"allow":["GET"]}}],"collection":[{"href":"https:\/\/www.mg-modelleisenbahnbau.de\/startseite-2\/wp-json\/wp\/v2\/product"}],"about":[{"href":"https:\/\/www.mg-modelleisenbahnbau.de\/startseite-2\/wp-json\/wp\/v2\/types\/product"}],"replies":[{"embeddable":true,"href":"https:\/\/www.mg-modelleisenbahnbau.de\/startseite-2\/wp-json\/wp\/v2\/comments?post=395"}],"wp:featuredmedia":[{"embeddable":true,"href":"https:\/\/www.mg-modelleisenbahnbau.de\/startseite-2\/wp-json\/wp\/v2\/media\/396"}],"wp:attachment":[{"href":"https:\/\/www.mg-modelleisenbahnbau.de\/startseite-2\/wp-json\/wp\/v2\/media?parent=395"}],"wp:term":[{"taxonomy":"product_brand","embeddable":true,"href":"https:\/\/www.mg-modelleisenbahnbau.de\/startseite-2\/wp-json\/wp\/v2\/product_brand?post=395"},{"taxonomy":"product_cat","embeddable":true,"href":"https:\/\/www.mg-modelleisenbahnbau.de\/startseite-2\/wp-json\/wp\/v2\/product_cat?post=395"},{"taxonomy":"product_tag","embeddable":true,"href":"https:\/\/www.mg-modelleisenbahnbau.de\/startseite-2\/wp-json\/wp\/v2\/product_tag?post=395"}],"curies":[{"name":"wp","href":"https:\/\/api.w.org\/{rel}","templated":true}]}}