{"id":3948,"date":"2019-10-29T15:56:28","date_gmt":"2019-10-29T14:56:28","guid":{"rendered":"http:\/\/www.mg-modelleisenbahnbau.de\/?post_type=product&#038;p=3948"},"modified":"2025-07-01T11:34:28","modified_gmt":"2025-07-01T09:34:28","slug":"48271-h0-signalbucht-aus-steinkunst-auslauf","status":"publish","type":"product","link":"https:\/\/www.mg-modelleisenbahnbau.de\/startseite-2\/produkt\/48271-h0-signalbucht-aus-steinkunst-auslauf\/","title":{"rendered":"48271 H0 Signalbucht aus Steinkunst **Auslauf**"},"content":{"rendered":"<div class=\"content--description\">\n<div class=\"content--title\">Produktinformationen &#8222;H0 Signalbucht aus Steinkunst **Auslauf**&#8220;<\/div>\n<div class=\"product--description\">Bausatz. Die Signalbucht aus der Steinkunst-Serie besteht aus wetterfestem Sedimentverbundwerkstoff. Dieser Werkstoff erzeugt eine un\u00fcbertroffen realistische Steinoberfl\u00e4che und kann mit handels\u00fcblichen Farben einfach und realistisch gealtert werden. Diese Signalbucht ist besonders f\u00fcr ansteigendes Gel\u00e4nde neben den Gleisen geeignet. Ma\u00dfe: L 6,8 x B 3,7 x H 3,3 cm. Signal-Standfl\u00e4che: L 5,9 x B 3,3 cm.<\/div>\n<\/div>\n<div><\/div>\n<div><\/div>\n<h1><span style=\"color: #ff0000;\">\u00a0<\/span><\/h1>\n","protected":false},"excerpt":{"rendered":"<p>Produktinformationen &#8222;H0 Signalbucht aus Steinkunst **Auslauf**&#8220; Bausatz. Die Signalbucht aus der Steinkunst-Serie besteht aus wetterfestem Sedimentverbundwerkstoff. Dieser Werkstoff erzeugt eine un\u00fcbertroffen realistische Steinoberfl\u00e4che und kann mit handels\u00fcblichen Farben einfach und realistisch gealtert werden. Diese Signalbucht ist besonders f\u00fcr ansteigendes Gel\u00e4nde neben den Gleisen geeignet. Ma\u00dfe: L 6,8 x B 3,7 x H 3,3 cm. Signal-Standfl\u00e4che:&#8230;<\/p>\n","protected":false},"featured_media":3949,"comment_status":"open","ping_status":"closed","template":"","meta":[],"product_brand":[],"product_cat":[161,38,41,160],"product_tag":[292,291],"class_list":{"0":"post-3948","1":"product","2":"type-product","3":"status-publish","4":"has-post-thumbnail","6":"product_cat-steinkunst-ho","7":"product_cat-unkategorisiert","8":"product_cat-vollmer","9":"product_cat-vollmer-ho","10":"product_tag-kein-spielzeug-nicht-geeignet-fuer-kinder-unter-14-jahren","11":"product_tag-warn-und-sicherheitshinweise-modellbauartikel","13":"first","14":"instock","15":"taxable","16":"shipping-taxable","17":"purchasable","18":"product-type-simple"},"jetpack_sharing_enabled":true,"_links":{"self":[{"href":"https:\/\/www.mg-modelleisenbahnbau.de\/startseite-2\/wp-json\/wp\/v2\/product\/3948","targetHints":{"allow":["GET"]}}],"collection":[{"href":"https:\/\/www.mg-modelleisenbahnbau.de\/startseite-2\/wp-json\/wp\/v2\/product"}],"about":[{"href":"https:\/\/www.mg-modelleisenbahnbau.de\/startseite-2\/wp-json\/wp\/v2\/types\/product"}],"replies":[{"embeddable":true,"href":"https:\/\/www.mg-modelleisenbahnbau.de\/startseite-2\/wp-json\/wp\/v2\/comments?post=3948"}],"wp:featuredmedia":[{"embeddable":true,"href":"https:\/\/www.mg-modelleisenbahnbau.de\/startseite-2\/wp-json\/wp\/v2\/media\/3949"}],"wp:attachment":[{"href":"https:\/\/www.mg-modelleisenbahnbau.de\/startseite-2\/wp-json\/wp\/v2\/media?parent=3948"}],"wp:term":[{"taxonomy":"product_brand","embeddable":true,"href":"https:\/\/www.mg-modelleisenbahnbau.de\/startseite-2\/wp-json\/wp\/v2\/product_brand?post=3948"},{"taxonomy":"product_cat","embeddable":true,"href":"https:\/\/www.mg-modelleisenbahnbau.de\/startseite-2\/wp-json\/wp\/v2\/product_cat?post=3948"},{"taxonomy":"product_tag","embeddable":true,"href":"https:\/\/www.mg-modelleisenbahnbau.de\/startseite-2\/wp-json\/wp\/v2\/product_tag?post=3948"}],"curies":[{"name":"wp","href":"https:\/\/api.w.org\/{rel}","templated":true}]}}