{"id":393,"date":"2018-10-12T15:57:36","date_gmt":"2018-10-12T13:57:36","guid":{"rendered":"http:\/\/www.mg-modelleisenbahnbau.de\/?post_type=product&#038;p=393"},"modified":"2025-07-01T11:08:34","modified_gmt":"2025-07-01T09:08:34","slug":"48100-h0-tunnelportal-eingleisig","status":"publish","type":"product","link":"https:\/\/www.mg-modelleisenbahnbau.de\/startseite-2\/produkt\/48100-h0-tunnelportal-eingleisig\/","title":{"rendered":"48100 H0 Tunnelportal, eingleisig"},"content":{"rendered":"<p>Produktinformationen &#8222;H0 Tunnelportal, eingleisig&#8220;<br \/>\nTunnelportal aus der Steinkunst-Serie. Durch den wetterfesten Sedimentverbundwerkstoff wirkt das Portal wie aus echtem Stein gemei\u00dfelt. Durchfahrtsh\u00f6he: 9,4 cm, Durchfahrtsbreite: 4,8 cm. Ma\u00dfe: L 10 x B 1,5 x H 13,2 cm.<\/p>\n","protected":false},"excerpt":{"rendered":"<p>Produktinformationen &#8222;H0 Tunnelportal, eingleisig&#8220; Tunnelportal aus der Steinkunst-Serie. Durch den wetterfesten Sedimentverbundwerkstoff wirkt das Portal wie aus echtem Stein gemei\u00dfelt. Durchfahrtsh\u00f6he: 9,4 cm, Durchfahrtsbreite: 4,8 cm. Ma\u00dfe: L 10 x B 1,5 x H 13,2 cm.<\/p>\n","protected":false},"featured_media":394,"comment_status":"open","ping_status":"closed","template":"","meta":[],"product_brand":[],"product_cat":[161,38,41,160],"product_tag":[292,291],"class_list":{"0":"post-393","1":"product","2":"type-product","3":"status-publish","4":"has-post-thumbnail","6":"product_cat-steinkunst-ho","7":"product_cat-unkategorisiert","8":"product_cat-vollmer","9":"product_cat-vollmer-ho","10":"product_tag-kein-spielzeug-nicht-geeignet-fuer-kinder-unter-14-jahren","11":"product_tag-warn-und-sicherheitshinweise-modellbauartikel","13":"first","14":"instock","15":"taxable","16":"shipping-taxable","17":"purchasable","18":"product-type-simple"},"jetpack_sharing_enabled":true,"_links":{"self":[{"href":"https:\/\/www.mg-modelleisenbahnbau.de\/startseite-2\/wp-json\/wp\/v2\/product\/393","targetHints":{"allow":["GET"]}}],"collection":[{"href":"https:\/\/www.mg-modelleisenbahnbau.de\/startseite-2\/wp-json\/wp\/v2\/product"}],"about":[{"href":"https:\/\/www.mg-modelleisenbahnbau.de\/startseite-2\/wp-json\/wp\/v2\/types\/product"}],"replies":[{"embeddable":true,"href":"https:\/\/www.mg-modelleisenbahnbau.de\/startseite-2\/wp-json\/wp\/v2\/comments?post=393"}],"wp:featuredmedia":[{"embeddable":true,"href":"https:\/\/www.mg-modelleisenbahnbau.de\/startseite-2\/wp-json\/wp\/v2\/media\/394"}],"wp:attachment":[{"href":"https:\/\/www.mg-modelleisenbahnbau.de\/startseite-2\/wp-json\/wp\/v2\/media?parent=393"}],"wp:term":[{"taxonomy":"product_brand","embeddable":true,"href":"https:\/\/www.mg-modelleisenbahnbau.de\/startseite-2\/wp-json\/wp\/v2\/product_brand?post=393"},{"taxonomy":"product_cat","embeddable":true,"href":"https:\/\/www.mg-modelleisenbahnbau.de\/startseite-2\/wp-json\/wp\/v2\/product_cat?post=393"},{"taxonomy":"product_tag","embeddable":true,"href":"https:\/\/www.mg-modelleisenbahnbau.de\/startseite-2\/wp-json\/wp\/v2\/product_tag?post=393"}],"curies":[{"name":"wp","href":"https:\/\/api.w.org\/{rel}","templated":true}]}}