{"id":3922,"date":"2019-10-28T19:05:52","date_gmt":"2019-10-28T18:05:52","guid":{"rendered":"http:\/\/www.mg-modelleisenbahnbau.de\/?post_type=product&#038;p=3922"},"modified":"2025-12-07T18:55:28","modified_gmt":"2025-12-07T17:55:28","slug":"duha-11362-blaue-metallkabeltrommel-abgedeckt-spur-h0","status":"publish","type":"product","link":"https:\/\/www.mg-modelleisenbahnbau.de\/startseite-2\/produkt\/duha-11362-blaue-metallkabeltrommel-abgedeckt-spur-h0\/","title":{"rendered":"DUHA 11362 &#8211; Blaue Metallkabeltrommel, abgedeckt (Spur H0)"},"content":{"rendered":"<p><span style=\"font-size: medium;\">Blaue Metallkabeltrommel, abgedeckt<\/span><\/p>\n<p><span style=\"font-size: small;\">\u00d8 28 mm<\/span><\/p>\n<p><span style=\"font-size: small;\">DUHA-Modelle sind bis ins Detail nach den gro\u00dfen Vorbildern gefertigt, ganz nach dem Motto &#8222;So wirklichkeitsgetreu wie m\u00f6glich&#8220;!<\/span><\/p>\n<p><span style=\"font-size: small;\">Da \u00fcberwiegend Naturmaterialien verwendet werden, kommen gerade die Details besonders sch\u00f6n zur Geltung.<br \/>\nDas zeigt immer wieder die \u00dcberlegenheit gegen\u00fcber den reinen Kunststoffmodellen.<br \/>\nBei den Holzteilen kann man die Struktur sehr gut erkennen.<br \/>\nWir geben uns bei der Fertigung der einzelnen St\u00fccke die gr\u00f6\u00dfte M\u00fche, ein optimales Ergebnis zu erzielen. <\/span><\/p>\n<p><span style=\"font-size: small;\">Sicher werden Sie von unserem Ladegut begeistert sein.<br \/>\nKleine Abweichungen in Struktur und Farbe sind ein Zeichen f\u00fcr reine Handarbeit.<br \/>\nDamit ist jedes St\u00fcck, das Sie erwerben ein Original, ein kleines Kunstwerk!<br \/>\nEs bereichert in seiner Einzigartigkeit Ihre Anlage, Ihr Modell oder Ihre Sammlung und macht sie zu etwas Besonderem.<\/span><\/p>\n<h1><span style=\"color: #ff0000;\"><strong>\u00a0<\/strong><\/span><\/h1>\n","protected":false},"excerpt":{"rendered":"<p>Blaue Metallkabeltrommel, abgedeckt \u00d8 28 mm DUHA-Modelle sind bis ins Detail nach den gro\u00dfen Vorbildern gefertigt, ganz nach dem Motto &#8222;So wirklichkeitsgetreu wie m\u00f6glich&#8220;! Da \u00fcberwiegend Naturmaterialien verwendet werden, kommen gerade die Details besonders sch\u00f6n zur Geltung. Das zeigt immer wieder die \u00dcberlegenheit gegen\u00fcber den reinen Kunststoffmodellen. Bei den Holzteilen kann man die Struktur sehr&#8230;<\/p>\n","protected":false},"featured_media":3924,"comment_status":"open","ping_status":"closed","template":"","meta":[],"product_brand":[],"product_cat":[50,38],"product_tag":[292,291],"class_list":{"0":"post-3922","1":"product","2":"type-product","3":"status-publish","4":"has-post-thumbnail","6":"product_cat-ladegueter","7":"product_cat-unkategorisiert","8":"product_tag-kein-spielzeug-nicht-geeignet-fuer-kinder-unter-14-jahren","9":"product_tag-warn-und-sicherheitshinweise-modellbauartikel","11":"first","12":"instock","13":"taxable","14":"shipping-taxable","15":"purchasable","16":"product-type-simple"},"jetpack_sharing_enabled":true,"_links":{"self":[{"href":"https:\/\/www.mg-modelleisenbahnbau.de\/startseite-2\/wp-json\/wp\/v2\/product\/3922","targetHints":{"allow":["GET"]}}],"collection":[{"href":"https:\/\/www.mg-modelleisenbahnbau.de\/startseite-2\/wp-json\/wp\/v2\/product"}],"about":[{"href":"https:\/\/www.mg-modelleisenbahnbau.de\/startseite-2\/wp-json\/wp\/v2\/types\/product"}],"replies":[{"embeddable":true,"href":"https:\/\/www.mg-modelleisenbahnbau.de\/startseite-2\/wp-json\/wp\/v2\/comments?post=3922"}],"wp:featuredmedia":[{"embeddable":true,"href":"https:\/\/www.mg-modelleisenbahnbau.de\/startseite-2\/wp-json\/wp\/v2\/media\/3924"}],"wp:attachment":[{"href":"https:\/\/www.mg-modelleisenbahnbau.de\/startseite-2\/wp-json\/wp\/v2\/media?parent=3922"}],"wp:term":[{"taxonomy":"product_brand","embeddable":true,"href":"https:\/\/www.mg-modelleisenbahnbau.de\/startseite-2\/wp-json\/wp\/v2\/product_brand?post=3922"},{"taxonomy":"product_cat","embeddable":true,"href":"https:\/\/www.mg-modelleisenbahnbau.de\/startseite-2\/wp-json\/wp\/v2\/product_cat?post=3922"},{"taxonomy":"product_tag","embeddable":true,"href":"https:\/\/www.mg-modelleisenbahnbau.de\/startseite-2\/wp-json\/wp\/v2\/product_tag?post=3922"}],"curies":[{"name":"wp","href":"https:\/\/api.w.org\/{rel}","templated":true}]}}