{"id":3884,"date":"2019-10-07T20:23:04","date_gmt":"2019-10-07T18:23:04","guid":{"rendered":"http:\/\/www.mg-modelleisenbahnbau.de\/?post_type=product&#038;p=3884"},"modified":"2025-03-06T16:25:37","modified_gmt":"2025-03-06T15:25:37","slug":"grasfasern-waldboden-2-mm-75-g","status":"publish","type":"product","link":"https:\/\/www.mg-modelleisenbahnbau.de\/startseite-2\/produkt\/grasfasern-waldboden-2-mm-75-g\/","title":{"rendered":"002 Grasfasern Waldboden 2 mm 75 g"},"content":{"rendered":"<p>Mit diesem Sortiment Grasfasern in verschiedenen Farbt\u00f6nen und L\u00e4ngen kann man Landschaft sehr vorbildnah gestalten. Es empfiehlt sich, die Fasern mit einem handels\u00fcblichen Begrasungsger\u00e4t zu verarbeiten. Durch die elektrostatische Aufladung stehen die Fasern aufrecht.<br \/>\nNeben der individuellen Gel\u00e4ndegestaltung kaschiert man mit Grasfasern auch die \u00dcberg\u00e4nge bei unseren Gel\u00e4ndematten. Lieferung im Becher<\/p>\n","protected":false},"excerpt":{"rendered":"<p>Mit diesem Sortiment Grasfasern in verschiedenen Farbt\u00f6nen und L\u00e4ngen kann man Landschaft sehr vorbildnah gestalten. Es empfiehlt sich, die Fasern mit einem handels\u00fcblichen Begrasungsger\u00e4t zu verarbeiten. Durch die elektrostatische Aufladung stehen die Fasern aufrecht. Neben der individuellen Gel\u00e4ndegestaltung kaschiert man mit Grasfasern auch die \u00dcberg\u00e4nge bei unseren Gel\u00e4ndematten. Lieferung im Becher<\/p>\n","protected":false},"featured_media":3883,"comment_status":"open","ping_status":"closed","template":"","meta":[],"product_brand":[],"product_cat":[240,36,244,40,38],"product_tag":[292,291],"class_list":{"0":"post-3884","1":"product","2":"type-product","3":"status-publish","4":"has-post-thumbnail","6":"product_cat-eigene-grasfasern","7":"product_cat-eigene-produkte","8":"product_cat-grasfasern","9":"product_cat-heki","10":"product_cat-unkategorisiert","11":"product_tag-kein-spielzeug-nicht-geeignet-fuer-kinder-unter-14-jahren","12":"product_tag-warn-und-sicherheitshinweise-modellbauartikel","14":"first","15":"instock","16":"taxable","17":"shipping-taxable","18":"purchasable","19":"product-type-simple"},"jetpack_sharing_enabled":true,"_links":{"self":[{"href":"https:\/\/www.mg-modelleisenbahnbau.de\/startseite-2\/wp-json\/wp\/v2\/product\/3884","targetHints":{"allow":["GET"]}}],"collection":[{"href":"https:\/\/www.mg-modelleisenbahnbau.de\/startseite-2\/wp-json\/wp\/v2\/product"}],"about":[{"href":"https:\/\/www.mg-modelleisenbahnbau.de\/startseite-2\/wp-json\/wp\/v2\/types\/product"}],"replies":[{"embeddable":true,"href":"https:\/\/www.mg-modelleisenbahnbau.de\/startseite-2\/wp-json\/wp\/v2\/comments?post=3884"}],"wp:featuredmedia":[{"embeddable":true,"href":"https:\/\/www.mg-modelleisenbahnbau.de\/startseite-2\/wp-json\/wp\/v2\/media\/3883"}],"wp:attachment":[{"href":"https:\/\/www.mg-modelleisenbahnbau.de\/startseite-2\/wp-json\/wp\/v2\/media?parent=3884"}],"wp:term":[{"taxonomy":"product_brand","embeddable":true,"href":"https:\/\/www.mg-modelleisenbahnbau.de\/startseite-2\/wp-json\/wp\/v2\/product_brand?post=3884"},{"taxonomy":"product_cat","embeddable":true,"href":"https:\/\/www.mg-modelleisenbahnbau.de\/startseite-2\/wp-json\/wp\/v2\/product_cat?post=3884"},{"taxonomy":"product_tag","embeddable":true,"href":"https:\/\/www.mg-modelleisenbahnbau.de\/startseite-2\/wp-json\/wp\/v2\/product_tag?post=3884"}],"curies":[{"name":"wp","href":"https:\/\/api.w.org\/{rel}","templated":true}]}}