{"id":347,"date":"2018-10-12T11:10:22","date_gmt":"2018-10-12T09:10:22","guid":{"rendered":"http:\/\/www.mg-modelleisenbahnbau.de\/?post_type=product&#038;p=347"},"modified":"2025-06-29T16:32:14","modified_gmt":"2025-06-29T14:32:14","slug":"1155-h0-lanz-bulldog-mit-bandsaege-und-beleuchteten-frontscheinwerfern-funktionsmodell","status":"publish","type":"product","link":"https:\/\/www.mg-modelleisenbahnbau.de\/startseite-2\/produkt\/1155-h0-lanz-bulldog-mit-bandsaege-und-beleuchteten-frontscheinwerfern-funktionsmodell\/","title":{"rendered":"1155 H0 LANZ Bulldog"},"content":{"rendered":"<p>Dieses traditionsreiche Modell ist ein echter Klassiker. Der LANZ ist ausgestattet mit funktionsf\u00e4higen, wartungsfreien LED-Frontscheinwerfern. Das dazu passende Soundmodul Art. 5562 erg\u00e4nzt die Szenen der Bewegten Welten um die passenden Ger\u00e4usche. In dieser Ausf\u00fchrung passt das Fahrzeug z. B. hervorragend zur bewegten Figur Art. 1515 H0 Holzhacker mit Axt und Hauklotz. Ma\u00dfe: L 5 x B 2,2 x H 2,8 cm.<\/p>\n","protected":false},"excerpt":{"rendered":"<p>Dieses traditionsreiche Modell ist ein echter Klassiker. Der LANZ ist ausgestattet mit funktionsf\u00e4higen, wartungsfreien LED-Frontscheinwerfern. Das dazu passende Soundmodul Art. 5562 erg\u00e4nzt die Szenen der Bewegten Welten um die passenden Ger\u00e4usche. In dieser Ausf\u00fchrung passt das Fahrzeug z. B. hervorragend zur bewegten Figur Art. 1515 H0 Holzhacker mit Axt und Hauklotz. Ma\u00dfe: L 5 x&#8230;<\/p>\n","protected":false},"featured_media":348,"comment_status":"open","ping_status":"closed","template":"","meta":[],"product_brand":[],"product_cat":[129,38,37,124],"product_tag":[292,291],"class_list":{"0":"post-347","1":"product","2":"type-product","3":"status-publish","4":"has-post-thumbnail","6":"product_cat-emotion-h0","7":"product_cat-unkategorisiert","8":"product_cat-viessmann","9":"product_cat-viessmann-spur-h0","10":"product_tag-kein-spielzeug-nicht-geeignet-fuer-kinder-unter-14-jahren","11":"product_tag-warn-und-sicherheitshinweise-modellbauartikel","13":"first","14":"instock","15":"taxable","16":"shipping-taxable","17":"purchasable","18":"product-type-simple"},"jetpack_sharing_enabled":true,"_links":{"self":[{"href":"https:\/\/www.mg-modelleisenbahnbau.de\/startseite-2\/wp-json\/wp\/v2\/product\/347","targetHints":{"allow":["GET"]}}],"collection":[{"href":"https:\/\/www.mg-modelleisenbahnbau.de\/startseite-2\/wp-json\/wp\/v2\/product"}],"about":[{"href":"https:\/\/www.mg-modelleisenbahnbau.de\/startseite-2\/wp-json\/wp\/v2\/types\/product"}],"replies":[{"embeddable":true,"href":"https:\/\/www.mg-modelleisenbahnbau.de\/startseite-2\/wp-json\/wp\/v2\/comments?post=347"}],"wp:featuredmedia":[{"embeddable":true,"href":"https:\/\/www.mg-modelleisenbahnbau.de\/startseite-2\/wp-json\/wp\/v2\/media\/348"}],"wp:attachment":[{"href":"https:\/\/www.mg-modelleisenbahnbau.de\/startseite-2\/wp-json\/wp\/v2\/media?parent=347"}],"wp:term":[{"taxonomy":"product_brand","embeddable":true,"href":"https:\/\/www.mg-modelleisenbahnbau.de\/startseite-2\/wp-json\/wp\/v2\/product_brand?post=347"},{"taxonomy":"product_cat","embeddable":true,"href":"https:\/\/www.mg-modelleisenbahnbau.de\/startseite-2\/wp-json\/wp\/v2\/product_cat?post=347"},{"taxonomy":"product_tag","embeddable":true,"href":"https:\/\/www.mg-modelleisenbahnbau.de\/startseite-2\/wp-json\/wp\/v2\/product_tag?post=347"}],"curies":[{"name":"wp","href":"https:\/\/api.w.org\/{rel}","templated":true}]}}