{"id":3369,"date":"2019-08-20T14:02:27","date_gmt":"2019-08-20T12:02:27","guid":{"rendered":"http:\/\/www.mg-modelleisenbahnbau.de\/?post_type=product&#038;p=3369"},"modified":"2025-06-30T16:22:10","modified_gmt":"2025-06-30T14:22:10","slug":"39151-h0-windmuehle-in-hammarlunda","status":"publish","type":"product","link":"https:\/\/www.mg-modelleisenbahnbau.de\/startseite-2\/produkt\/39151-h0-windmuehle-in-hammarlunda\/","title":{"rendered":"39151 H0 Windm\u00fchle in Hammarlunda"},"content":{"rendered":"<div class=\"content--description\">\n<div class=\"content--title\">Produktinformationen &#8222;H0 Windm\u00fchle in Hammarlunda&#8220;<\/div>\n<div class=\"product--description\">Bausatz. Das Vorbild in Malmoeland geh\u00f6rt zur Gruppe der Holl\u00e4nderm\u00fchlen und h\u00e4tte f\u00fcr eine Modellbahnlandschaft oder ein Diorama nicht besser ausgesucht werden k\u00f6nnen. Die achtkantige Grundform ist f\u00fcr die gesamte turmartige Bauform von Bedeutung. Schwungvoll passt sich die Holzkonstruktion mit der \u00fcberlappenden Verbretterung dem massiv wirkenden Unterbau aus Bruchsteinen an. Als hohe Turmwindm\u00fchle hat sie auch im Modell lange Fl\u00fcgel und damit einen gro\u00dfen Windfang und mehr Energie. Die Kappe bildet nach oben einen wundersch\u00f6nen zwiebelartigen Abschluss. Beherrschend wirkt die umlaufende h\u00f6lzerne Galerie mit den diagonalen St\u00fctzbalken. Mittels eines Sterts werden die Fl\u00fcgel in den Wind gedreht. Mit Stecksystem. Ma\u00dfe: L 25,5 x B 17 x H 34 cm. Schwierigkeitsgrad: 2 (Fortgeschrittene).<\/div>\n<\/div>\n","protected":false},"excerpt":{"rendered":"<p>Produktinformationen &#8222;H0 Windm\u00fchle in Hammarlunda&#8220; Bausatz. Das Vorbild in Malmoeland geh\u00f6rt zur Gruppe der Holl\u00e4nderm\u00fchlen und h\u00e4tte f\u00fcr eine Modellbahnlandschaft oder ein Diorama nicht besser ausgesucht werden k\u00f6nnen. Die achtkantige Grundform ist f\u00fcr die gesamte turmartige Bauform von Bedeutung. Schwungvoll passt sich die Holzkonstruktion mit der \u00fcberlappenden Verbretterung dem massiv wirkenden Unterbau aus Bruchsteinen an&#8230;.<\/p>\n","protected":false},"featured_media":3370,"comment_status":"open","ping_status":"closed","template":"","meta":[],"product_brand":[],"product_cat":[44,201,38,217],"product_tag":[292,291],"class_list":{"0":"post-3369","1":"product","2":"type-product","3":"status-publish","4":"has-post-thumbnail","6":"product_cat-kibri","7":"product_cat-kibri-spur-ho","8":"product_cat-unkategorisiert","9":"product_cat-wind-wassermuehlen-ho","10":"product_tag-kein-spielzeug-nicht-geeignet-fuer-kinder-unter-14-jahren","11":"product_tag-warn-und-sicherheitshinweise-modellbauartikel","13":"first","14":"instock","15":"taxable","16":"shipping-taxable","17":"purchasable","18":"product-type-simple"},"jetpack_sharing_enabled":true,"_links":{"self":[{"href":"https:\/\/www.mg-modelleisenbahnbau.de\/startseite-2\/wp-json\/wp\/v2\/product\/3369","targetHints":{"allow":["GET"]}}],"collection":[{"href":"https:\/\/www.mg-modelleisenbahnbau.de\/startseite-2\/wp-json\/wp\/v2\/product"}],"about":[{"href":"https:\/\/www.mg-modelleisenbahnbau.de\/startseite-2\/wp-json\/wp\/v2\/types\/product"}],"replies":[{"embeddable":true,"href":"https:\/\/www.mg-modelleisenbahnbau.de\/startseite-2\/wp-json\/wp\/v2\/comments?post=3369"}],"wp:featuredmedia":[{"embeddable":true,"href":"https:\/\/www.mg-modelleisenbahnbau.de\/startseite-2\/wp-json\/wp\/v2\/media\/3370"}],"wp:attachment":[{"href":"https:\/\/www.mg-modelleisenbahnbau.de\/startseite-2\/wp-json\/wp\/v2\/media?parent=3369"}],"wp:term":[{"taxonomy":"product_brand","embeddable":true,"href":"https:\/\/www.mg-modelleisenbahnbau.de\/startseite-2\/wp-json\/wp\/v2\/product_brand?post=3369"},{"taxonomy":"product_cat","embeddable":true,"href":"https:\/\/www.mg-modelleisenbahnbau.de\/startseite-2\/wp-json\/wp\/v2\/product_cat?post=3369"},{"taxonomy":"product_tag","embeddable":true,"href":"https:\/\/www.mg-modelleisenbahnbau.de\/startseite-2\/wp-json\/wp\/v2\/product_tag?post=3369"}],"curies":[{"name":"wp","href":"https:\/\/api.w.org\/{rel}","templated":true}]}}