{"id":3356,"date":"2019-08-20T13:46:17","date_gmt":"2019-08-20T11:46:17","guid":{"rendered":"http:\/\/www.mg-modelleisenbahnbau.de\/?post_type=product&#038;p=3356"},"modified":"2025-06-30T12:47:07","modified_gmt":"2025-06-30T10:47:07","slug":"38010-h0-set-sertig-doerfli","status":"publish","type":"product","link":"https:\/\/www.mg-modelleisenbahnbau.de\/startseite-2\/produkt\/38010-h0-set-sertig-doerfli\/","title":{"rendered":"38010 H0 Set Sertig-D\u00f6rfli"},"content":{"rendered":"<div class=\"content--description\">\n<div class=\"content--title\">Produktinformationen &#8222;H0 Set Sertig-D\u00f6rfli&#8220;<\/div>\n<div class=\"product--description\">Bausatz. Mit diesem Set wird die Umsetzung eines kleinen vorbildgerechten Dorfes in l\u00e4ndlicher Umgebung zum Kinderspiel. Alle Geb\u00e4ude passen perfekt zusammen, genau wie im Original. Das Set besteht aus 7 Artikeln: Art. 38001 Bergh\u00fctte Seeblick, Art. 38002 Haus Edelwei\u00df, Art. 38003 Touristenhaus , Art. 38004 Haus Sonnenhalde, Art. 38006 Dorfkirche Sertig, Art. 38007 Heustadel, 2 St\u00fcck und Art. 38008 L\u00e4ndlicher Zaun. Ma\u00dfe: L 9 x B 8 x H 5 cm, L 10,5 x B 8,5 x H 6,5 cm, L 12 x B 8 x H 9 cm, L 12 x B 12,5 x H 9 cm, L 13 x B 10,5 x H 17,5 cm, L 6,5 x B 6 x H 4,3 cm und L 5,5 x B 5,5 x H 4 cm, Ma\u00dfe des Zauns variabel. Hergestellt im Zweifarben-Spritzgie\u00dfverfahren. Schwierigkeitsgrad: 2 (Fortgeschrittene).<\/div>\n<\/div>\n","protected":false},"excerpt":{"rendered":"<p>Produktinformationen &#8222;H0 Set Sertig-D\u00f6rfli&#8220; Bausatz. Mit diesem Set wird die Umsetzung eines kleinen vorbildgerechten Dorfes in l\u00e4ndlicher Umgebung zum Kinderspiel. Alle Geb\u00e4ude passen perfekt zusammen, genau wie im Original. Das Set besteht aus 7 Artikeln: Art. 38001 Bergh\u00fctte Seeblick, Art. 38002 Haus Edelwei\u00df, Art. 38003 Touristenhaus , Art. 38004 Haus Sonnenhalde, Art. 38006 Dorfkirche Sertig,&#8230;<\/p>\n","protected":false},"featured_media":3357,"comment_status":"open","ping_status":"closed","template":"","meta":[],"product_brand":[],"product_cat":[216,44,201,38],"product_tag":[292,291],"class_list":{"0":"post-3356","1":"product","2":"type-product","3":"status-publish","4":"has-post-thumbnail","6":"product_cat-alpenhaeuser-ho","7":"product_cat-kibri","8":"product_cat-kibri-spur-ho","9":"product_cat-unkategorisiert","10":"product_tag-kein-spielzeug-nicht-geeignet-fuer-kinder-unter-14-jahren","11":"product_tag-warn-und-sicherheitshinweise-modellbauartikel","13":"first","14":"instock","15":"taxable","16":"shipping-taxable","17":"purchasable","18":"product-type-simple"},"jetpack_sharing_enabled":true,"_links":{"self":[{"href":"https:\/\/www.mg-modelleisenbahnbau.de\/startseite-2\/wp-json\/wp\/v2\/product\/3356","targetHints":{"allow":["GET"]}}],"collection":[{"href":"https:\/\/www.mg-modelleisenbahnbau.de\/startseite-2\/wp-json\/wp\/v2\/product"}],"about":[{"href":"https:\/\/www.mg-modelleisenbahnbau.de\/startseite-2\/wp-json\/wp\/v2\/types\/product"}],"replies":[{"embeddable":true,"href":"https:\/\/www.mg-modelleisenbahnbau.de\/startseite-2\/wp-json\/wp\/v2\/comments?post=3356"}],"wp:featuredmedia":[{"embeddable":true,"href":"https:\/\/www.mg-modelleisenbahnbau.de\/startseite-2\/wp-json\/wp\/v2\/media\/3357"}],"wp:attachment":[{"href":"https:\/\/www.mg-modelleisenbahnbau.de\/startseite-2\/wp-json\/wp\/v2\/media?parent=3356"}],"wp:term":[{"taxonomy":"product_brand","embeddable":true,"href":"https:\/\/www.mg-modelleisenbahnbau.de\/startseite-2\/wp-json\/wp\/v2\/product_brand?post=3356"},{"taxonomy":"product_cat","embeddable":true,"href":"https:\/\/www.mg-modelleisenbahnbau.de\/startseite-2\/wp-json\/wp\/v2\/product_cat?post=3356"},{"taxonomy":"product_tag","embeddable":true,"href":"https:\/\/www.mg-modelleisenbahnbau.de\/startseite-2\/wp-json\/wp\/v2\/product_tag?post=3356"}],"curies":[{"name":"wp","href":"https:\/\/api.w.org\/{rel}","templated":true}]}}