{"id":3354,"date":"2019-08-20T13:43:18","date_gmt":"2019-08-20T11:43:18","guid":{"rendered":"http:\/\/www.mg-modelleisenbahnbau.de\/?post_type=product&#038;p=3354"},"modified":"2025-06-30T15:05:49","modified_gmt":"2025-06-30T13:05:49","slug":"38805-h0-chalet-in-brienz","status":"publish","type":"product","link":"https:\/\/www.mg-modelleisenbahnbau.de\/startseite-2\/produkt\/38805-h0-chalet-in-brienz\/","title":{"rendered":"38805 H0 Chalet in Brienz"},"content":{"rendered":"<div class=\"content--description\">\n<div class=\"content--title\">Produktinformationen &#8222;H0 Chalet in Brienz&#8220;<\/div>\n<div class=\"product--description\">Bausatz. Das Dorf Brienz liegt umgeben von einer reizvollen Berglandschaft am \u00f6stlichen Ende des Brienzersees im Kanton Bern in der Schweiz. Der fein detaillierte Bausatz dieses alpenl\u00e4ndischen Chalets passt wundersch\u00f6n zwischen freie Weiden und Nadelw\u00e4lder und holt damit einen Hauch Urlaubsatmosph\u00e4re und ein St\u00fcck gute heile Welt auf die eigene Modellbahn. Ma\u00dfe: L 12 x B 9 x H 7 cm. Schwierigkeitsgrad: 2 (Fortgeschrittene).<\/div>\n<\/div>\n","protected":false},"excerpt":{"rendered":"<p>Produktinformationen &#8222;H0 Chalet in Brienz&#8220; Bausatz. Das Dorf Brienz liegt umgeben von einer reizvollen Berglandschaft am \u00f6stlichen Ende des Brienzersees im Kanton Bern in der Schweiz. Der fein detaillierte Bausatz dieses alpenl\u00e4ndischen Chalets passt wundersch\u00f6n zwischen freie Weiden und Nadelw\u00e4lder und holt damit einen Hauch Urlaubsatmosph\u00e4re und ein St\u00fcck gute heile Welt auf die eigene&#8230;<\/p>\n","protected":false},"featured_media":3355,"comment_status":"open","ping_status":"closed","template":"","meta":[],"product_brand":[],"product_cat":[216,44,201,38],"product_tag":[292,291],"class_list":{"0":"post-3354","1":"product","2":"type-product","3":"status-publish","4":"has-post-thumbnail","6":"product_cat-alpenhaeuser-ho","7":"product_cat-kibri","8":"product_cat-kibri-spur-ho","9":"product_cat-unkategorisiert","10":"product_tag-kein-spielzeug-nicht-geeignet-fuer-kinder-unter-14-jahren","11":"product_tag-warn-und-sicherheitshinweise-modellbauartikel","13":"first","14":"instock","15":"taxable","16":"shipping-taxable","17":"purchasable","18":"product-type-simple"},"jetpack_sharing_enabled":true,"_links":{"self":[{"href":"https:\/\/www.mg-modelleisenbahnbau.de\/startseite-2\/wp-json\/wp\/v2\/product\/3354","targetHints":{"allow":["GET"]}}],"collection":[{"href":"https:\/\/www.mg-modelleisenbahnbau.de\/startseite-2\/wp-json\/wp\/v2\/product"}],"about":[{"href":"https:\/\/www.mg-modelleisenbahnbau.de\/startseite-2\/wp-json\/wp\/v2\/types\/product"}],"replies":[{"embeddable":true,"href":"https:\/\/www.mg-modelleisenbahnbau.de\/startseite-2\/wp-json\/wp\/v2\/comments?post=3354"}],"wp:featuredmedia":[{"embeddable":true,"href":"https:\/\/www.mg-modelleisenbahnbau.de\/startseite-2\/wp-json\/wp\/v2\/media\/3355"}],"wp:attachment":[{"href":"https:\/\/www.mg-modelleisenbahnbau.de\/startseite-2\/wp-json\/wp\/v2\/media?parent=3354"}],"wp:term":[{"taxonomy":"product_brand","embeddable":true,"href":"https:\/\/www.mg-modelleisenbahnbau.de\/startseite-2\/wp-json\/wp\/v2\/product_brand?post=3354"},{"taxonomy":"product_cat","embeddable":true,"href":"https:\/\/www.mg-modelleisenbahnbau.de\/startseite-2\/wp-json\/wp\/v2\/product_cat?post=3354"},{"taxonomy":"product_tag","embeddable":true,"href":"https:\/\/www.mg-modelleisenbahnbau.de\/startseite-2\/wp-json\/wp\/v2\/product_tag?post=3354"}],"curies":[{"name":"wp","href":"https:\/\/api.w.org\/{rel}","templated":true}]}}