{"id":3348,"date":"2019-08-20T13:35:06","date_gmt":"2019-08-20T11:35:06","guid":{"rendered":"http:\/\/www.mg-modelleisenbahnbau.de\/?post_type=product&#038;p=3348"},"modified":"2025-06-30T15:05:50","modified_gmt":"2025-06-30T13:05:50","slug":"38807-h0-bauernhof-simmental","status":"publish","type":"product","link":"https:\/\/www.mg-modelleisenbahnbau.de\/startseite-2\/produkt\/38807-h0-bauernhof-simmental\/","title":{"rendered":"38807 H0 Bauernhof Simmental"},"content":{"rendered":"<div class=\"content--description\">\n<div class=\"content--title\">Produktinformationen &#8222;H0 Bauernhof Simmental&#8220;<\/div>\n<div class=\"product--description\">Bausatz. Das Simmental ist ein Tal im westlichen Berner Oberland im Kanton Bern in der Schweiz. Die Simmentaler Bauernh\u00e4user dienten seit Jahrhunderten der Viehzucht und Milchwirtschaft, vereinzelt auch der Pferdezucht. Charakteristisch f\u00fcr diese Region ist die Zimmermannskunst an den H\u00e4usern. Ma\u00dfe: L 20 x B 14 x H 9 cm. Schwierigkeitsgrad: 2 (Fortgeschrittene).<\/div>\n<\/div>\n","protected":false},"excerpt":{"rendered":"<p>Produktinformationen &#8222;H0 Bauernhof Simmental&#8220; Bausatz. Das Simmental ist ein Tal im westlichen Berner Oberland im Kanton Bern in der Schweiz. Die Simmentaler Bauernh\u00e4user dienten seit Jahrhunderten der Viehzucht und Milchwirtschaft, vereinzelt auch der Pferdezucht. Charakteristisch f\u00fcr diese Region ist die Zimmermannskunst an den H\u00e4usern. Ma\u00dfe: L 20 x B 14 x H 9 cm. Schwierigkeitsgrad:&#8230;<\/p>\n","protected":false},"featured_media":3349,"comment_status":"open","ping_status":"closed","template":"","meta":[],"product_brand":[],"product_cat":[216,44,201,38],"product_tag":[292,291],"class_list":{"0":"post-3348","1":"product","2":"type-product","3":"status-publish","4":"has-post-thumbnail","6":"product_cat-alpenhaeuser-ho","7":"product_cat-kibri","8":"product_cat-kibri-spur-ho","9":"product_cat-unkategorisiert","10":"product_tag-kein-spielzeug-nicht-geeignet-fuer-kinder-unter-14-jahren","11":"product_tag-warn-und-sicherheitshinweise-modellbauartikel","13":"first","14":"instock","15":"taxable","16":"shipping-taxable","17":"purchasable","18":"product-type-simple"},"jetpack_sharing_enabled":true,"_links":{"self":[{"href":"https:\/\/www.mg-modelleisenbahnbau.de\/startseite-2\/wp-json\/wp\/v2\/product\/3348","targetHints":{"allow":["GET"]}}],"collection":[{"href":"https:\/\/www.mg-modelleisenbahnbau.de\/startseite-2\/wp-json\/wp\/v2\/product"}],"about":[{"href":"https:\/\/www.mg-modelleisenbahnbau.de\/startseite-2\/wp-json\/wp\/v2\/types\/product"}],"replies":[{"embeddable":true,"href":"https:\/\/www.mg-modelleisenbahnbau.de\/startseite-2\/wp-json\/wp\/v2\/comments?post=3348"}],"wp:featuredmedia":[{"embeddable":true,"href":"https:\/\/www.mg-modelleisenbahnbau.de\/startseite-2\/wp-json\/wp\/v2\/media\/3349"}],"wp:attachment":[{"href":"https:\/\/www.mg-modelleisenbahnbau.de\/startseite-2\/wp-json\/wp\/v2\/media?parent=3348"}],"wp:term":[{"taxonomy":"product_brand","embeddable":true,"href":"https:\/\/www.mg-modelleisenbahnbau.de\/startseite-2\/wp-json\/wp\/v2\/product_brand?post=3348"},{"taxonomy":"product_cat","embeddable":true,"href":"https:\/\/www.mg-modelleisenbahnbau.de\/startseite-2\/wp-json\/wp\/v2\/product_cat?post=3348"},{"taxonomy":"product_tag","embeddable":true,"href":"https:\/\/www.mg-modelleisenbahnbau.de\/startseite-2\/wp-json\/wp\/v2\/product_tag?post=3348"}],"curies":[{"name":"wp","href":"https:\/\/api.w.org\/{rel}","templated":true}]}}