{"id":3334,"date":"2019-08-20T13:03:11","date_gmt":"2019-08-20T11:03:11","guid":{"rendered":"http:\/\/www.mg-modelleisenbahnbau.de\/?post_type=product&#038;p=3334"},"modified":"2025-06-30T15:05:51","modified_gmt":"2025-06-30T13:05:51","slug":"38809-h0-berghaus-palue-in-grevasalvas","status":"publish","type":"product","link":"https:\/\/www.mg-modelleisenbahnbau.de\/startseite-2\/produkt\/38809-h0-berghaus-palue-in-grevasalvas\/","title":{"rendered":"38809 H0 Berghaus Pal\u00fc in Grevasalvas"},"content":{"rendered":"<div class=\"content--description\">\n<div class=\"content--title\">Produktinformationen &#8222;H0 Berghaus Pal\u00fc in Grevasalvas&#8220;<\/div>\n<div class=\"product--description\">Bausatz. Unweit von St. Moritz, oberhalb des Silser Sees im Schweizer Engadin, liegt das romantische Sommerdorf Grevasalvas. Hier, in knapp 2000 m H\u00f6he, stehen die liebenswerten, urtypischen Bergh\u00e4user dieser Region. Der Engadin, im Original ein Paradies f\u00fcr Wanderer und Naturliebhaber, findet mit dem Berghaus Pal\u00fc auch den Weg auf die heimische Modelleisenbahn. Alle Baus\u00e4tze der Grevasalvas-Serie lassen sich miteinander wunderbar zu einem echten Schweizer D\u00f6rfli kombinieren. Doch auch einzeln stehend bereichert der Bausatz durch die landestypische Bauweise jede alpenl\u00e4ndische Modellbahnlandschaft. Ma\u00dfe: L 17 x B 12 x H 7,5 cm. Schwierigkeitsgrad: 2 (Fortgeschrittene).<\/div>\n<\/div>\n","protected":false},"excerpt":{"rendered":"<p>Produktinformationen &#8222;H0 Berghaus Pal\u00fc in Grevasalvas&#8220; Bausatz. Unweit von St. Moritz, oberhalb des Silser Sees im Schweizer Engadin, liegt das romantische Sommerdorf Grevasalvas. Hier, in knapp 2000 m H\u00f6he, stehen die liebenswerten, urtypischen Bergh\u00e4user dieser Region. Der Engadin, im Original ein Paradies f\u00fcr Wanderer und Naturliebhaber, findet mit dem Berghaus Pal\u00fc auch den Weg auf&#8230;<\/p>\n","protected":false},"featured_media":3335,"comment_status":"open","ping_status":"closed","template":"","meta":[],"product_brand":[],"product_cat":[216,44,201,38],"product_tag":[292,291],"class_list":{"0":"post-3334","1":"product","2":"type-product","3":"status-publish","4":"has-post-thumbnail","6":"product_cat-alpenhaeuser-ho","7":"product_cat-kibri","8":"product_cat-kibri-spur-ho","9":"product_cat-unkategorisiert","10":"product_tag-kein-spielzeug-nicht-geeignet-fuer-kinder-unter-14-jahren","11":"product_tag-warn-und-sicherheitshinweise-modellbauartikel","13":"first","14":"instock","15":"taxable","16":"shipping-taxable","17":"purchasable","18":"product-type-simple"},"jetpack_sharing_enabled":true,"_links":{"self":[{"href":"https:\/\/www.mg-modelleisenbahnbau.de\/startseite-2\/wp-json\/wp\/v2\/product\/3334","targetHints":{"allow":["GET"]}}],"collection":[{"href":"https:\/\/www.mg-modelleisenbahnbau.de\/startseite-2\/wp-json\/wp\/v2\/product"}],"about":[{"href":"https:\/\/www.mg-modelleisenbahnbau.de\/startseite-2\/wp-json\/wp\/v2\/types\/product"}],"replies":[{"embeddable":true,"href":"https:\/\/www.mg-modelleisenbahnbau.de\/startseite-2\/wp-json\/wp\/v2\/comments?post=3334"}],"wp:featuredmedia":[{"embeddable":true,"href":"https:\/\/www.mg-modelleisenbahnbau.de\/startseite-2\/wp-json\/wp\/v2\/media\/3335"}],"wp:attachment":[{"href":"https:\/\/www.mg-modelleisenbahnbau.de\/startseite-2\/wp-json\/wp\/v2\/media?parent=3334"}],"wp:term":[{"taxonomy":"product_brand","embeddable":true,"href":"https:\/\/www.mg-modelleisenbahnbau.de\/startseite-2\/wp-json\/wp\/v2\/product_brand?post=3334"},{"taxonomy":"product_cat","embeddable":true,"href":"https:\/\/www.mg-modelleisenbahnbau.de\/startseite-2\/wp-json\/wp\/v2\/product_cat?post=3334"},{"taxonomy":"product_tag","embeddable":true,"href":"https:\/\/www.mg-modelleisenbahnbau.de\/startseite-2\/wp-json\/wp\/v2\/product_tag?post=3334"}],"curies":[{"name":"wp","href":"https:\/\/api.w.org\/{rel}","templated":true}]}}