{"id":3332,"date":"2019-08-20T13:00:04","date_gmt":"2019-08-20T11:00:04","guid":{"rendered":"http:\/\/www.mg-modelleisenbahnbau.de\/?post_type=product&#038;p=3332"},"modified":"2025-06-30T12:47:12","modified_gmt":"2025-06-30T10:47:12","slug":"38072-h0-forsthaus-meran","status":"publish","type":"product","link":"https:\/\/www.mg-modelleisenbahnbau.de\/startseite-2\/produkt\/38072-h0-forsthaus-meran\/","title":{"rendered":"38072 H0 Forsthaus Meran"},"content":{"rendered":"<div class=\"content--description\">\n<div class=\"content--title\">Produktinformationen &#8222;H0 Forsthaus Meran&#8220;<\/div>\n<div class=\"product--description\">Bausatz. Das Walmdach und der fast umlaufende Balkon mit seitlichem Treppenaufgang geben dem Forsthaus sein gem\u00fctliches, beh\u00e4biges Aussehen. Man kann sich gut vorstellen, welche Geschichten und Anekdoten in der gro\u00dfen K\u00fcche mit dem Gastraum zum Besten gegeben wurden. Zur Ausgestaltung passt noch ein kleines Gem\u00fcseg\u00e4rtchen, schon ist die Idylle perfekt. Ma\u00dfe: L 14,5 x B 12 x H 13 cm. Mit Stecksystem. Schwierigkeitsgrad: 2 (Fortgeschrittene).<\/div>\n<\/div>\n","protected":false},"excerpt":{"rendered":"<p>Produktinformationen &#8222;H0 Forsthaus Meran&#8220; Bausatz. Das Walmdach und der fast umlaufende Balkon mit seitlichem Treppenaufgang geben dem Forsthaus sein gem\u00fctliches, beh\u00e4biges Aussehen. Man kann sich gut vorstellen, welche Geschichten und Anekdoten in der gro\u00dfen K\u00fcche mit dem Gastraum zum Besten gegeben wurden. Zur Ausgestaltung passt noch ein kleines Gem\u00fcseg\u00e4rtchen, schon ist die Idylle perfekt. Ma\u00dfe:&#8230;<\/p>\n","protected":false},"featured_media":3333,"comment_status":"open","ping_status":"closed","template":"","meta":[],"product_brand":[],"product_cat":[216,44,201,38],"product_tag":[292,291],"class_list":{"0":"post-3332","1":"product","2":"type-product","3":"status-publish","4":"has-post-thumbnail","6":"product_cat-alpenhaeuser-ho","7":"product_cat-kibri","8":"product_cat-kibri-spur-ho","9":"product_cat-unkategorisiert","10":"product_tag-kein-spielzeug-nicht-geeignet-fuer-kinder-unter-14-jahren","11":"product_tag-warn-und-sicherheitshinweise-modellbauartikel","13":"first","14":"instock","15":"taxable","16":"shipping-taxable","17":"purchasable","18":"product-type-simple"},"jetpack_sharing_enabled":true,"_links":{"self":[{"href":"https:\/\/www.mg-modelleisenbahnbau.de\/startseite-2\/wp-json\/wp\/v2\/product\/3332","targetHints":{"allow":["GET"]}}],"collection":[{"href":"https:\/\/www.mg-modelleisenbahnbau.de\/startseite-2\/wp-json\/wp\/v2\/product"}],"about":[{"href":"https:\/\/www.mg-modelleisenbahnbau.de\/startseite-2\/wp-json\/wp\/v2\/types\/product"}],"replies":[{"embeddable":true,"href":"https:\/\/www.mg-modelleisenbahnbau.de\/startseite-2\/wp-json\/wp\/v2\/comments?post=3332"}],"wp:featuredmedia":[{"embeddable":true,"href":"https:\/\/www.mg-modelleisenbahnbau.de\/startseite-2\/wp-json\/wp\/v2\/media\/3333"}],"wp:attachment":[{"href":"https:\/\/www.mg-modelleisenbahnbau.de\/startseite-2\/wp-json\/wp\/v2\/media?parent=3332"}],"wp:term":[{"taxonomy":"product_brand","embeddable":true,"href":"https:\/\/www.mg-modelleisenbahnbau.de\/startseite-2\/wp-json\/wp\/v2\/product_brand?post=3332"},{"taxonomy":"product_cat","embeddable":true,"href":"https:\/\/www.mg-modelleisenbahnbau.de\/startseite-2\/wp-json\/wp\/v2\/product_cat?post=3332"},{"taxonomy":"product_tag","embeddable":true,"href":"https:\/\/www.mg-modelleisenbahnbau.de\/startseite-2\/wp-json\/wp\/v2\/product_tag?post=3332"}],"curies":[{"name":"wp","href":"https:\/\/api.w.org\/{rel}","templated":true}]}}