{"id":3326,"date":"2019-08-20T12:54:03","date_gmt":"2019-08-20T10:54:03","guid":{"rendered":"http:\/\/www.mg-modelleisenbahnbau.de\/?post_type=product&#038;p=3326"},"modified":"2025-06-30T12:47:12","modified_gmt":"2025-06-30T10:47:12","slug":"38074-h0-bauernhaus-schwarzwald","status":"publish","type":"product","link":"https:\/\/www.mg-modelleisenbahnbau.de\/startseite-2\/produkt\/38074-h0-bauernhaus-schwarzwald\/","title":{"rendered":"38074 H0 Bauernhaus Schwarzwald"},"content":{"rendered":"<div class=\"content--description\">\n<div class=\"content--title\">Produktinformationen &#8222;H0 Bauernhaus Schwarzwald&#8220;<\/div>\n<div class=\"product--description\">Bausatz. Dieses wundersch\u00f6ne Schwarzwaldhaus vereinigt in sich verschiedene Elemente der Schwarzw\u00e4lder Bautradition. Es vermittelt auf diese Weise einen Einblick in die Lebensweise und Kultur der Menschen im Hochschwarzwald in alten Zeiten. Das gro\u00dfe, Behaglichkeit ausstrahlende Walmdach gab auch Schutz und Geborgenheit w\u00e4hrend der langen, verschneiten Winter in dieser Gegend. Mit Stecksystem. Ma\u00dfe: L 20,5 x B 15 x H 15,5 cm. Schwierigkeitsgrad: 2 (Fortgeschrittene).<\/div>\n<\/div>\n","protected":false},"excerpt":{"rendered":"<p>Produktinformationen &#8222;H0 Bauernhaus Schwarzwald&#8220; Bausatz. Dieses wundersch\u00f6ne Schwarzwaldhaus vereinigt in sich verschiedene Elemente der Schwarzw\u00e4lder Bautradition. Es vermittelt auf diese Weise einen Einblick in die Lebensweise und Kultur der Menschen im Hochschwarzwald in alten Zeiten. Das gro\u00dfe, Behaglichkeit ausstrahlende Walmdach gab auch Schutz und Geborgenheit w\u00e4hrend der langen, verschneiten Winter in dieser Gegend. Mit Stecksystem&#8230;.<\/p>\n","protected":false},"featured_media":3327,"comment_status":"open","ping_status":"closed","template":"","meta":[],"product_brand":[],"product_cat":[216,44,201,38],"product_tag":[292,291],"class_list":{"0":"post-3326","1":"product","2":"type-product","3":"status-publish","4":"has-post-thumbnail","6":"product_cat-alpenhaeuser-ho","7":"product_cat-kibri","8":"product_cat-kibri-spur-ho","9":"product_cat-unkategorisiert","10":"product_tag-kein-spielzeug-nicht-geeignet-fuer-kinder-unter-14-jahren","11":"product_tag-warn-und-sicherheitshinweise-modellbauartikel","13":"first","14":"instock","15":"taxable","16":"shipping-taxable","17":"purchasable","18":"product-type-simple"},"jetpack_sharing_enabled":true,"_links":{"self":[{"href":"https:\/\/www.mg-modelleisenbahnbau.de\/startseite-2\/wp-json\/wp\/v2\/product\/3326","targetHints":{"allow":["GET"]}}],"collection":[{"href":"https:\/\/www.mg-modelleisenbahnbau.de\/startseite-2\/wp-json\/wp\/v2\/product"}],"about":[{"href":"https:\/\/www.mg-modelleisenbahnbau.de\/startseite-2\/wp-json\/wp\/v2\/types\/product"}],"replies":[{"embeddable":true,"href":"https:\/\/www.mg-modelleisenbahnbau.de\/startseite-2\/wp-json\/wp\/v2\/comments?post=3326"}],"wp:featuredmedia":[{"embeddable":true,"href":"https:\/\/www.mg-modelleisenbahnbau.de\/startseite-2\/wp-json\/wp\/v2\/media\/3327"}],"wp:attachment":[{"href":"https:\/\/www.mg-modelleisenbahnbau.de\/startseite-2\/wp-json\/wp\/v2\/media?parent=3326"}],"wp:term":[{"taxonomy":"product_brand","embeddable":true,"href":"https:\/\/www.mg-modelleisenbahnbau.de\/startseite-2\/wp-json\/wp\/v2\/product_brand?post=3326"},{"taxonomy":"product_cat","embeddable":true,"href":"https:\/\/www.mg-modelleisenbahnbau.de\/startseite-2\/wp-json\/wp\/v2\/product_cat?post=3326"},{"taxonomy":"product_tag","embeddable":true,"href":"https:\/\/www.mg-modelleisenbahnbau.de\/startseite-2\/wp-json\/wp\/v2\/product_tag?post=3326"}],"curies":[{"name":"wp","href":"https:\/\/api.w.org\/{rel}","templated":true}]}}