{"id":3322,"date":"2019-08-20T12:38:10","date_gmt":"2019-08-20T10:38:10","guid":{"rendered":"http:\/\/www.mg-modelleisenbahnbau.de\/?post_type=product&#038;p=3322"},"modified":"2025-06-30T15:05:50","modified_gmt":"2025-06-30T13:05:50","slug":"38808-h0-bauernhof-im-emmental","status":"publish","type":"product","link":"https:\/\/www.mg-modelleisenbahnbau.de\/startseite-2\/produkt\/38808-h0-bauernhof-im-emmental\/","title":{"rendered":"38808 H0 Bauernhof im Emmental"},"content":{"rendered":"<div class=\"content--description\">\n<div class=\"content--title\">Produktinformationen &#8222;H0 Bauernhof im Emmental&#8220;<\/div>\n<div class=\"product--description\">Bausatz. Im Berner Mittelland in der Schweiz steht das Vorbild dieses m\u00e4chtigen Bauernhofes. Hier wird noch echte Viehzucht betrieben. Die Viehbest\u00e4nde bilden die Grundlage des in vielen Dorfk\u00e4sereien hergestellten und \u00fcber alle Lande bekannten Emmentaler K\u00e4se. Die stattlichen Bauernh\u00f6fe mit ihren gro\u00dfen Walmd\u00e4chern sind gerade f\u00fcr diese Region typisch und passen damit gut zu freien Wiesen und Weiden sowie urtypischen Nadelw\u00e4ldern auf der heimischen Modelleisenbahn. Mit Stecksystem. Ma\u00dfe: L 30 x B 19,5 x H 13,5 cm. Schwierigkeitsgrad: 2 (Fortgeschrittene).<\/div>\n<\/div>\n","protected":false},"excerpt":{"rendered":"<p>Produktinformationen &#8222;H0 Bauernhof im Emmental&#8220; Bausatz. Im Berner Mittelland in der Schweiz steht das Vorbild dieses m\u00e4chtigen Bauernhofes. Hier wird noch echte Viehzucht betrieben. Die Viehbest\u00e4nde bilden die Grundlage des in vielen Dorfk\u00e4sereien hergestellten und \u00fcber alle Lande bekannten Emmentaler K\u00e4se. Die stattlichen Bauernh\u00f6fe mit ihren gro\u00dfen Walmd\u00e4chern sind gerade f\u00fcr diese Region typisch und&#8230;<\/p>\n","protected":false},"featured_media":3323,"comment_status":"open","ping_status":"closed","template":"","meta":[],"product_brand":[],"product_cat":[216,44,201,38],"product_tag":[292,291],"class_list":{"0":"post-3322","1":"product","2":"type-product","3":"status-publish","4":"has-post-thumbnail","6":"product_cat-alpenhaeuser-ho","7":"product_cat-kibri","8":"product_cat-kibri-spur-ho","9":"product_cat-unkategorisiert","10":"product_tag-kein-spielzeug-nicht-geeignet-fuer-kinder-unter-14-jahren","11":"product_tag-warn-und-sicherheitshinweise-modellbauartikel","13":"first","14":"instock","15":"taxable","16":"shipping-taxable","17":"purchasable","18":"product-type-simple"},"jetpack_sharing_enabled":true,"_links":{"self":[{"href":"https:\/\/www.mg-modelleisenbahnbau.de\/startseite-2\/wp-json\/wp\/v2\/product\/3322","targetHints":{"allow":["GET"]}}],"collection":[{"href":"https:\/\/www.mg-modelleisenbahnbau.de\/startseite-2\/wp-json\/wp\/v2\/product"}],"about":[{"href":"https:\/\/www.mg-modelleisenbahnbau.de\/startseite-2\/wp-json\/wp\/v2\/types\/product"}],"replies":[{"embeddable":true,"href":"https:\/\/www.mg-modelleisenbahnbau.de\/startseite-2\/wp-json\/wp\/v2\/comments?post=3322"}],"wp:featuredmedia":[{"embeddable":true,"href":"https:\/\/www.mg-modelleisenbahnbau.de\/startseite-2\/wp-json\/wp\/v2\/media\/3323"}],"wp:attachment":[{"href":"https:\/\/www.mg-modelleisenbahnbau.de\/startseite-2\/wp-json\/wp\/v2\/media?parent=3322"}],"wp:term":[{"taxonomy":"product_brand","embeddable":true,"href":"https:\/\/www.mg-modelleisenbahnbau.de\/startseite-2\/wp-json\/wp\/v2\/product_brand?post=3322"},{"taxonomy":"product_cat","embeddable":true,"href":"https:\/\/www.mg-modelleisenbahnbau.de\/startseite-2\/wp-json\/wp\/v2\/product_cat?post=3322"},{"taxonomy":"product_tag","embeddable":true,"href":"https:\/\/www.mg-modelleisenbahnbau.de\/startseite-2\/wp-json\/wp\/v2\/product_tag?post=3322"}],"curies":[{"name":"wp","href":"https:\/\/api.w.org\/{rel}","templated":true}]}}