{"id":3308,"date":"2019-08-20T12:21:51","date_gmt":"2019-08-20T10:21:51","guid":{"rendered":"http:\/\/www.mg-modelleisenbahnbau.de\/?post_type=product&#038;p=3308"},"modified":"2025-06-30T13:01:50","modified_gmt":"2025-06-30T11:01:50","slug":"38323-h0-haus-bussardstrasse","status":"publish","type":"product","link":"https:\/\/www.mg-modelleisenbahnbau.de\/startseite-2\/produkt\/38323-h0-haus-bussardstrasse\/","title":{"rendered":"38323 H0 Haus Bussardstra\u00dfe"},"content":{"rendered":"<div class=\"content--description\">\n<div class=\"content--title\">Produktinformationen &#8222;H0 Haus Bussardstra\u00dfe&#8220;<\/div>\n<div class=\"product--description\">Bausatz. Dieses Doppelhaus ist ein typisches Vorstadtgeb\u00e4ude. Ma\u00dfe: L 14,8 x B 10,5 x H 10,5 cm. Schwierigkeitsgrad: 2 (Fortgeschrittene).<\/div>\n<\/div>\n","protected":false},"excerpt":{"rendered":"<p>Produktinformationen &#8222;H0 Haus Bussardstra\u00dfe&#8220; Bausatz. Dieses Doppelhaus ist ein typisches Vorstadtgeb\u00e4ude. Ma\u00dfe: L 14,8 x B 10,5 x H 10,5 cm. Schwierigkeitsgrad: 2 (Fortgeschrittene).<\/p>\n","protected":false},"featured_media":3309,"comment_status":"open","ping_status":"closed","template":"","meta":[],"product_brand":[],"product_cat":[214,44,201,38],"product_tag":[292,291],"class_list":{"0":"post-3308","1":"product","2":"type-product","3":"status-publish","4":"has-post-thumbnail","6":"product_cat-dorf-vorstadthaeuser-ho","7":"product_cat-kibri","8":"product_cat-kibri-spur-ho","9":"product_cat-unkategorisiert","10":"product_tag-kein-spielzeug-nicht-geeignet-fuer-kinder-unter-14-jahren","11":"product_tag-warn-und-sicherheitshinweise-modellbauartikel","13":"first","14":"instock","15":"taxable","16":"shipping-taxable","17":"purchasable","18":"product-type-simple"},"jetpack_sharing_enabled":true,"_links":{"self":[{"href":"https:\/\/www.mg-modelleisenbahnbau.de\/startseite-2\/wp-json\/wp\/v2\/product\/3308","targetHints":{"allow":["GET"]}}],"collection":[{"href":"https:\/\/www.mg-modelleisenbahnbau.de\/startseite-2\/wp-json\/wp\/v2\/product"}],"about":[{"href":"https:\/\/www.mg-modelleisenbahnbau.de\/startseite-2\/wp-json\/wp\/v2\/types\/product"}],"replies":[{"embeddable":true,"href":"https:\/\/www.mg-modelleisenbahnbau.de\/startseite-2\/wp-json\/wp\/v2\/comments?post=3308"}],"wp:featuredmedia":[{"embeddable":true,"href":"https:\/\/www.mg-modelleisenbahnbau.de\/startseite-2\/wp-json\/wp\/v2\/media\/3309"}],"wp:attachment":[{"href":"https:\/\/www.mg-modelleisenbahnbau.de\/startseite-2\/wp-json\/wp\/v2\/media?parent=3308"}],"wp:term":[{"taxonomy":"product_brand","embeddable":true,"href":"https:\/\/www.mg-modelleisenbahnbau.de\/startseite-2\/wp-json\/wp\/v2\/product_brand?post=3308"},{"taxonomy":"product_cat","embeddable":true,"href":"https:\/\/www.mg-modelleisenbahnbau.de\/startseite-2\/wp-json\/wp\/v2\/product_cat?post=3308"},{"taxonomy":"product_tag","embeddable":true,"href":"https:\/\/www.mg-modelleisenbahnbau.de\/startseite-2\/wp-json\/wp\/v2\/product_tag?post=3308"}],"curies":[{"name":"wp","href":"https:\/\/api.w.org\/{rel}","templated":true}]}}