{"id":3294,"date":"2019-08-20T11:46:06","date_gmt":"2019-08-20T09:46:06","guid":{"rendered":"http:\/\/www.mg-modelleisenbahnbau.de\/?post_type=product&#038;p=3294"},"modified":"2025-06-30T13:01:41","modified_gmt":"2025-06-30T11:01:41","slug":"38166-h0-wohnhaus-mit-walmdach","status":"publish","type":"product","link":"https:\/\/www.mg-modelleisenbahnbau.de\/startseite-2\/produkt\/38166-h0-wohnhaus-mit-walmdach\/","title":{"rendered":"38166 H0 Wohnhaus mit Walmdach"},"content":{"rendered":"<div class=\"content--description\">\n<div class=\"content--title\">Produktinformationen &#8222;H0 Wohnhaus mit Walmdach&#8220;<\/div>\n<div class=\"product--description\">Bausatz. Mit den Wohnh\u00e4usern 38160, 38162, 38164, 38166 und 38168 k\u00f6nnen Sie eine ganze Wohnsiedlung oder einen Stra\u00dfenzug gestalten. Durch die sich \u00e4hnelnden Dachformen ergibt sich ein harmonisches Gesamtbild, trotzdem ist jedes Haus individuell. Ma\u00dfe: L 12 x B 11 x H 12 cm. Schwierigkeitsgrad: 2 (Fortgeschrittene).<\/div>\n<\/div>\n","protected":false},"excerpt":{"rendered":"<p>Produktinformationen &#8222;H0 Wohnhaus mit Walmdach&#8220; Bausatz. Mit den Wohnh\u00e4usern 38160, 38162, 38164, 38166 und 38168 k\u00f6nnen Sie eine ganze Wohnsiedlung oder einen Stra\u00dfenzug gestalten. Durch die sich \u00e4hnelnden Dachformen ergibt sich ein harmonisches Gesamtbild, trotzdem ist jedes Haus individuell. Ma\u00dfe: L 12 x B 11 x H 12 cm. Schwierigkeitsgrad: 2 (Fortgeschrittene).<\/p>\n","protected":false},"featured_media":3295,"comment_status":"open","ping_status":"closed","template":"","meta":[],"product_brand":[],"product_cat":[214,44,201,38],"product_tag":[292,291],"class_list":{"0":"post-3294","1":"product","2":"type-product","3":"status-publish","4":"has-post-thumbnail","6":"product_cat-dorf-vorstadthaeuser-ho","7":"product_cat-kibri","8":"product_cat-kibri-spur-ho","9":"product_cat-unkategorisiert","10":"product_tag-kein-spielzeug-nicht-geeignet-fuer-kinder-unter-14-jahren","11":"product_tag-warn-und-sicherheitshinweise-modellbauartikel","13":"first","14":"instock","15":"taxable","16":"shipping-taxable","17":"purchasable","18":"product-type-simple"},"jetpack_sharing_enabled":true,"_links":{"self":[{"href":"https:\/\/www.mg-modelleisenbahnbau.de\/startseite-2\/wp-json\/wp\/v2\/product\/3294","targetHints":{"allow":["GET"]}}],"collection":[{"href":"https:\/\/www.mg-modelleisenbahnbau.de\/startseite-2\/wp-json\/wp\/v2\/product"}],"about":[{"href":"https:\/\/www.mg-modelleisenbahnbau.de\/startseite-2\/wp-json\/wp\/v2\/types\/product"}],"replies":[{"embeddable":true,"href":"https:\/\/www.mg-modelleisenbahnbau.de\/startseite-2\/wp-json\/wp\/v2\/comments?post=3294"}],"wp:featuredmedia":[{"embeddable":true,"href":"https:\/\/www.mg-modelleisenbahnbau.de\/startseite-2\/wp-json\/wp\/v2\/media\/3295"}],"wp:attachment":[{"href":"https:\/\/www.mg-modelleisenbahnbau.de\/startseite-2\/wp-json\/wp\/v2\/media?parent=3294"}],"wp:term":[{"taxonomy":"product_brand","embeddable":true,"href":"https:\/\/www.mg-modelleisenbahnbau.de\/startseite-2\/wp-json\/wp\/v2\/product_brand?post=3294"},{"taxonomy":"product_cat","embeddable":true,"href":"https:\/\/www.mg-modelleisenbahnbau.de\/startseite-2\/wp-json\/wp\/v2\/product_cat?post=3294"},{"taxonomy":"product_tag","embeddable":true,"href":"https:\/\/www.mg-modelleisenbahnbau.de\/startseite-2\/wp-json\/wp\/v2\/product_tag?post=3294"}],"curies":[{"name":"wp","href":"https:\/\/api.w.org\/{rel}","templated":true}]}}