{"id":3276,"date":"2019-08-20T11:23:17","date_gmt":"2019-08-20T09:23:17","guid":{"rendered":"http:\/\/www.mg-modelleisenbahnbau.de\/?post_type=product&#038;p=3276"},"modified":"2025-06-30T14:51:01","modified_gmt":"2025-06-30T12:51:01","slug":"38734-h0-postamt-in-munderkingen","status":"publish","type":"product","link":"https:\/\/www.mg-modelleisenbahnbau.de\/startseite-2\/produkt\/38734-h0-postamt-in-munderkingen\/","title":{"rendered":"38734 H0 Postamt in Munderkingen"},"content":{"rendered":"<div class=\"content--description\">\n<div class=\"content--title\">Produktinformationen &#8222;H0 Postamt in Munderkingen&#8220;<\/div>\n<div class=\"product--description\">Bausatz. Fein detailliert und auch in moderneren Epochen einsetzbar, wird das Postamt Munderkingen mit seinen beiden angesetzten Erkern zum wundersch\u00f6nen Blickfang auf der Modellbahn. Eine richtige Poststelle darf auf einer Anlage nat\u00fcrlich nicht fehlen. Ob der Briefkasten heute wohl schon geleert wurde? Ma\u00dfe: L 23,5 x B 14 x H 17 cm. Schwierigkeitsgrad: 2 (Fortgeschrittene).<\/div>\n<\/div>\n","protected":false},"excerpt":{"rendered":"<p>Produktinformationen &#8222;H0 Postamt in Munderkingen&#8220; Bausatz. Fein detailliert und auch in moderneren Epochen einsetzbar, wird das Postamt Munderkingen mit seinen beiden angesetzten Erkern zum wundersch\u00f6nen Blickfang auf der Modellbahn. Eine richtige Poststelle darf auf einer Anlage nat\u00fcrlich nicht fehlen. Ob der Briefkasten heute wohl schon geleert wurde? Ma\u00dfe: L 23,5 x B 14 x H&#8230;<\/p>\n","protected":false},"featured_media":3277,"comment_status":"open","ping_status":"closed","template":"","meta":[],"product_brand":[],"product_cat":[214,44,201,38],"product_tag":[292,291],"class_list":{"0":"post-3276","1":"product","2":"type-product","3":"status-publish","4":"has-post-thumbnail","6":"product_cat-dorf-vorstadthaeuser-ho","7":"product_cat-kibri","8":"product_cat-kibri-spur-ho","9":"product_cat-unkategorisiert","10":"product_tag-kein-spielzeug-nicht-geeignet-fuer-kinder-unter-14-jahren","11":"product_tag-warn-und-sicherheitshinweise-modellbauartikel","13":"first","14":"instock","15":"taxable","16":"shipping-taxable","17":"purchasable","18":"product-type-simple"},"jetpack_sharing_enabled":true,"_links":{"self":[{"href":"https:\/\/www.mg-modelleisenbahnbau.de\/startseite-2\/wp-json\/wp\/v2\/product\/3276","targetHints":{"allow":["GET"]}}],"collection":[{"href":"https:\/\/www.mg-modelleisenbahnbau.de\/startseite-2\/wp-json\/wp\/v2\/product"}],"about":[{"href":"https:\/\/www.mg-modelleisenbahnbau.de\/startseite-2\/wp-json\/wp\/v2\/types\/product"}],"replies":[{"embeddable":true,"href":"https:\/\/www.mg-modelleisenbahnbau.de\/startseite-2\/wp-json\/wp\/v2\/comments?post=3276"}],"wp:featuredmedia":[{"embeddable":true,"href":"https:\/\/www.mg-modelleisenbahnbau.de\/startseite-2\/wp-json\/wp\/v2\/media\/3277"}],"wp:attachment":[{"href":"https:\/\/www.mg-modelleisenbahnbau.de\/startseite-2\/wp-json\/wp\/v2\/media?parent=3276"}],"wp:term":[{"taxonomy":"product_brand","embeddable":true,"href":"https:\/\/www.mg-modelleisenbahnbau.de\/startseite-2\/wp-json\/wp\/v2\/product_brand?post=3276"},{"taxonomy":"product_cat","embeddable":true,"href":"https:\/\/www.mg-modelleisenbahnbau.de\/startseite-2\/wp-json\/wp\/v2\/product_cat?post=3276"},{"taxonomy":"product_tag","embeddable":true,"href":"https:\/\/www.mg-modelleisenbahnbau.de\/startseite-2\/wp-json\/wp\/v2\/product_tag?post=3276"}],"curies":[{"name":"wp","href":"https:\/\/api.w.org\/{rel}","templated":true}]}}