{"id":3238,"date":"2019-08-20T10:34:56","date_gmt":"2019-08-20T08:34:56","guid":{"rendered":"http:\/\/www.mg-modelleisenbahnbau.de\/?post_type=product&#038;p=3238"},"modified":"2025-06-30T16:22:03","modified_gmt":"2025-06-30T14:22:03","slug":"38914-h0-stadtmauer-mit-fachwerkturm-in-weil","status":"publish","type":"product","link":"https:\/\/www.mg-modelleisenbahnbau.de\/startseite-2\/produkt\/38914-h0-stadtmauer-mit-fachwerkturm-in-weil\/","title":{"rendered":"38914 H0 Stadtmauer mit Fachwerkturm in Weil"},"content":{"rendered":"<div class=\"content--description\">\n<div class=\"content--title\">Produktinformationen &#8222;H0 Stadtmauer mit Fachwerkturm in Weil&#8220;<\/div>\n<div class=\"product--description\">Bausatz. Die Stadtmauer pr\u00e4gt bis heute als historisches Zeugnis und markantes Wahrzeichen das Stadtbild von Weil der Stadt. Neben gro\u00dfen Teilen der Mauer sind 4 T\u00fcrme und ein Stadttor erhalten. Im Modell wird die Mauer mit Fachwerkturm erg\u00e4nzt durch die Mauer mit Rundturm Art. 38915 und die Mauer mit Kleingarten Art. 38916. Ma\u00dfe: L 29 x B 10 x H 25,5 cm. Schwierigkeitsgrad: 2 (Fortgeschrittene).<\/div>\n<\/div>\n","protected":false},"excerpt":{"rendered":"<p>Produktinformationen &#8222;H0 Stadtmauer mit Fachwerkturm in Weil&#8220; Bausatz. Die Stadtmauer pr\u00e4gt bis heute als historisches Zeugnis und markantes Wahrzeichen das Stadtbild von Weil der Stadt. Neben gro\u00dfen Teilen der Mauer sind 4 T\u00fcrme und ein Stadttor erhalten. Im Modell wird die Mauer mit Fachwerkturm erg\u00e4nzt durch die Mauer mit Rundturm Art. 38915 und die Mauer&#8230;<\/p>\n","protected":false},"featured_media":3239,"comment_status":"open","ping_status":"closed","template":"","meta":[],"product_brand":[],"product_cat":[211,44,201,38],"product_tag":[292,291],"class_list":{"0":"post-3238","1":"product","2":"type-product","3":"status-publish","4":"has-post-thumbnail","6":"product_cat-fachwerkhaeuser-ho","7":"product_cat-kibri","8":"product_cat-kibri-spur-ho","9":"product_cat-unkategorisiert","10":"product_tag-kein-spielzeug-nicht-geeignet-fuer-kinder-unter-14-jahren","11":"product_tag-warn-und-sicherheitshinweise-modellbauartikel","13":"first","14":"instock","15":"taxable","16":"shipping-taxable","17":"purchasable","18":"product-type-simple"},"jetpack_sharing_enabled":true,"_links":{"self":[{"href":"https:\/\/www.mg-modelleisenbahnbau.de\/startseite-2\/wp-json\/wp\/v2\/product\/3238","targetHints":{"allow":["GET"]}}],"collection":[{"href":"https:\/\/www.mg-modelleisenbahnbau.de\/startseite-2\/wp-json\/wp\/v2\/product"}],"about":[{"href":"https:\/\/www.mg-modelleisenbahnbau.de\/startseite-2\/wp-json\/wp\/v2\/types\/product"}],"replies":[{"embeddable":true,"href":"https:\/\/www.mg-modelleisenbahnbau.de\/startseite-2\/wp-json\/wp\/v2\/comments?post=3238"}],"wp:featuredmedia":[{"embeddable":true,"href":"https:\/\/www.mg-modelleisenbahnbau.de\/startseite-2\/wp-json\/wp\/v2\/media\/3239"}],"wp:attachment":[{"href":"https:\/\/www.mg-modelleisenbahnbau.de\/startseite-2\/wp-json\/wp\/v2\/media?parent=3238"}],"wp:term":[{"taxonomy":"product_brand","embeddable":true,"href":"https:\/\/www.mg-modelleisenbahnbau.de\/startseite-2\/wp-json\/wp\/v2\/product_brand?post=3238"},{"taxonomy":"product_cat","embeddable":true,"href":"https:\/\/www.mg-modelleisenbahnbau.de\/startseite-2\/wp-json\/wp\/v2\/product_cat?post=3238"},{"taxonomy":"product_tag","embeddable":true,"href":"https:\/\/www.mg-modelleisenbahnbau.de\/startseite-2\/wp-json\/wp\/v2\/product_tag?post=3238"}],"curies":[{"name":"wp","href":"https:\/\/api.w.org\/{rel}","templated":true}]}}