{"id":3228,"date":"2019-08-20T10:17:11","date_gmt":"2019-08-20T08:17:11","guid":{"rendered":"http:\/\/www.mg-modelleisenbahnbau.de\/?post_type=product&#038;p=3228"},"modified":"2025-06-30T15:05:55","modified_gmt":"2025-06-30T13:05:55","slug":"38902-h0-haus-mit-erker-in-miltenberg","status":"publish","type":"product","link":"https:\/\/www.mg-modelleisenbahnbau.de\/startseite-2\/produkt\/38902-h0-haus-mit-erker-in-miltenberg\/","title":{"rendered":"38902 H0 Haus mit Erker in Miltenberg"},"content":{"rendered":"<div class=\"content--description\">\n<div class=\"content--title\">Produktinformationen &#8222;H0 Haus mit Erker in Miltenberg&#8220;<\/div>\n<div class=\"product--description\">Bausatz. Die besondere Eigenart und die reiche Vielfalt der fr\u00e4nkischen Fachwerkbauten gipfeln in den ausgew\u00e4hlten H\u00e4usern am Marktplatz von Miltenberg am Main. Die Originale sind am Anfang des 16. Jahrhunderts entstanden. In ihrem Gleichklang von Zweckm\u00e4\u00dfigkeit und harmonischem Aufbau unterscheiden sich die vier H\u00e4user wohltuend von manchen anderen Geb\u00e4uden. Bei h\u00e4ufig eng gezogenen Grundst\u00fccksgrenzen in mittelalterlichen St\u00e4dten blieb den Erbauern nur in der Vertikalen eine hinreichende Ausdehnungsm\u00f6glichkeit. Charakteristisch f\u00fcr die fr\u00e4nkische Fachwerkbauweise ist die schmale St\u00e4nderordnung der Fachwerkkonstruktion und die auff\u00e4llige Betonung der vertikalen Gef\u00fcgeelemente. Das Miltenberger Ensemble von kibri besteht aus 4 harmonisch gestalteten Fachwerkbauten. Neben dem Haus mit Erker gibt es das Torhaus Art. 38901, das Fachwerk-Eckhaus Art. 38904 und das Fachwerkhaus am Markt Art. 38903. Die H\u00f6lzer zeigen im Modell braune und rotbraune Farben in unterschiedlichen T\u00f6nungen, die den Kontrast zu den hellen, meist wei\u00dfen Gefachen betonen. Das kommt besonders im gew\u00e4hlten H0-Ma\u00dfstab zur Geltung. Die Miltenberger H\u00e4user lassen sich sehr wirkungsvoll mit bereits vorhandenen Stadth\u00e4usern von kibri kombinieren. Mit Stecksystem. Hergestellt im Zweifarben-Spritzgie\u00dfverfahren. Ma\u00dfe: L 15 x B 11 x H 20,5 cm. Schwierigkeitsgrad: 2 (Fortgeschrittene).<\/div>\n<\/div>\n","protected":false},"excerpt":{"rendered":"<p>Produktinformationen &#8222;H0 Haus mit Erker in Miltenberg&#8220; Bausatz. Die besondere Eigenart und die reiche Vielfalt der fr\u00e4nkischen Fachwerkbauten gipfeln in den ausgew\u00e4hlten H\u00e4usern am Marktplatz von Miltenberg am Main. Die Originale sind am Anfang des 16. Jahrhunderts entstanden. In ihrem Gleichklang von Zweckm\u00e4\u00dfigkeit und harmonischem Aufbau unterscheiden sich die vier H\u00e4user wohltuend von manchen anderen&#8230;<\/p>\n","protected":false},"featured_media":3229,"comment_status":"open","ping_status":"closed","template":"","meta":[],"product_brand":[],"product_cat":[211,44,201,38],"product_tag":[292,291],"class_list":{"0":"post-3228","1":"product","2":"type-product","3":"status-publish","4":"has-post-thumbnail","6":"product_cat-fachwerkhaeuser-ho","7":"product_cat-kibri","8":"product_cat-kibri-spur-ho","9":"product_cat-unkategorisiert","10":"product_tag-kein-spielzeug-nicht-geeignet-fuer-kinder-unter-14-jahren","11":"product_tag-warn-und-sicherheitshinweise-modellbauartikel","13":"first","14":"instock","15":"taxable","16":"shipping-taxable","17":"purchasable","18":"product-type-simple"},"jetpack_sharing_enabled":true,"_links":{"self":[{"href":"https:\/\/www.mg-modelleisenbahnbau.de\/startseite-2\/wp-json\/wp\/v2\/product\/3228","targetHints":{"allow":["GET"]}}],"collection":[{"href":"https:\/\/www.mg-modelleisenbahnbau.de\/startseite-2\/wp-json\/wp\/v2\/product"}],"about":[{"href":"https:\/\/www.mg-modelleisenbahnbau.de\/startseite-2\/wp-json\/wp\/v2\/types\/product"}],"replies":[{"embeddable":true,"href":"https:\/\/www.mg-modelleisenbahnbau.de\/startseite-2\/wp-json\/wp\/v2\/comments?post=3228"}],"wp:featuredmedia":[{"embeddable":true,"href":"https:\/\/www.mg-modelleisenbahnbau.de\/startseite-2\/wp-json\/wp\/v2\/media\/3229"}],"wp:attachment":[{"href":"https:\/\/www.mg-modelleisenbahnbau.de\/startseite-2\/wp-json\/wp\/v2\/media?parent=3228"}],"wp:term":[{"taxonomy":"product_brand","embeddable":true,"href":"https:\/\/www.mg-modelleisenbahnbau.de\/startseite-2\/wp-json\/wp\/v2\/product_brand?post=3228"},{"taxonomy":"product_cat","embeddable":true,"href":"https:\/\/www.mg-modelleisenbahnbau.de\/startseite-2\/wp-json\/wp\/v2\/product_cat?post=3228"},{"taxonomy":"product_tag","embeddable":true,"href":"https:\/\/www.mg-modelleisenbahnbau.de\/startseite-2\/wp-json\/wp\/v2\/product_tag?post=3228"}],"curies":[{"name":"wp","href":"https:\/\/api.w.org\/{rel}","templated":true}]}}