{"id":3224,"date":"2019-08-20T10:12:57","date_gmt":"2019-08-20T08:12:57","guid":{"rendered":"http:\/\/www.mg-modelleisenbahnbau.de\/?post_type=product&#038;p=3224"},"modified":"2025-06-30T15:05:54","modified_gmt":"2025-06-30T13:05:54","slug":"38900-h0-rathaus-alsfeld","status":"publish","type":"product","link":"https:\/\/www.mg-modelleisenbahnbau.de\/startseite-2\/produkt\/38900-h0-rathaus-alsfeld\/","title":{"rendered":"38900 H0 Rathaus Alsfeld"},"content":{"rendered":"<div class=\"content--description\">\n<div class=\"content--title\">Produktinformationen &#8222;H0 Rathaus Alsfeld&#8220;<\/div>\n<div class=\"product--description\">Bausatz. Mit dem Rathaus Alsfeld rundet kibri die Serie der Fachwerkh\u00e4user ab. Der Bau des Rathauses in Alsfeld wurde im Jahr 1512 begonnen. 1883 wurden die zugemauerten Arkaden freigelegt, 1887\/88 die T\u00fcrme auf der Vorderseite aufgesetzt, 1910\/11 eine Generalrenovierung durchgef\u00fchrt und 1967\/68 auch die T\u00fcrme auf der R\u00fcckseite wieder angebracht. Nach seiner vollst\u00e4ndigen Restaurierung ist das Rathaus ein hervorragendes Beispiel denkmalpflegerischer T\u00e4tigkeit in Alsfeld, Ma\u00dfstab f\u00fcr die Liebe der B\u00fcrger zu ihrer Stadt und f\u00fcr die Einstellung der Gremien in Frage der Altstadterhaltung. Es ist das unverwechselbare Wahrzeichen Alsfelds. Der Gesamtaufbau stellt eine sehr gelungene Verbindung von Steinarchitektur und Holzbau dar. Mit Stecksystem. Hergestellt im Zweifarben-Spritzgie\u00dfverfahren. Ma\u00dfe: L 16 x B 16 x H 27 cm. Schwierigkeitsgrad: 2 (Fortgeschrittene).<\/div>\n<\/div>\n","protected":false},"excerpt":{"rendered":"<p>Produktinformationen &#8222;H0 Rathaus Alsfeld&#8220; Bausatz. Mit dem Rathaus Alsfeld rundet kibri die Serie der Fachwerkh\u00e4user ab. Der Bau des Rathauses in Alsfeld wurde im Jahr 1512 begonnen. 1883 wurden die zugemauerten Arkaden freigelegt, 1887\/88 die T\u00fcrme auf der Vorderseite aufgesetzt, 1910\/11 eine Generalrenovierung durchgef\u00fchrt und 1967\/68 auch die T\u00fcrme auf der R\u00fcckseite wieder angebracht. Nach&#8230;<\/p>\n","protected":false},"featured_media":3225,"comment_status":"open","ping_status":"closed","template":"","meta":[],"product_brand":[],"product_cat":[211,44,201,38],"product_tag":[292,291],"class_list":{"0":"post-3224","1":"product","2":"type-product","3":"status-publish","4":"has-post-thumbnail","6":"product_cat-fachwerkhaeuser-ho","7":"product_cat-kibri","8":"product_cat-kibri-spur-ho","9":"product_cat-unkategorisiert","10":"product_tag-kein-spielzeug-nicht-geeignet-fuer-kinder-unter-14-jahren","11":"product_tag-warn-und-sicherheitshinweise-modellbauartikel","13":"first","14":"instock","15":"taxable","16":"shipping-taxable","17":"purchasable","18":"product-type-simple"},"jetpack_sharing_enabled":true,"_links":{"self":[{"href":"https:\/\/www.mg-modelleisenbahnbau.de\/startseite-2\/wp-json\/wp\/v2\/product\/3224","targetHints":{"allow":["GET"]}}],"collection":[{"href":"https:\/\/www.mg-modelleisenbahnbau.de\/startseite-2\/wp-json\/wp\/v2\/product"}],"about":[{"href":"https:\/\/www.mg-modelleisenbahnbau.de\/startseite-2\/wp-json\/wp\/v2\/types\/product"}],"replies":[{"embeddable":true,"href":"https:\/\/www.mg-modelleisenbahnbau.de\/startseite-2\/wp-json\/wp\/v2\/comments?post=3224"}],"wp:featuredmedia":[{"embeddable":true,"href":"https:\/\/www.mg-modelleisenbahnbau.de\/startseite-2\/wp-json\/wp\/v2\/media\/3225"}],"wp:attachment":[{"href":"https:\/\/www.mg-modelleisenbahnbau.de\/startseite-2\/wp-json\/wp\/v2\/media?parent=3224"}],"wp:term":[{"taxonomy":"product_brand","embeddable":true,"href":"https:\/\/www.mg-modelleisenbahnbau.de\/startseite-2\/wp-json\/wp\/v2\/product_brand?post=3224"},{"taxonomy":"product_cat","embeddable":true,"href":"https:\/\/www.mg-modelleisenbahnbau.de\/startseite-2\/wp-json\/wp\/v2\/product_cat?post=3224"},{"taxonomy":"product_tag","embeddable":true,"href":"https:\/\/www.mg-modelleisenbahnbau.de\/startseite-2\/wp-json\/wp\/v2\/product_tag?post=3224"}],"curies":[{"name":"wp","href":"https:\/\/api.w.org\/{rel}","templated":true}]}}