{"id":3151,"date":"2019-08-19T10:34:17","date_gmt":"2019-08-19T08:34:17","guid":{"rendered":"http:\/\/www.mg-modelleisenbahnbau.de\/?post_type=product&#038;p=3151"},"modified":"2025-06-30T16:37:14","modified_gmt":"2025-06-30T14:37:14","slug":"39210-h0-feuerwehrhaus-bahlburg-lueneburg-mit-fahrzeug-ford-fk-2500","status":"publish","type":"product","link":"https:\/\/www.mg-modelleisenbahnbau.de\/startseite-2\/produkt\/39210-h0-feuerwehrhaus-bahlburg-lueneburg-mit-fahrzeug-ford-fk-2500\/","title":{"rendered":"39210 H0 Feuerwehrhaus Bahlburg-L\u00fcneburg mit Fahrzeug Ford FK 2500"},"content":{"rendered":"<div class=\"content--description\">\n<div class=\"content--title\">Produktinformationen &#8222;H0 Feuerwehrhaus Bahlburg-L\u00fcneburg mit Fahrzeug Ford FK 2500&#8220;<\/div>\n<div class=\"product--description\">Bausatz. In Anwesenheit der Aktiven der Freiwilligen Feuerwehr Bahlburg (Winsen\/Luhe) \u00fcberreichte der damalige Chef des Hauses kibri, Dipl.-Ing. Rudolf Gu\u00dfmann, das erste Modell des Feuerwehrger\u00e4tehauses von Bahlburg an Ortsbrandmeister Wilhelm Maack. 1987 fand dieser Zweckbau aus roten Ziegelsteinen auf der Spielwarenmesse N\u00fcrnberg auf Anhieb Anerkennung und Bewunderung. Als Einstellplatz mit Schlauchtrockenturm, ausgelegt f\u00fcr ein L\u00f6schfahrzeug LF8, ist es ein typischer Vertreter dieser Gattung nicht nur im norddeutschen Raum. Kibri hat nicht nur dieses markante Geb\u00e4ude nachgebildet, sondern ebenso das LF 8, das ebenfalls in Bahlburg im Einsatz war: Ein Ford V 8 von 1960 mit Vorbaupumpe. Dieses Fahrzeug diente urspr\u00fcnglich der Freiwilligen Feuerwehr Winsen und wurde danach der Feuerwehr Bahlburg \u00fcbergeben. Das Feuerwehrger\u00e4tehaus von Bahlburg wurde nach Pl\u00e4nen des Winsener Architekturb\u00fcros Juraschek 1952 errichtet, und zwar unmittelbar an der Br\u00fccke \u00fcber die Aue, an deren Ufer noch bis vor wenigen Jahren nach jedem Brandeinsatz die Schl\u00e4uche gewaschen wurden. Den Turm ziert nach drei Seiten das Zifferblatt der Uhr, an der r\u00fcckw\u00e4rtigen Seite h\u00e4ngt eine Stundenglocke. \u00dcber dem Eingang befindet sich das Wappen der Gemeinde Bahlburg, die heute ein Ortsteil von Winsen\/Luhe ist. Das Modell zeigt das Geb\u00e4ude in seinem urspr\u00fcnglichen Zustand. Es wurde sp\u00e4ter um einen quergestellten Schulungsraum mit Toiletten erg\u00e4nzt. Ma\u00dfe: Geb\u00e4ude: L 11 x B 12 x H 18 cm. Fahrzeug: L 7,5 x B 3 x H 3 cm. Schwierigkeitsgrad: 2 (Fortgeschrittene).<\/div>\n<\/div>\n","protected":false},"excerpt":{"rendered":"<p>Produktinformationen &#8222;H0 Feuerwehrhaus Bahlburg-L\u00fcneburg mit Fahrzeug Ford FK 2500&#8220; Bausatz. In Anwesenheit der Aktiven der Freiwilligen Feuerwehr Bahlburg (Winsen\/Luhe) \u00fcberreichte der damalige Chef des Hauses kibri, Dipl.-Ing. Rudolf Gu\u00dfmann, das erste Modell des Feuerwehrger\u00e4tehauses von Bahlburg an Ortsbrandmeister Wilhelm Maack. 1987 fand dieser Zweckbau aus roten Ziegelsteinen auf der Spielwarenmesse N\u00fcrnberg auf Anhieb Anerkennung und&#8230;<\/p>\n","protected":false},"featured_media":3152,"comment_status":"open","ping_status":"closed","template":"","meta":[],"product_brand":[],"product_cat":[44,201,209,38],"product_tag":[292,291],"class_list":{"0":"post-3151","1":"product","2":"type-product","3":"status-publish","4":"has-post-thumbnail","6":"product_cat-kibri","7":"product_cat-kibri-spur-ho","8":"product_cat-thw-feuerwehrhaeser-ho","9":"product_cat-unkategorisiert","10":"product_tag-kein-spielzeug-nicht-geeignet-fuer-kinder-unter-14-jahren","11":"product_tag-warn-und-sicherheitshinweise-modellbauartikel","13":"first","14":"instock","15":"taxable","16":"shipping-taxable","17":"purchasable","18":"product-type-simple"},"jetpack_sharing_enabled":true,"_links":{"self":[{"href":"https:\/\/www.mg-modelleisenbahnbau.de\/startseite-2\/wp-json\/wp\/v2\/product\/3151","targetHints":{"allow":["GET"]}}],"collection":[{"href":"https:\/\/www.mg-modelleisenbahnbau.de\/startseite-2\/wp-json\/wp\/v2\/product"}],"about":[{"href":"https:\/\/www.mg-modelleisenbahnbau.de\/startseite-2\/wp-json\/wp\/v2\/types\/product"}],"replies":[{"embeddable":true,"href":"https:\/\/www.mg-modelleisenbahnbau.de\/startseite-2\/wp-json\/wp\/v2\/comments?post=3151"}],"wp:featuredmedia":[{"embeddable":true,"href":"https:\/\/www.mg-modelleisenbahnbau.de\/startseite-2\/wp-json\/wp\/v2\/media\/3152"}],"wp:attachment":[{"href":"https:\/\/www.mg-modelleisenbahnbau.de\/startseite-2\/wp-json\/wp\/v2\/media?parent=3151"}],"wp:term":[{"taxonomy":"product_brand","embeddable":true,"href":"https:\/\/www.mg-modelleisenbahnbau.de\/startseite-2\/wp-json\/wp\/v2\/product_brand?post=3151"},{"taxonomy":"product_cat","embeddable":true,"href":"https:\/\/www.mg-modelleisenbahnbau.de\/startseite-2\/wp-json\/wp\/v2\/product_cat?post=3151"},{"taxonomy":"product_tag","embeddable":true,"href":"https:\/\/www.mg-modelleisenbahnbau.de\/startseite-2\/wp-json\/wp\/v2\/product_tag?post=3151"}],"curies":[{"name":"wp","href":"https:\/\/api.w.org\/{rel}","templated":true}]}}