{"id":3144,"date":"2019-08-19T10:26:13","date_gmt":"2019-08-19T08:26:13","guid":{"rendered":"http:\/\/www.mg-modelleisenbahnbau.de\/?post_type=product&#038;p=3144"},"modified":"2025-06-30T12:47:14","modified_gmt":"2025-06-30T10:47:14","slug":"38136-h0-garagen-fuer-4-lkw","status":"publish","type":"product","link":"https:\/\/www.mg-modelleisenbahnbau.de\/startseite-2\/produkt\/38136-h0-garagen-fuer-4-lkw\/","title":{"rendered":"38136 H0 Garagen f\u00fcr 4 LKW"},"content":{"rendered":"<div class=\"content--description\">\n<div class=\"content--title\">Produktinformationen &#8222;H0 Garagen f\u00fcr 4 LKW&#8220;<\/div>\n<div class=\"product--description\">Bausatz. Dieser moderne Garagenbau bietet eine ansprechende Unterbringung f\u00fcr mindestens 4 Lastwagen oder Baumaschinen. Das Geb\u00e4ude eignet sich hervorragend zur Inszenierung von Betriebsh\u00f6fen der Transport- und Bauunternehmen, kommunalen Bauh\u00f6fen u.a. Die 4 breiten Rolltor-Nachbildungen erlauben auch das Einfahren von Lastwagen mit Plane. Die Innenl\u00e4nge reicht aus f\u00fcr ein ca. 8 cm langes Fahrzeug. Mit Stecksystem. Ma\u00dfe: L 33 x B 12 x H 8,7 cm. Schwierigkeitsgrad: 2 (Fortgeschrittene).<\/div>\n<\/div>\n","protected":false},"excerpt":{"rendered":"<p>Produktinformationen &#8222;H0 Garagen f\u00fcr 4 LKW&#8220; Bausatz. Dieser moderne Garagenbau bietet eine ansprechende Unterbringung f\u00fcr mindestens 4 Lastwagen oder Baumaschinen. Das Geb\u00e4ude eignet sich hervorragend zur Inszenierung von Betriebsh\u00f6fen der Transport- und Bauunternehmen, kommunalen Bauh\u00f6fen u.a. Die 4 breiten Rolltor-Nachbildungen erlauben auch das Einfahren von Lastwagen mit Plane. Die Innenl\u00e4nge reicht aus f\u00fcr ein ca&#8230;.<\/p>\n","protected":false},"featured_media":3145,"comment_status":"open","ping_status":"closed","template":"","meta":[],"product_brand":[],"product_cat":[44,201,209,38],"product_tag":[292,291],"class_list":{"0":"post-3144","1":"product","2":"type-product","3":"status-publish","4":"has-post-thumbnail","6":"product_cat-kibri","7":"product_cat-kibri-spur-ho","8":"product_cat-thw-feuerwehrhaeser-ho","9":"product_cat-unkategorisiert","10":"product_tag-kein-spielzeug-nicht-geeignet-fuer-kinder-unter-14-jahren","11":"product_tag-warn-und-sicherheitshinweise-modellbauartikel","13":"first","14":"instock","15":"taxable","16":"shipping-taxable","17":"purchasable","18":"product-type-simple"},"jetpack_sharing_enabled":true,"_links":{"self":[{"href":"https:\/\/www.mg-modelleisenbahnbau.de\/startseite-2\/wp-json\/wp\/v2\/product\/3144","targetHints":{"allow":["GET"]}}],"collection":[{"href":"https:\/\/www.mg-modelleisenbahnbau.de\/startseite-2\/wp-json\/wp\/v2\/product"}],"about":[{"href":"https:\/\/www.mg-modelleisenbahnbau.de\/startseite-2\/wp-json\/wp\/v2\/types\/product"}],"replies":[{"embeddable":true,"href":"https:\/\/www.mg-modelleisenbahnbau.de\/startseite-2\/wp-json\/wp\/v2\/comments?post=3144"}],"wp:featuredmedia":[{"embeddable":true,"href":"https:\/\/www.mg-modelleisenbahnbau.de\/startseite-2\/wp-json\/wp\/v2\/media\/3145"}],"wp:attachment":[{"href":"https:\/\/www.mg-modelleisenbahnbau.de\/startseite-2\/wp-json\/wp\/v2\/media?parent=3144"}],"wp:term":[{"taxonomy":"product_brand","embeddable":true,"href":"https:\/\/www.mg-modelleisenbahnbau.de\/startseite-2\/wp-json\/wp\/v2\/product_brand?post=3144"},{"taxonomy":"product_cat","embeddable":true,"href":"https:\/\/www.mg-modelleisenbahnbau.de\/startseite-2\/wp-json\/wp\/v2\/product_cat?post=3144"},{"taxonomy":"product_tag","embeddable":true,"href":"https:\/\/www.mg-modelleisenbahnbau.de\/startseite-2\/wp-json\/wp\/v2\/product_tag?post=3144"}],"curies":[{"name":"wp","href":"https:\/\/api.w.org\/{rel}","templated":true}]}}